{"id":14776,"date":"2025-02-17T17:49:18","date_gmt":"2025-02-17T14:49:18","guid":{"rendered":"https:\/\/ceoparts.com\/?post_type=product&#038;p=14776"},"modified":"2026-05-16T17:29:02","modified_gmt":"2026-05-16T14:29:02","slug":"bt-lpe200-gogus-kapagi-7530300","status":"publish","type":"product","link":"https:\/\/ceoparts.com\/es\/urun\/bt-lpe200-gogus-kapagi-7530300\/","title":{"rendered":"BT LPE200 Cubierta del chasis &#8211; 7530300"},"content":{"rendered":"<p>BT LPE200 Cubierta del chasis &#8211; 7530300<\/p>","protected":false},"excerpt":{"rendered":"<p data-start=\"0\" data-end=\"271\"><br data-start=\"3513\" data-end=\"3516\" \/>La <strong data-start=\"3519\" data-end=\"3549\">cubierta frontal BT LPE200<\/strong> utilizada en carretillas elevadoras es una tapa funcional y resistente que protege la parte frontal de la carretilla contra factores externos. Su estructura robusta ofrece un rendimiento duradero frente a impactos y entornos de trabajo exigentes.<\/p>\n<p data-start=\"3798\" data-end=\"4132\"><strong data-start=\"3798\" data-end=\"3818\">Caracter\u00edsticas:<\/strong><br data-start=\"3818\" data-end=\"3821\" \/><strong data-start=\"3821\" data-end=\"3845\">Nombre del producto:<\/strong> Cubierta frontal BT LPE200<br data-start=\"3872\" data-end=\"3875\" \/><strong data-start=\"3875\" data-end=\"3895\">N\u00famero de pieza:<\/strong> 7530300<br data-start=\"3903\" data-end=\"3906\" \/><strong data-start=\"3906\" data-end=\"3919\">Material:<\/strong> Pl\u00e1stico de alta resistencia<br data-start=\"3948\" data-end=\"3951\" \/><strong data-start=\"3951\" data-end=\"3967\">\u00c1rea de uso:<\/strong> Sistemas de protecci\u00f3n del panel frontal para carretillas BT LPE200<br data-start=\"4035\" data-end=\"4038\" \/><strong data-start=\"4038\" data-end=\"4050\">Ventaja:<\/strong> Estructura resistente, f\u00e1cil instalaci\u00f3n, protecci\u00f3n frente a factores externos<\/p>\n","protected":false},"featured_media":14779,"template":"","meta":[],"product_brand":[],"product_cat":[251,472,518],"product_tag":[],"class_list":{"0":"post-14776","1":"product","2":"type-product","3":"status-publish","4":"has-post-thumbnail","6":"product_cat-bt","7":"product_cat-kaporta-aksami","8":"product_cat-yedek-parca-bt","10":"first","11":"instock","12":"taxable","13":"shipping-taxable","14":"purchasable","15":"product-type-simple"},"_links":{"self":[{"href":"https:\/\/ceoparts.com\/es\/wp-json\/wp\/v2\/product\/14776","targetHints":{"allow":["GET"]}}],"collection":[{"href":"https:\/\/ceoparts.com\/es\/wp-json\/wp\/v2\/product"}],"about":[{"href":"https:\/\/ceoparts.com\/es\/wp-json\/wp\/v2\/types\/product"}],"wp:featuredmedia":[{"embeddable":true,"href":"https:\/\/ceoparts.com\/es\/wp-json\/wp\/v2\/media\/14779"}],"wp:attachment":[{"href":"https:\/\/ceoparts.com\/es\/wp-json\/wp\/v2\/media?parent=14776"}],"wp:term":[{"taxonomy":"product_brand","embeddable":true,"href":"https:\/\/ceoparts.com\/es\/wp-json\/wp\/v2\/product_brand?post=14776"},{"taxonomy":"product_cat","embeddable":true,"href":"https:\/\/ceoparts.com\/es\/wp-json\/wp\/v2\/product_cat?post=14776"},{"taxonomy":"product_tag","embeddable":true,"href":"https:\/\/ceoparts.com\/es\/wp-json\/wp\/v2\/product_tag?post=14776"}],"curies":[{"name":"wp","href":"https:\/\/api.w.org\/{rel}","templated":true}]}}