{"id":14786,"date":"2025-02-18T08:55:19","date_gmt":"2025-02-18T05:55:19","guid":{"rendered":"https:\/\/ceoparts.com\/?post_type=product&#038;p=14786"},"modified":"2026-05-16T17:28:11","modified_gmt":"2026-05-16T14:28:11","slug":"linde-on-kapak-11514322900","status":"publish","type":"product","link":"https:\/\/ceoparts.com\/es\/urun\/linde-on-kapak-11514322900\/","title":{"rendered":"Linde Cubierta frontal &#8211; 11514322900"},"content":{"rendered":"<p>Linde Cubierta frontal &#8211; 11514322900<\/p>","protected":false},"excerpt":{"rendered":"<p data-start=\"0\" data-end=\"305\"><br data-start=\"3754\" data-end=\"3757\" \/>La <strong data-start=\"3760\" data-end=\"3796\">tapa delantera Linde 11514322900<\/strong> es una tapa resistente y de alta calidad utilizada para proteger la parte delantera de la carretilla elevadora. Su construcci\u00f3n robusta proporciona protecci\u00f3n contra factores externos y mejora el rendimiento y la durabilidad de la carretilla. F\u00e1cil de instalar, permite un reemplazo r\u00e1pido.<\/p>\n<p data-start=\"4089\" data-end=\"4410\" data-is-last-node=\"\" data-is-only-node=\"\"><strong data-start=\"4089\" data-end=\"4109\">Caracter\u00edsticas:<\/strong><br data-start=\"4109\" data-end=\"4112\" \/><strong data-start=\"4112\" data-end=\"4136\">Nombre del producto:<\/strong> Tapa delantera Linde<br data-start=\"4157\" data-end=\"4160\" \/><strong data-start=\"4160\" data-end=\"4180\">N\u00famero de pieza:<\/strong> 11514322900<br data-start=\"4192\" data-end=\"4195\" \/><strong data-start=\"4195\" data-end=\"4208\">Material:<\/strong> Componentes duraderos de metal y pl\u00e1stico<br data-start=\"4250\" data-end=\"4253\" \/><strong data-start=\"4253\" data-end=\"4269\">\u00c1rea de uso:<\/strong> Parte delantera de carretillas elevadoras Linde<br data-start=\"4317\" data-end=\"4320\" \/><strong data-start=\"4320\" data-end=\"4332\">Ventaja:<\/strong> Construcci\u00f3n duradera, protecci\u00f3n contra factores externos, f\u00e1cil instalaci\u00f3n<\/p>\n","protected":false},"featured_media":14787,"template":"","meta":[],"product_brand":[],"product_cat":[246,472,523],"product_tag":[],"class_list":{"0":"post-14786","1":"product","2":"type-product","3":"status-publish","4":"has-post-thumbnail","6":"product_cat-linde","7":"product_cat-kaporta-aksami","8":"product_cat-yedek-parca-linde","10":"first","11":"instock","12":"taxable","13":"shipping-taxable","14":"purchasable","15":"product-type-simple"},"_links":{"self":[{"href":"https:\/\/ceoparts.com\/es\/wp-json\/wp\/v2\/product\/14786","targetHints":{"allow":["GET"]}}],"collection":[{"href":"https:\/\/ceoparts.com\/es\/wp-json\/wp\/v2\/product"}],"about":[{"href":"https:\/\/ceoparts.com\/es\/wp-json\/wp\/v2\/types\/product"}],"wp:featuredmedia":[{"embeddable":true,"href":"https:\/\/ceoparts.com\/es\/wp-json\/wp\/v2\/media\/14787"}],"wp:attachment":[{"href":"https:\/\/ceoparts.com\/es\/wp-json\/wp\/v2\/media?parent=14786"}],"wp:term":[{"taxonomy":"product_brand","embeddable":true,"href":"https:\/\/ceoparts.com\/es\/wp-json\/wp\/v2\/product_brand?post=14786"},{"taxonomy":"product_cat","embeddable":true,"href":"https:\/\/ceoparts.com\/es\/wp-json\/wp\/v2\/product_cat?post=14786"},{"taxonomy":"product_tag","embeddable":true,"href":"https:\/\/ceoparts.com\/es\/wp-json\/wp\/v2\/product_tag?post=14786"}],"curies":[{"name":"wp","href":"https:\/\/api.w.org\/{rel}","templated":true}]}}