{"id":14791,"date":"2025-02-18T09:10:31","date_gmt":"2025-02-18T06:10:31","guid":{"rendered":"https:\/\/ceoparts.com\/?post_type=product&#038;p=14791"},"modified":"2026-05-16T19:52:14","modified_gmt":"2026-05-16T16:52:14","slug":"toyota-bt-lwe200-aku-ust-kapak-256124001","status":"publish","type":"product","link":"https:\/\/ceoparts.com\/es\/urun\/toyota-bt-lwe200-aku-ust-kapak-256124001\/","title":{"rendered":"Toyota BT \/ LPE200 Cubierta superior de la bater\u00eda \u2013 256124001"},"content":{"rendered":"<p>Toyota BT \/ LPE200 Cubierta superior de la bater\u00eda \u2013 256124001<\/p>","protected":false},"excerpt":{"rendered":"<p data-start=\"0\" data-end=\"267\"><br data-start=\"3580\" data-end=\"3583\" \/>La <strong data-start=\"3586\" data-end=\"3643\">tapa superior de bater\u00eda Toyota BT \/ LPE200 256124001<\/strong> es una tapa resistente y de alta calidad dise\u00f1ada para proteger la bater\u00eda de la carretilla elevadora. Su construcci\u00f3n robusta garantiza la seguridad de la bater\u00eda, protege contra factores externos y permite una f\u00e1cil instalaci\u00f3n.<\/p>\n<p data-start=\"3876\" data-end=\"4210\" data-is-last-node=\"\" data-is-only-node=\"\"><strong data-start=\"3876\" data-end=\"3896\">Caracter\u00edsticas:<\/strong><br data-start=\"3896\" data-end=\"3899\" \/><strong data-start=\"3899\" data-end=\"3923\">Nombre del producto:<\/strong> Tapa superior de bater\u00eda Toyota BT \/ LPE200<br data-start=\"3967\" data-end=\"3970\" \/><strong data-start=\"3970\" data-end=\"3990\">N\u00famero de pieza:<\/strong> 256124001<br data-start=\"4000\" data-end=\"4003\" \/><strong data-start=\"4003\" data-end=\"4016\">Material:<\/strong> Componentes duraderos de pl\u00e1stico y metal<br data-start=\"4058\" data-end=\"4061\" \/><strong data-start=\"4061\" data-end=\"4077\">\u00c1rea de uso:<\/strong> Sistemas de bater\u00eda para carretillas Toyota BT LPE200<br data-start=\"4131\" data-end=\"4134\" \/><strong data-start=\"4134\" data-end=\"4146\">Ventaja:<\/strong> Protecci\u00f3n de bater\u00eda, construcci\u00f3n duradera, f\u00e1cil instalaci\u00f3n<\/p>\n","protected":false},"featured_media":14792,"template":"","meta":[],"product_brand":[],"product_cat":[251,472,518,521,530],"product_tag":[],"class_list":{"0":"post-14791","1":"product","2":"type-product","3":"status-publish","4":"has-post-thumbnail","6":"product_cat-bt","7":"product_cat-kaporta-aksami","8":"product_cat-yedek-parca-bt","9":"product_cat-toyota","10":"product_cat-yedek-parca-toyota","12":"first","13":"instock","14":"taxable","15":"shipping-taxable","16":"purchasable","17":"product-type-simple"},"_links":{"self":[{"href":"https:\/\/ceoparts.com\/es\/wp-json\/wp\/v2\/product\/14791","targetHints":{"allow":["GET"]}}],"collection":[{"href":"https:\/\/ceoparts.com\/es\/wp-json\/wp\/v2\/product"}],"about":[{"href":"https:\/\/ceoparts.com\/es\/wp-json\/wp\/v2\/types\/product"}],"wp:featuredmedia":[{"embeddable":true,"href":"https:\/\/ceoparts.com\/es\/wp-json\/wp\/v2\/media\/14792"}],"wp:attachment":[{"href":"https:\/\/ceoparts.com\/es\/wp-json\/wp\/v2\/media?parent=14791"}],"wp:term":[{"taxonomy":"product_brand","embeddable":true,"href":"https:\/\/ceoparts.com\/es\/wp-json\/wp\/v2\/product_brand?post=14791"},{"taxonomy":"product_cat","embeddable":true,"href":"https:\/\/ceoparts.com\/es\/wp-json\/wp\/v2\/product_cat?post=14791"},{"taxonomy":"product_tag","embeddable":true,"href":"https:\/\/ceoparts.com\/es\/wp-json\/wp\/v2\/product_tag?post=14791"}],"curies":[{"name":"wp","href":"https:\/\/api.w.org\/{rel}","templated":true}]}}