{"id":14884,"date":"2025-02-18T16:10:50","date_gmt":"2025-02-18T13:10:50","guid":{"rendered":"https:\/\/ceoparts.com\/?post_type=product&#038;p=14884"},"modified":"2026-05-16T14:03:04","modified_gmt":"2026-05-16T11:03:04","slug":"altigen-anahtarli-akulu-su-tabancasi","status":"publish","type":"product","link":"https:\/\/ceoparts.com\/es\/urun\/altigen-anahtarli-akulu-su-tabancasi\/","title":{"rendered":"Pistola de agua a bater\u00eda con llave hexagonal"},"content":{"rendered":"<p>Pistola de agua a bater\u00eda con llave hexagonal<\/p>","protected":false},"excerpt":{"rendered":"<p data-start=\"0\" data-end=\"307\"><br data-start=\"3743\" data-end=\"3746\" \/>La <strong data-start=\"3749\" data-end=\"3801\">pistola de agua para bater\u00eda con llave hexagonal<\/strong> es una herramienta ergon\u00f3mica dise\u00f1ada para llenar de forma segura y eficiente las celdas de bater\u00eda en carretillas elevadoras. Gracias a su conexi\u00f3n de llave hexagonal, se instala y retira f\u00e1cilmente, garantizando un llenado controlado de agua.<\/p>\n<p data-start=\"4049\" data-end=\"4396\"><strong data-start=\"4049\" data-end=\"4069\">Caracter\u00edsticas:<\/strong><br data-start=\"4069\" data-end=\"4072\" \/><strong data-start=\"4072\" data-end=\"4096\">Nombre del producto:<\/strong> Pistola de agua para bater\u00eda con llave hexagonal<br data-start=\"4145\" data-end=\"4148\" \/><strong data-start=\"4148\" data-end=\"4168\">N\u00famero de pieza:<\/strong> Ninguno<br data-start=\"4176\" data-end=\"4179\" \/><strong data-start=\"4179\" data-end=\"4192\">Material:<\/strong> Pl\u00e1stico resistente y conexiones met\u00e1licas<br data-start=\"4235\" data-end=\"4238\" \/><strong data-start=\"4238\" data-end=\"4254\">\u00c1rea de uso:<\/strong> Sistemas de llenado de agua para bater\u00edas de carretillas elevadoras<br data-start=\"4322\" data-end=\"4325\" \/><strong data-start=\"4325\" data-end=\"4337\">Ventaja:<\/strong> Instalaci\u00f3n sencilla, llenado controlado, uso ergon\u00f3mico<\/p>\n","protected":false},"featured_media":14885,"template":"","meta":[],"product_brand":[],"product_cat":[443,470],"product_tag":[],"class_list":{"0":"post-14884","1":"product","2":"type-product","3":"status-publish","4":"has-post-thumbnail","6":"product_cat-aku-parcalari","7":"product_cat-diger-yedek-parcalar","9":"first","10":"instock","11":"taxable","12":"shipping-taxable","13":"purchasable","14":"product-type-simple"},"_links":{"self":[{"href":"https:\/\/ceoparts.com\/es\/wp-json\/wp\/v2\/product\/14884","targetHints":{"allow":["GET"]}}],"collection":[{"href":"https:\/\/ceoparts.com\/es\/wp-json\/wp\/v2\/product"}],"about":[{"href":"https:\/\/ceoparts.com\/es\/wp-json\/wp\/v2\/types\/product"}],"wp:featuredmedia":[{"embeddable":true,"href":"https:\/\/ceoparts.com\/es\/wp-json\/wp\/v2\/media\/14885"}],"wp:attachment":[{"href":"https:\/\/ceoparts.com\/es\/wp-json\/wp\/v2\/media?parent=14884"}],"wp:term":[{"taxonomy":"product_brand","embeddable":true,"href":"https:\/\/ceoparts.com\/es\/wp-json\/wp\/v2\/product_brand?post=14884"},{"taxonomy":"product_cat","embeddable":true,"href":"https:\/\/ceoparts.com\/es\/wp-json\/wp\/v2\/product_cat?post=14884"},{"taxonomy":"product_tag","embeddable":true,"href":"https:\/\/ceoparts.com\/es\/wp-json\/wp\/v2\/product_tag?post=14884"}],"curies":[{"name":"wp","href":"https:\/\/api.w.org\/{rel}","templated":true}]}}