{"id":14891,"date":"2025-02-18T16:20:47","date_gmt":"2025-02-18T13:20:47","guid":{"rendered":"https:\/\/ceoparts.com\/?post_type=product&#038;p=14891"},"modified":"2026-05-16T19:25:49","modified_gmt":"2026-05-16T16:25:49","slug":"akulu-forklift-kaloriferi-48v-900w","status":"publish","type":"product","link":"https:\/\/ceoparts.com\/es\/urun\/akulu-forklift-kaloriferi-48v-900w\/","title":{"rendered":"Calefactor para carretilla elevadora a bater\u00eda 48V 900W"},"content":{"rendered":"<p>Calefactor para carretilla elevadora a bater\u00eda 48V 900W<\/p>","protected":false},"excerpt":{"rendered":"<p data-start=\"0\" data-end=\"336\"><br data-start=\"3935\" data-end=\"3938\" \/>El <strong data-start=\"3941\" data-end=\"4000\">calefactor para carretilla elevadora el\u00e9ctrica 48V 900W<\/strong> mantiene una temperatura ideal en la cabina del operador, ofreciendo un entorno de trabajo c\u00f3modo y eficiente en condiciones de fr\u00edo. Su estructura de alto rendimiento proporciona una calefacci\u00f3n r\u00e1pida y eficaz, integrada en el sistema de bater\u00eda de la carretilla.<\/p>\n<p data-start=\"4268\" data-end=\"4643\"><strong data-start=\"4268\" data-end=\"4288\">Caracter\u00edsticas:<\/strong><br data-start=\"4288\" data-end=\"4291\" \/><strong data-start=\"4291\" data-end=\"4315\">Nombre del producto:<\/strong> Calefactor para carretilla elevadora el\u00e9ctrica 48V 900W<br data-start=\"4371\" data-end=\"4374\" \/><strong data-start=\"4374\" data-end=\"4394\">N\u00famero de pieza:<\/strong> Ninguno<br data-start=\"4402\" data-end=\"4405\" \/><strong data-start=\"4405\" data-end=\"4418\">Material:<\/strong> Cuerpo met\u00e1lico resistente al calor y sistema de resistencia<br data-start=\"4479\" data-end=\"4482\" \/><strong data-start=\"4482\" data-end=\"4498\">\u00c1rea de uso:<\/strong> Cabinas de operador de carretillas elevadoras el\u00e9ctricas<br data-start=\"4555\" data-end=\"4558\" \/><strong data-start=\"4558\" data-end=\"4570\">Ventaja:<\/strong> Gran potencia de calefacci\u00f3n, f\u00e1cil instalaci\u00f3n, eficiencia energ\u00e9tica<\/p>\n","protected":false},"featured_media":14892,"template":"","meta":[],"product_brand":[],"product_cat":[470],"product_tag":[],"class_list":{"0":"post-14891","1":"product","2":"type-product","3":"status-publish","4":"has-post-thumbnail","6":"product_cat-diger-yedek-parcalar","8":"first","9":"instock","10":"taxable","11":"shipping-taxable","12":"purchasable","13":"product-type-simple"},"_links":{"self":[{"href":"https:\/\/ceoparts.com\/es\/wp-json\/wp\/v2\/product\/14891","targetHints":{"allow":["GET"]}}],"collection":[{"href":"https:\/\/ceoparts.com\/es\/wp-json\/wp\/v2\/product"}],"about":[{"href":"https:\/\/ceoparts.com\/es\/wp-json\/wp\/v2\/types\/product"}],"wp:featuredmedia":[{"embeddable":true,"href":"https:\/\/ceoparts.com\/es\/wp-json\/wp\/v2\/media\/14892"}],"wp:attachment":[{"href":"https:\/\/ceoparts.com\/es\/wp-json\/wp\/v2\/media?parent=14891"}],"wp:term":[{"taxonomy":"product_brand","embeddable":true,"href":"https:\/\/ceoparts.com\/es\/wp-json\/wp\/v2\/product_brand?post=14891"},{"taxonomy":"product_cat","embeddable":true,"href":"https:\/\/ceoparts.com\/es\/wp-json\/wp\/v2\/product_cat?post=14891"},{"taxonomy":"product_tag","embeddable":true,"href":"https:\/\/ceoparts.com\/es\/wp-json\/wp\/v2\/product_tag?post=14891"}],"curies":[{"name":"wp","href":"https:\/\/api.w.org\/{rel}","templated":true}]}}