{"id":14926,"date":"2025-02-18T17:04:44","date_gmt":"2025-02-18T14:04:44","guid":{"rendered":"https:\/\/ceoparts.com\/?post_type=product&#038;p=14926"},"modified":"2026-05-16T13:30:06","modified_gmt":"2026-05-16T10:30:06","slug":"potansiyometre-linde-t16-kol-potansi-50023604702-50023604701-11733604700","status":"publish","type":"product","link":"https:\/\/ceoparts.com\/es\/urun\/potansiyometre-linde-t16-kol-potansi-50023604702-50023604701-11733604700\/","title":{"rendered":"Potenci\u00f3metro Linde T16 Potenci\u00f3metro de brazo &#8211; 50023604702, 50023604701, 11733604700"},"content":{"rendered":"<p>Potenci\u00f3metro Linde T16 Potenci\u00f3metro de brazo &#8211; 50023604702, 50023604701, 11733604700<\/p>\n<table border=\"0\" width=\"438\" cellspacing=\"0\" cellpadding=\"0\">\n<colgroup>\n<col width=\"82\" \/>\n<col width=\"356\" \/><\/colgroup>\n<tbody>\n<tr>\n<td class=\"xl65\" width=\"82\" height=\"20\"><span style=\"font-family: Calibri;\">1151<\/span><\/td>\n<td width=\"356\"><span style=\"font-family: Calibri;\">T16\/T16P\/T20\/T20P<\/span><\/td>\n<\/tr>\n<tr>\n<td class=\"xl65\" height=\"20\"><span style=\"font-family: Calibri;\">1152<\/span><\/td>\n<td><span style=\"font-family: Calibri;\">T16\/T18\/T20\/T16L<\/span><\/td>\n<\/tr>\n<tr>\n<td class=\"xl65\" height=\"20\"><span style=\"font-family: Calibri;\">1160<\/span><\/td>\n<td><span style=\"font-family: Calibri;\">D06\/D08<\/span><\/td>\n<\/tr>\n<tr>\n<td class=\"xl65\" height=\"20\"><span style=\"font-family: Calibri;\">1169<\/span><\/td>\n<td><span style=\"font-family: Calibri;\">L10P\/L12P\/L14P<\/span><\/td>\n<\/tr>\n<tr>\n<td class=\"xl65\" height=\"20\"><span style=\"font-family: Calibri;\">1169<\/span><\/td>\n<td><span style=\"font-family: Calibri;\">L10\/L12\/L14C<\/span><\/td>\n<\/tr>\n<tr>\n<td class=\"xl65\" height=\"20\"><span style=\"font-family: Calibri;\">1172<\/span><\/td>\n<td><span style=\"font-family: Calibri;\">L10\/L12\/L12i<\/span><\/td>\n<\/tr>\n<\/tbody>\n<\/table>","protected":false},"excerpt":{"rendered":"<p data-start=\"0\" data-end=\"295\"><br data-start=\"3924\" data-end=\"3927\" \/>El <strong data-start=\"3930\" data-end=\"3968\">potenci\u00f3metro de palanca Linde T16<\/strong> utilizado en carretillas elevadoras es un sensor de alta calidad que detecta con precisi\u00f3n los movimientos de la palanca de control y los transmite a la unidad de control. Su estructura robusta y su rendimiento fiable garantizan una operaci\u00f3n segura y eficiente.<\/p>\n<p data-start=\"4233\" data-end=\"4605\"><strong data-start=\"4233\" data-end=\"4253\">Caracter\u00edsticas:<\/strong><br data-start=\"4253\" data-end=\"4256\" \/><strong data-start=\"4256\" data-end=\"4280\">Nombre del producto:<\/strong> Potenci\u00f3metro de palanca Linde T16<br data-start=\"4315\" data-end=\"4318\" \/><strong data-start=\"4318\" data-end=\"4338\">N\u00famero de pieza:<\/strong> 50023604702, 50023604701, 11733604700<br data-start=\"4376\" data-end=\"4379\" \/><strong data-start=\"4379\" data-end=\"4392\">Material:<\/strong> Componentes electr\u00f3nicos duraderos y m\u00f3dulo sensor<br data-start=\"4443\" data-end=\"4446\" \/><strong data-start=\"4446\" data-end=\"4462\">\u00c1rea de uso:<\/strong> Sistemas de palanca de control para carretillas Linde T16<br data-start=\"4520\" data-end=\"4523\" \/><strong data-start=\"4523\" data-end=\"4535\">Ventaja:<\/strong> Detecci\u00f3n precisa de movimiento, uso prolongado, rendimiento fiable<\/p>\n","protected":false},"featured_media":14930,"template":"","meta":[],"product_brand":[],"product_cat":[246,469,523],"product_tag":[],"class_list":{"0":"post-14926","1":"product","2":"type-product","3":"status-publish","4":"has-post-thumbnail","6":"product_cat-linde","7":"product_cat-elektrik-ve-sistem-parcalari","8":"product_cat-yedek-parca-linde","10":"first","11":"instock","12":"taxable","13":"shipping-taxable","14":"purchasable","15":"product-type-simple"},"_links":{"self":[{"href":"https:\/\/ceoparts.com\/es\/wp-json\/wp\/v2\/product\/14926","targetHints":{"allow":["GET"]}}],"collection":[{"href":"https:\/\/ceoparts.com\/es\/wp-json\/wp\/v2\/product"}],"about":[{"href":"https:\/\/ceoparts.com\/es\/wp-json\/wp\/v2\/types\/product"}],"wp:featuredmedia":[{"embeddable":true,"href":"https:\/\/ceoparts.com\/es\/wp-json\/wp\/v2\/media\/14930"}],"wp:attachment":[{"href":"https:\/\/ceoparts.com\/es\/wp-json\/wp\/v2\/media?parent=14926"}],"wp:term":[{"taxonomy":"product_brand","embeddable":true,"href":"https:\/\/ceoparts.com\/es\/wp-json\/wp\/v2\/product_brand?post=14926"},{"taxonomy":"product_cat","embeddable":true,"href":"https:\/\/ceoparts.com\/es\/wp-json\/wp\/v2\/product_cat?post=14926"},{"taxonomy":"product_tag","embeddable":true,"href":"https:\/\/ceoparts.com\/es\/wp-json\/wp\/v2\/product_tag?post=14926"}],"curies":[{"name":"wp","href":"https:\/\/api.w.org\/{rel}","templated":true}]}}