{"id":14951,"date":"2025-02-18T17:32:53","date_gmt":"2025-02-18T14:32:53","guid":{"rendered":"https:\/\/ceoparts.com\/?post_type=product&#038;p=14951"},"modified":"2026-05-16T21:30:34","modified_gmt":"2026-05-16T18:30:34","slug":"siroco-kalorifer-12-80v-1500w","status":"publish","type":"product","link":"https:\/\/ceoparts.com\/es\/urun\/siroco-kalorifer-12-80v-1500w\/","title":{"rendered":"Calefactor SIROCO 12\/80V 1500W"},"content":{"rendered":"<p>Calefactor SIROCO 12\/80V 1500W<\/p>","protected":false},"excerpt":{"rendered":"<p data-start=\"99\" data-end=\"412\"><br data-start=\"4061\" data-end=\"4064\" \/>El <strong data-start=\"4067\" data-end=\"4100\">Kalorifer Sirocco 12\/80V 1500W<\/strong> utilizado en cabinas de carretillas elevadoras y maquinaria de construcci\u00f3n es un calefactor potente y eficiente dise\u00f1ado para proporcionar calefacci\u00f3n \u00f3ptima en la cabina del operador. Con un rango de tensi\u00f3n de 12V a 80V y una potencia de 1500W, garantiza comodidad y seguridad en entornos fr\u00edos.<\/p>\n<p data-start=\"4401\" data-end=\"4738\"><strong data-start=\"4401\" data-end=\"4421\">Caracter\u00edsticas:<\/strong><br data-start=\"4421\" data-end=\"4424\" \/><strong data-start=\"4424\" data-end=\"4448\">Nombre del producto:<\/strong> Kalorifer Siroco 12\/80V 1500W<br data-start=\"4478\" data-end=\"4481\" \/><strong data-start=\"4481\" data-end=\"4501\">N\u00famero de pieza:<\/strong> &#8211;<br data-start=\"4503\" data-end=\"4506\" \/><strong data-start=\"4506\" data-end=\"4519\">Material:<\/strong> Metal de alta calidad y pl\u00e1stico resistente al calor<br data-start=\"4572\" data-end=\"4575\" \/><strong data-start=\"4575\" data-end=\"4591\">\u00c1rea de uso:<\/strong> Cabinas de carretillas elevadoras y maquinaria de obra<br data-start=\"4646\" data-end=\"4649\" \/><strong data-start=\"4649\" data-end=\"4661\">Ventaja:<\/strong> Amplio rango de voltaje, calefacci\u00f3n potente, dise\u00f1o compacto y resistente<\/p>\n","protected":false},"featured_media":14953,"template":"","meta":[],"product_brand":[],"product_cat":[470],"product_tag":[],"class_list":{"0":"post-14951","1":"product","2":"type-product","3":"status-publish","4":"has-post-thumbnail","6":"product_cat-diger-yedek-parcalar","8":"first","9":"instock","10":"taxable","11":"shipping-taxable","12":"purchasable","13":"product-type-simple"},"_links":{"self":[{"href":"https:\/\/ceoparts.com\/es\/wp-json\/wp\/v2\/product\/14951","targetHints":{"allow":["GET"]}}],"collection":[{"href":"https:\/\/ceoparts.com\/es\/wp-json\/wp\/v2\/product"}],"about":[{"href":"https:\/\/ceoparts.com\/es\/wp-json\/wp\/v2\/types\/product"}],"wp:featuredmedia":[{"embeddable":true,"href":"https:\/\/ceoparts.com\/es\/wp-json\/wp\/v2\/media\/14953"}],"wp:attachment":[{"href":"https:\/\/ceoparts.com\/es\/wp-json\/wp\/v2\/media?parent=14951"}],"wp:term":[{"taxonomy":"product_brand","embeddable":true,"href":"https:\/\/ceoparts.com\/es\/wp-json\/wp\/v2\/product_brand?post=14951"},{"taxonomy":"product_cat","embeddable":true,"href":"https:\/\/ceoparts.com\/es\/wp-json\/wp\/v2\/product_cat?post=14951"},{"taxonomy":"product_tag","embeddable":true,"href":"https:\/\/ceoparts.com\/es\/wp-json\/wp\/v2\/product_tag?post=14951"}],"curies":[{"name":"wp","href":"https:\/\/api.w.org\/{rel}","templated":true}]}}