{"id":14963,"date":"2025-02-18T17:47:06","date_gmt":"2025-02-18T14:47:06","guid":{"rendered":"https:\/\/ceoparts.com\/?post_type=product&#038;p=14963"},"modified":"2026-05-16T16:34:10","modified_gmt":"2026-05-16T13:34:10","slug":"bt-rre160-finger-lever-kumanda-tusu-224558","status":"publish","type":"product","link":"https:\/\/ceoparts.com\/es\/urun\/bt-rre160-finger-lever-kumanda-tusu-224558\/","title":{"rendered":"Palanca de dedo BT RRE160 &#8211; 224558"},"content":{"rendered":"<p>Palanca de dedo BT RRE160 &#8211; 224558<\/p>","protected":false},"excerpt":{"rendered":"<p data-start=\"0\" data-end=\"281\"><br data-start=\"3581\" data-end=\"3584\" \/>El <strong data-start=\"3587\" data-end=\"3632\">BT RRE160 Finger Lever (bot\u00f3n de control)<\/strong> utilizado en carretillas elevadoras es un elemento de control ergon\u00f3mico que permite al operador manejar r\u00e1pidamente y con precisi\u00f3n las funciones de la carretilla. Su construcci\u00f3n duradera y de alta calidad lo hace ideal para un uso prolongado.<\/p>\n<p data-start=\"3880\" data-end=\"4196\" data-is-last-node=\"\" data-is-only-node=\"\"><strong data-start=\"3880\" data-end=\"3900\">Caracter\u00edsticas:<\/strong><br data-start=\"3900\" data-end=\"3903\" \/><strong data-start=\"3903\" data-end=\"3927\">Nombre del producto:<\/strong> BT RRE160 Finger Lever (bot\u00f3n de control)<br data-start=\"3969\" data-end=\"3972\" \/><strong data-start=\"3972\" data-end=\"3992\">N\u00famero de pieza:<\/strong> 224558<br data-start=\"3999\" data-end=\"4002\" \/><strong data-start=\"4002\" data-end=\"4015\">Material:<\/strong> Pl\u00e1stico resistente y componente electr\u00f3nico<br data-start=\"4060\" data-end=\"4063\" \/><strong data-start=\"4063\" data-end=\"4079\">\u00c1rea de uso:<\/strong> Sistemas de control para carretillas BT RRE160<br data-start=\"4126\" data-end=\"4129\" \/><strong data-start=\"4129\" data-end=\"4141\">Ventaja:<\/strong> Uso ergon\u00f3mico, control preciso, construcci\u00f3n duradera<\/p>\n","protected":false},"featured_media":14969,"template":"","meta":[],"product_brand":[],"product_cat":[251,470,518],"product_tag":[],"class_list":{"0":"post-14963","1":"product","2":"type-product","3":"status-publish","4":"has-post-thumbnail","6":"product_cat-bt","7":"product_cat-diger-yedek-parcalar","8":"product_cat-yedek-parca-bt","10":"first","11":"instock","12":"taxable","13":"shipping-taxable","14":"purchasable","15":"product-type-simple"},"_links":{"self":[{"href":"https:\/\/ceoparts.com\/es\/wp-json\/wp\/v2\/product\/14963","targetHints":{"allow":["GET"]}}],"collection":[{"href":"https:\/\/ceoparts.com\/es\/wp-json\/wp\/v2\/product"}],"about":[{"href":"https:\/\/ceoparts.com\/es\/wp-json\/wp\/v2\/types\/product"}],"wp:featuredmedia":[{"embeddable":true,"href":"https:\/\/ceoparts.com\/es\/wp-json\/wp\/v2\/media\/14969"}],"wp:attachment":[{"href":"https:\/\/ceoparts.com\/es\/wp-json\/wp\/v2\/media?parent=14963"}],"wp:term":[{"taxonomy":"product_brand","embeddable":true,"href":"https:\/\/ceoparts.com\/es\/wp-json\/wp\/v2\/product_brand?post=14963"},{"taxonomy":"product_cat","embeddable":true,"href":"https:\/\/ceoparts.com\/es\/wp-json\/wp\/v2\/product_cat?post=14963"},{"taxonomy":"product_tag","embeddable":true,"href":"https:\/\/ceoparts.com\/es\/wp-json\/wp\/v2\/product_tag?post=14963"}],"curies":[{"name":"wp","href":"https:\/\/api.w.org\/{rel}","templated":true}]}}