{"id":14970,"date":"2025-02-18T17:55:07","date_gmt":"2025-02-18T14:55:07","guid":{"rendered":"https:\/\/ceoparts.com\/?post_type=product&#038;p=14970"},"modified":"2026-05-16T17:51:43","modified_gmt":"2026-05-16T14:51:43","slug":"jungheinrich-kol-potansi-50314420","status":"publish","type":"product","link":"https:\/\/ceoparts.com\/es\/urun\/jungheinrich-kol-potansi-50314420\/","title":{"rendered":"Potenci\u00f3metro de brazo Jungheinrich &#8211; 50314420"},"content":{"rendered":"<p>Potenci\u00f3metro de brazo Jungheinrich &#8211; 50314420<\/p>\n<p>ERC 12-16\u00a04.01 &#8211; 3.04<br \/>\nERC-Z 12-16\u00a04.01 &#8211; 3.04<br \/>\nWP12\/14\/16 S (MIC)\u00a04.01 &#8211; 4.08<br \/>\nWP12\/14\/16 IS (MIC)\u00a04.01 &#8211; 4.08<br \/>\nWP12\/14\/16 S (STB)\u00a04.01 &#8211; 12.01<br \/>\nWP12\/14\/16 S (BOSS)\u00a04.01 &#8211; 12.01<br \/>\nWP12\/14\/16 IS (BOSS)\u00a04.01 &#8211; 12.01<br \/>\nERE 220\u00a010.03 &#8211; 9.05<br \/>\nWN 20 S\u00a010.03 &#8211; 9.05<br \/>\nERD 220\u00a010.03 &#8211; 2.11<br \/>\nERC 212\/214\/216\u00a04.04 &#8211; 4.11<br \/>\nERC Z12\/Z14\/Z16\u00a04.04 &#8211; 7.11<br \/>\nWN 24 sC\u00a010.05 &#8211; 4.08<br \/>\nERE 224\u00a010.05 &#8211; 9.07<br \/>\nERE 120\u00a09.05 &#8211; 10.07<br \/>\nWN20S\u00a09.05 &#8211; 10.07<br \/>\nECE 118\u00a012.06 &#8211; 3.10<br \/>\nERE 120\u00a08.07 &#8211; 5.08<br \/>\nWN20S\u00a08.07 &#8211; 4.08<br \/>\nERE 120 (Qingpu)\u00a09.06 &#8211; 12.08<br \/>\nERE 120\u00a06.08 &#8211; 11.08<br \/>\nEJD K18\u00a06.08 &#8211;<br \/>\nERD K18\u00a010.09 &#8211; 2.10<br \/>\nECE 118\u00a04.10 &#8211; 2.13<\/p>","protected":false},"excerpt":{"rendered":"<p data-start=\"0\" data-end=\"295\"><br data-start=\"3870\" data-end=\"3873\" \/>El <strong data-start=\"3876\" data-end=\"3917\">potenci\u00f3metro de palanca Jungheinrich<\/strong> utilizado en carretillas elevadoras es un sensor de alta calidad que detecta con precisi\u00f3n los movimientos de la palanca de control y los transmite al sistema de control. Su estructura robusta garantiza una larga vida \u00fatil y proporciona precisi\u00f3n y seguridad en la operaci\u00f3n.<\/p>\n<p data-start=\"4195\" data-end=\"4549\" data-is-last-node=\"\" data-is-only-node=\"\"><strong data-start=\"4195\" data-end=\"4215\">Caracter\u00edsticas:<\/strong><br data-start=\"4215\" data-end=\"4218\" \/><strong data-start=\"4218\" data-end=\"4242\">Nombre del producto:<\/strong> Potenci\u00f3metro de palanca Jungheinrich<br data-start=\"4280\" data-end=\"4283\" \/><strong data-start=\"4283\" data-end=\"4303\">N\u00famero de pieza:<\/strong> 50314420<br data-start=\"4312\" data-end=\"4315\" \/><strong data-start=\"4315\" data-end=\"4328\">Material:<\/strong> Componentes electr\u00f3nicos duraderos y m\u00f3dulo sensor<br data-start=\"4379\" data-end=\"4382\" \/><strong data-start=\"4382\" data-end=\"4398\">\u00c1rea de uso:<\/strong> Sistemas de palanca de control para carretillas Jungheinrich<br data-start=\"4459\" data-end=\"4462\" \/><strong data-start=\"4462\" data-end=\"4474\">Ventaja:<\/strong> Detecci\u00f3n precisa de movimiento, construcci\u00f3n duradera, rendimiento fiable<\/p>\n","protected":false},"featured_media":14972,"template":"","meta":[],"product_brand":[],"product_cat":[236,469,522],"product_tag":[],"class_list":{"0":"post-14970","1":"product","2":"type-product","3":"status-publish","4":"has-post-thumbnail","6":"product_cat-jungheinrich","7":"product_cat-elektrik-ve-sistem-parcalari","8":"product_cat-yedek-parca-jungheinrich","10":"first","11":"instock","12":"taxable","13":"shipping-taxable","14":"purchasable","15":"product-type-simple"},"_links":{"self":[{"href":"https:\/\/ceoparts.com\/es\/wp-json\/wp\/v2\/product\/14970","targetHints":{"allow":["GET"]}}],"collection":[{"href":"https:\/\/ceoparts.com\/es\/wp-json\/wp\/v2\/product"}],"about":[{"href":"https:\/\/ceoparts.com\/es\/wp-json\/wp\/v2\/types\/product"}],"wp:featuredmedia":[{"embeddable":true,"href":"https:\/\/ceoparts.com\/es\/wp-json\/wp\/v2\/media\/14972"}],"wp:attachment":[{"href":"https:\/\/ceoparts.com\/es\/wp-json\/wp\/v2\/media?parent=14970"}],"wp:term":[{"taxonomy":"product_brand","embeddable":true,"href":"https:\/\/ceoparts.com\/es\/wp-json\/wp\/v2\/product_brand?post=14970"},{"taxonomy":"product_cat","embeddable":true,"href":"https:\/\/ceoparts.com\/es\/wp-json\/wp\/v2\/product_cat?post=14970"},{"taxonomy":"product_tag","embeddable":true,"href":"https:\/\/ceoparts.com\/es\/wp-json\/wp\/v2\/product_tag?post=14970"}],"curies":[{"name":"wp","href":"https:\/\/api.w.org\/{rel}","templated":true}]}}