{"id":14974,"date":"2025-02-18T18:00:50","date_gmt":"2025-02-18T15:00:50","guid":{"rendered":"https:\/\/ceoparts.com\/?post_type=product&#038;p=14974"},"modified":"2026-05-16T18:58:10","modified_gmt":"2026-05-16T15:58:10","slug":"bt-lwe-yeni-model-kol-kablosu-7579666","status":"publish","type":"product","link":"https:\/\/ceoparts.com\/es\/urun\/bt-lwe-yeni-model-kol-kablosu-7579666\/","title":{"rendered":"Cable de brazoBT Cesap Toyota &#8211; 7579666"},"content":{"rendered":"<p>Cable de brazoBT Cesap Toyota &#8211; 7579666<\/p>\n<p><b><span style=\"font-size: small;\">BT &#8211; CESAB &#8211; TOYOTA<\/span><\/b><\/p>\n<div><b><span style=\"font-size: small;\">SWE200D<\/span><\/b><\/div>","protected":false},"excerpt":{"rendered":"<p data-start=\"0\" data-end=\"266\"><br data-start=\"3775\" data-end=\"3778\" \/>El <strong data-start=\"3781\" data-end=\"3817\">cable de palanca BT Cesap Toyota<\/strong> utilizado en carretillas elevadoras es un cable flexible y resistente que garantiza una conexi\u00f3n fiable para las palancas de control. Su estructura de alta calidad asegura una larga vida \u00fatil y una transmisi\u00f3n de se\u00f1al estable en los sistemas de control.<\/p>\n<p data-start=\"4074\" data-end=\"4417\" data-is-last-node=\"\" data-is-only-node=\"\"><strong data-start=\"4074\" data-end=\"4094\">Caracter\u00edsticas:<\/strong><br data-start=\"4094\" data-end=\"4097\" \/><strong data-start=\"4097\" data-end=\"4121\">Nombre del producto:<\/strong> Cable de palanca BT Cesap Toyota<br data-start=\"4154\" data-end=\"4157\" \/><strong data-start=\"4157\" data-end=\"4177\">N\u00famero de pieza:<\/strong> 7579666<br data-start=\"4185\" data-end=\"4188\" \/><strong data-start=\"4188\" data-end=\"4201\">Material:<\/strong> Cable conductor duradero con cubierta protectora<br data-start=\"4250\" data-end=\"4253\" \/><strong data-start=\"4253\" data-end=\"4269\">\u00c1rea de uso:<\/strong> Sistemas de palanca de control para carretillas BT, Cesap y Toyota<br data-start=\"4336\" data-end=\"4339\" \/><strong data-start=\"4339\" data-end=\"4351\">Ventaja:<\/strong> Estructura flexible, transmisi\u00f3n de se\u00f1al fiable, larga vida \u00fatil<\/p>\n","protected":false},"featured_media":14976,"template":"","meta":[],"product_brand":[],"product_cat":[251,469,518,521,530],"product_tag":[],"class_list":{"0":"post-14974","1":"product","2":"type-product","3":"status-publish","4":"has-post-thumbnail","6":"product_cat-bt","7":"product_cat-elektrik-ve-sistem-parcalari","8":"product_cat-yedek-parca-bt","9":"product_cat-toyota","10":"product_cat-yedek-parca-toyota","12":"first","13":"instock","14":"taxable","15":"shipping-taxable","16":"purchasable","17":"product-type-simple"},"_links":{"self":[{"href":"https:\/\/ceoparts.com\/es\/wp-json\/wp\/v2\/product\/14974","targetHints":{"allow":["GET"]}}],"collection":[{"href":"https:\/\/ceoparts.com\/es\/wp-json\/wp\/v2\/product"}],"about":[{"href":"https:\/\/ceoparts.com\/es\/wp-json\/wp\/v2\/types\/product"}],"wp:featuredmedia":[{"embeddable":true,"href":"https:\/\/ceoparts.com\/es\/wp-json\/wp\/v2\/media\/14976"}],"wp:attachment":[{"href":"https:\/\/ceoparts.com\/es\/wp-json\/wp\/v2\/media?parent=14974"}],"wp:term":[{"taxonomy":"product_brand","embeddable":true,"href":"https:\/\/ceoparts.com\/es\/wp-json\/wp\/v2\/product_brand?post=14974"},{"taxonomy":"product_cat","embeddable":true,"href":"https:\/\/ceoparts.com\/es\/wp-json\/wp\/v2\/product_cat?post=14974"},{"taxonomy":"product_tag","embeddable":true,"href":"https:\/\/ceoparts.com\/es\/wp-json\/wp\/v2\/product_tag?post=14974"}],"curies":[{"name":"wp","href":"https:\/\/api.w.org\/{rel}","templated":true}]}}