{"id":14982,"date":"2025-02-18T18:05:54","date_gmt":"2025-02-18T15:05:54","guid":{"rendered":"https:\/\/ceoparts.com\/?post_type=product&#038;p=14982"},"modified":"2026-05-16T11:45:56","modified_gmt":"2026-05-16T08:45:56","slug":"toyota-forklift-aydinlatma-karti-23069t8a5071","status":"publish","type":"product","link":"https:\/\/ceoparts.com\/es\/urun\/toyota-forklift-aydinlatma-karti-23069t8a5071\/","title":{"rendered":"Placa de iluminaci\u00f3n para carretilla elevadora Toyota &#8211; 23069T8A5071"},"content":{"rendered":"<p>Placa de iluminaci\u00f3n para carretilla elevadora Toyota &#8211; 23069T8A5071<\/p>","protected":false},"excerpt":{"rendered":"<p data-start=\"0\" data-end=\"269\"><br data-start=\"3539\" data-end=\"3542\" \/>La <strong data-start=\"3545\" data-end=\"3595\">tarjeta de iluminaci\u00f3n para carretillas Toyota<\/strong> es una placa electr\u00f3nica de alta calidad que controla el sistema de iluminaci\u00f3n de la carretilla. Su construcci\u00f3n duradera y dise\u00f1o preciso garantizan un rendimiento de iluminaci\u00f3n seguro y eficiente.<\/p>\n<p data-start=\"3798\" data-end=\"4139\" data-is-last-node=\"\" data-is-only-node=\"\"><strong data-start=\"3798\" data-end=\"3818\">Caracter\u00edsticas:<\/strong><br data-start=\"3818\" data-end=\"3821\" \/><strong data-start=\"3821\" data-end=\"3845\">Nombre del producto:<\/strong> Tarjeta de iluminaci\u00f3n para carretillas Toyota<br data-start=\"3892\" data-end=\"3895\" \/><strong data-start=\"3895\" data-end=\"3915\">N\u00famero de pieza:<\/strong> 23069T8A5071<br data-start=\"3928\" data-end=\"3931\" \/><strong data-start=\"3931\" data-end=\"3944\">Material:<\/strong> Componentes electr\u00f3nicos duraderos y circuito impreso<br data-start=\"3998\" data-end=\"4001\" \/><strong data-start=\"4001\" data-end=\"4017\">\u00c1rea de uso:<\/strong> Sistemas de iluminaci\u00f3n para carretillas Toyota<br data-start=\"4065\" data-end=\"4068\" \/><strong data-start=\"4068\" data-end=\"4080\">Ventaja:<\/strong> Control preciso, construcci\u00f3n duradera, rendimiento fiable<\/p>\n","protected":false},"featured_media":14983,"template":"","meta":[],"product_brand":[],"product_cat":[431,470,521,530],"product_tag":[],"class_list":{"0":"post-14982","1":"product","2":"type-product","3":"status-publish","4":"has-post-thumbnail","6":"product_cat-ekranlar-ve-kartlar","7":"product_cat-diger-yedek-parcalar","8":"product_cat-toyota","9":"product_cat-yedek-parca-toyota","11":"first","12":"instock","13":"taxable","14":"shipping-taxable","15":"purchasable","16":"product-type-simple"},"_links":{"self":[{"href":"https:\/\/ceoparts.com\/es\/wp-json\/wp\/v2\/product\/14982","targetHints":{"allow":["GET"]}}],"collection":[{"href":"https:\/\/ceoparts.com\/es\/wp-json\/wp\/v2\/product"}],"about":[{"href":"https:\/\/ceoparts.com\/es\/wp-json\/wp\/v2\/types\/product"}],"wp:featuredmedia":[{"embeddable":true,"href":"https:\/\/ceoparts.com\/es\/wp-json\/wp\/v2\/media\/14983"}],"wp:attachment":[{"href":"https:\/\/ceoparts.com\/es\/wp-json\/wp\/v2\/media?parent=14982"}],"wp:term":[{"taxonomy":"product_brand","embeddable":true,"href":"https:\/\/ceoparts.com\/es\/wp-json\/wp\/v2\/product_brand?post=14982"},{"taxonomy":"product_cat","embeddable":true,"href":"https:\/\/ceoparts.com\/es\/wp-json\/wp\/v2\/product_cat?post=14982"},{"taxonomy":"product_tag","embeddable":true,"href":"https:\/\/ceoparts.com\/es\/wp-json\/wp\/v2\/product_tag?post=14982"}],"curies":[{"name":"wp","href":"https:\/\/api.w.org\/{rel}","templated":true}]}}