{"id":14986,"date":"2025-02-18T18:26:04","date_gmt":"2025-02-18T15:26:04","guid":{"rendered":"https:\/\/ceoparts.com\/?post_type=product&#038;p=14986"},"modified":"2026-05-16T17:29:40","modified_gmt":"2026-05-16T14:29:40","slug":"toyota-1-6t-direksiyon-potansi-35098749","status":"publish","type":"product","link":"https:\/\/ceoparts.com\/es\/urun\/toyota-1-6t-direksiyon-potansi-35098749\/","title":{"rendered":"Potenci\u00f3metro de direcci\u00f3n Toyota 1.6T &#8211; 35098749"},"content":{"rendered":"<p>Potenci\u00f3metro de direcci\u00f3n Toyota 1.6T &#8211; 35098749<\/p>","protected":false},"excerpt":{"rendered":"<p data-start=\"0\" data-end=\"317\"><br data-start=\"3682\" data-end=\"3685\" \/>La <strong data-start=\"3688\" data-end=\"3722\">barra de direcci\u00f3n Toyota 1.6T<\/strong> utilizada en carretillas elevadoras es una pieza duradera y de alta calidad que proporciona la transmisi\u00f3n de potencia en el sistema de direcci\u00f3n de carretillas Toyota de 1,6 toneladas. Su construcci\u00f3n robusta y duradera mejora la maniobrabilidad y ofrece una conducci\u00f3n segura.<\/p>\n<p data-start=\"4003\" data-end=\"4319\" data-is-last-node=\"\" data-is-only-node=\"\"><strong data-start=\"4003\" data-end=\"4023\">Caracter\u00edsticas:<\/strong><br data-start=\"4023\" data-end=\"4026\" \/><strong data-start=\"4026\" data-end=\"4050\">Nombre del producto:<\/strong> Barra de direcci\u00f3n Toyota 1.6T<br data-start=\"4081\" data-end=\"4084\" \/><strong data-start=\"4084\" data-end=\"4104\">N\u00famero de pieza:<\/strong> 35098749<br data-start=\"4113\" data-end=\"4116\" \/><strong data-start=\"4116\" data-end=\"4129\">Material:<\/strong> Aleaci\u00f3n met\u00e1lica de alta resistencia<br data-start=\"4167\" data-end=\"4170\" \/><strong data-start=\"4170\" data-end=\"4186\">\u00c1rea de uso:<\/strong> Sistemas de direcci\u00f3n para carretillas Toyota 1,6 toneladas<br data-start=\"4246\" data-end=\"4249\" \/><strong data-start=\"4249\" data-end=\"4261\">Ventaja:<\/strong> Construcci\u00f3n robusta, alta durabilidad, f\u00e1cil instalaci\u00f3n<\/p>\n","protected":false},"featured_media":14988,"template":"","meta":[],"product_brand":[],"product_cat":[469,521,530],"product_tag":[],"class_list":{"0":"post-14986","1":"product","2":"type-product","3":"status-publish","4":"has-post-thumbnail","6":"product_cat-elektrik-ve-sistem-parcalari","7":"product_cat-toyota","8":"product_cat-yedek-parca-toyota","10":"first","11":"instock","12":"taxable","13":"shipping-taxable","14":"purchasable","15":"product-type-simple"},"_links":{"self":[{"href":"https:\/\/ceoparts.com\/es\/wp-json\/wp\/v2\/product\/14986","targetHints":{"allow":["GET"]}}],"collection":[{"href":"https:\/\/ceoparts.com\/es\/wp-json\/wp\/v2\/product"}],"about":[{"href":"https:\/\/ceoparts.com\/es\/wp-json\/wp\/v2\/types\/product"}],"wp:featuredmedia":[{"embeddable":true,"href":"https:\/\/ceoparts.com\/es\/wp-json\/wp\/v2\/media\/14988"}],"wp:attachment":[{"href":"https:\/\/ceoparts.com\/es\/wp-json\/wp\/v2\/media?parent=14986"}],"wp:term":[{"taxonomy":"product_brand","embeddable":true,"href":"https:\/\/ceoparts.com\/es\/wp-json\/wp\/v2\/product_brand?post=14986"},{"taxonomy":"product_cat","embeddable":true,"href":"https:\/\/ceoparts.com\/es\/wp-json\/wp\/v2\/product_cat?post=14986"},{"taxonomy":"product_tag","embeddable":true,"href":"https:\/\/ceoparts.com\/es\/wp-json\/wp\/v2\/product_tag?post=14986"}],"curies":[{"name":"wp","href":"https:\/\/api.w.org\/{rel}","templated":true}]}}