{"id":14990,"date":"2025-02-18T18:32:05","date_gmt":"2025-02-18T15:32:05","guid":{"rendered":"https:\/\/ceoparts.com\/?post_type=product&#038;p=14990"},"modified":"2026-05-16T17:33:59","modified_gmt":"2026-05-16T14:33:59","slug":"linde-elektronik-kart-unitesi-3093605040-3093605005","status":"publish","type":"product","link":"https:\/\/ceoparts.com\/es\/urun\/linde-elektronik-kart-unitesi-3093605040-3093605005\/","title":{"rendered":"Unidad de tarjeta electr\u00f3nica Linde &#8211; 3093605040, 3093605005"},"content":{"rendered":"<p>Unidad de tarjeta electr\u00f3nica Linde &#8211; 3093605040, 3093605005<\/p>\n<table border=\"0\" width=\"226\" cellspacing=\"0\" cellpadding=\"0\">\n<colgroup>\n<col width=\"64\" \/>\n<col width=\"162\" \/><\/colgroup>\n<tbody>\n<tr>\n<td width=\"64\" height=\"19\">1152<\/td>\n<td width=\"162\">T16\/T18\/T20\/T16L<\/td>\n<\/tr>\n<tr>\n<td height=\"19\">1160<\/td>\n<td>D06\/D08<\/td>\n<\/tr>\n<tr>\n<td height=\"19\">1169<\/td>\n<td>L10\/L12\/L14C<\/td>\n<\/tr>\n<tr>\n<td height=\"19\">1172<\/td>\n<td>L10\/L12\/L12i<\/td>\n<\/tr>\n<\/tbody>\n<\/table>","protected":false},"excerpt":{"rendered":"<p data-start=\"0\" data-end=\"296\"><br data-start=\"3908\" data-end=\"3911\" \/>La <strong data-start=\"3914\" data-end=\"3953\">unidad de tarjeta electr\u00f3nica Linde<\/strong> utilizada en carretillas elevadoras es una unidad de circuito impreso de alta calidad que desempe\u00f1a un papel crucial en los sistemas de control electr\u00f3nico de la carretilla. Su construcci\u00f3n duradera y dise\u00f1o preciso mejoran el rendimiento de la carretilla y ofrecen una larga vida \u00fatil.<\/p>\n<p data-start=\"4242\" data-end=\"4589\" data-is-last-node=\"\" data-is-only-node=\"\"><strong data-start=\"4242\" data-end=\"4262\">Caracter\u00edsticas:<\/strong><br data-start=\"4262\" data-end=\"4265\" \/><strong data-start=\"4265\" data-end=\"4289\">Nombre del producto:<\/strong> Unidad de tarjeta electr\u00f3nica Linde<br data-start=\"4325\" data-end=\"4328\" \/><strong data-start=\"4328\" data-end=\"4348\">N\u00famero de pieza:<\/strong> 3093605040, 3093605005<br data-start=\"4371\" data-end=\"4374\" \/><strong data-start=\"4374\" data-end=\"4387\">Material:<\/strong> Componentes electr\u00f3nicos duraderos y circuito impreso<br data-start=\"4441\" data-end=\"4444\" \/><strong data-start=\"4444\" data-end=\"4460\">\u00c1rea de uso:<\/strong> Sistemas de control electr\u00f3nico para carretillas Linde<br data-start=\"4515\" data-end=\"4518\" \/><strong data-start=\"4518\" data-end=\"4530\">Ventaja:<\/strong> Control preciso, construcci\u00f3n duradera, rendimiento fiable<\/p>\n","protected":false},"featured_media":14992,"template":"","meta":[],"product_brand":[],"product_cat":[246,431,470,523],"product_tag":[],"class_list":{"0":"post-14990","1":"product","2":"type-product","3":"status-publish","4":"has-post-thumbnail","6":"product_cat-linde","7":"product_cat-ekranlar-ve-kartlar","8":"product_cat-diger-yedek-parcalar","9":"product_cat-yedek-parca-linde","11":"first","12":"instock","13":"taxable","14":"shipping-taxable","15":"purchasable","16":"product-type-simple"},"_links":{"self":[{"href":"https:\/\/ceoparts.com\/es\/wp-json\/wp\/v2\/product\/14990","targetHints":{"allow":["GET"]}}],"collection":[{"href":"https:\/\/ceoparts.com\/es\/wp-json\/wp\/v2\/product"}],"about":[{"href":"https:\/\/ceoparts.com\/es\/wp-json\/wp\/v2\/types\/product"}],"wp:featuredmedia":[{"embeddable":true,"href":"https:\/\/ceoparts.com\/es\/wp-json\/wp\/v2\/media\/14992"}],"wp:attachment":[{"href":"https:\/\/ceoparts.com\/es\/wp-json\/wp\/v2\/media?parent=14990"}],"wp:term":[{"taxonomy":"product_brand","embeddable":true,"href":"https:\/\/ceoparts.com\/es\/wp-json\/wp\/v2\/product_brand?post=14990"},{"taxonomy":"product_cat","embeddable":true,"href":"https:\/\/ceoparts.com\/es\/wp-json\/wp\/v2\/product_cat?post=14990"},{"taxonomy":"product_tag","embeddable":true,"href":"https:\/\/ceoparts.com\/es\/wp-json\/wp\/v2\/product_tag?post=14990"}],"curies":[{"name":"wp","href":"https:\/\/api.w.org\/{rel}","templated":true}]}}