{"id":14995,"date":"2025-02-18T18:38:11","date_gmt":"2025-02-18T15:38:11","guid":{"rendered":"https:\/\/ceoparts.com\/?post_type=product&#038;p=14995"},"modified":"2026-05-16T21:02:50","modified_gmt":"2026-05-16T18:02:50","slug":"tcm-dingil-potansi-11718643-643611718643","status":"publish","type":"product","link":"https:\/\/ceoparts.com\/es\/urun\/tcm-dingil-potansi-11718643-643611718643\/","title":{"rendered":"Potenci\u00f3metro de eje TCM &#8211; 11718643, 643611718643"},"content":{"rendered":"<p>Potenci\u00f3metro de eje TCM &#8211; 11718643, 643611718643<\/p>","protected":false},"excerpt":{"rendered":"<p data-start=\"0\" data-end=\"245\"><br data-start=\"3337\" data-end=\"3340\" \/>La <strong data-start=\"3343\" data-end=\"3373\">barra de uni\u00f3n del eje TCM<\/strong> utilizada en carretillas elevadoras es una pieza robusta y duradera que proporciona potencia y estabilidad al sistema del eje de la carretilla. Fabricada con materiales de alta calidad, mejora el rendimiento de la carretilla y ofrece una larga vida \u00fatil.<\/p>\n<p data-start=\"3630\" data-end=\"3919\" data-is-last-node=\"\" data-is-only-node=\"\"><strong data-start=\"3630\" data-end=\"3650\">Caracter\u00edsticas:<\/strong><br data-start=\"3650\" data-end=\"3653\" \/><strong data-start=\"3653\" data-end=\"3677\">Nombre del producto:<\/strong> Barra de uni\u00f3n del eje TCM<br data-start=\"3704\" data-end=\"3707\" \/><strong data-start=\"3707\" data-end=\"3727\">N\u00famero de pieza:<\/strong> 11718643, 643611718643<br data-start=\"3750\" data-end=\"3753\" \/><strong data-start=\"3753\" data-end=\"3766\">Material:<\/strong> Aleaci\u00f3n met\u00e1lica duradera<br data-start=\"3793\" data-end=\"3796\" \/><strong data-start=\"3796\" data-end=\"3812\">\u00c1rea de uso:<\/strong> Sistemas de eje para carretillas TCM<br data-start=\"3849\" data-end=\"3852\" \/><strong data-start=\"3852\" data-end=\"3864\">Ventaja:<\/strong> Construcci\u00f3n s\u00f3lida, alta durabilidad, larga vida \u00fatil<\/p>\n","protected":false},"featured_media":14997,"template":"","meta":[],"product_brand":[],"product_cat":[469],"product_tag":[],"class_list":{"0":"post-14995","1":"product","2":"type-product","3":"status-publish","4":"has-post-thumbnail","6":"product_cat-elektrik-ve-sistem-parcalari","8":"first","9":"instock","10":"taxable","11":"shipping-taxable","12":"purchasable","13":"product-type-simple"},"_links":{"self":[{"href":"https:\/\/ceoparts.com\/es\/wp-json\/wp\/v2\/product\/14995","targetHints":{"allow":["GET"]}}],"collection":[{"href":"https:\/\/ceoparts.com\/es\/wp-json\/wp\/v2\/product"}],"about":[{"href":"https:\/\/ceoparts.com\/es\/wp-json\/wp\/v2\/types\/product"}],"wp:featuredmedia":[{"embeddable":true,"href":"https:\/\/ceoparts.com\/es\/wp-json\/wp\/v2\/media\/14997"}],"wp:attachment":[{"href":"https:\/\/ceoparts.com\/es\/wp-json\/wp\/v2\/media?parent=14995"}],"wp:term":[{"taxonomy":"product_brand","embeddable":true,"href":"https:\/\/ceoparts.com\/es\/wp-json\/wp\/v2\/product_brand?post=14995"},{"taxonomy":"product_cat","embeddable":true,"href":"https:\/\/ceoparts.com\/es\/wp-json\/wp\/v2\/product_cat?post=14995"},{"taxonomy":"product_tag","embeddable":true,"href":"https:\/\/ceoparts.com\/es\/wp-json\/wp\/v2\/product_tag?post=14995"}],"curies":[{"name":"wp","href":"https:\/\/api.w.org\/{rel}","templated":true}]}}