{"id":15000,"date":"2025-02-18T18:42:26","date_gmt":"2025-02-18T15:42:26","guid":{"rendered":"https:\/\/ceoparts.com\/?post_type=product&#038;p=15000"},"modified":"2026-05-16T22:04:07","modified_gmt":"2026-05-16T19:04:07","slug":"linde-encoder-3095400903-1920354","status":"publish","type":"product","link":"https:\/\/ceoparts.com\/es\/urun\/linde-encoder-3095400903-1920354\/","title":{"rendered":"Encoder Linde &#8211; 3095400903, 1920354"},"content":{"rendered":"<p>Encoder Linde &#8211; 3095400903, 1920354<\/p>\n<p>1173\u00a0L14\/L16\/L20<br \/>\n1173\u00a0L14\/L16\/L20<\/p>","protected":false},"excerpt":{"rendered":"<p data-start=\"0\" data-end=\"292\"><br data-start=\"3852\" data-end=\"3855\" \/>El <strong data-start=\"3858\" data-end=\"3875\">encoder Linde<\/strong> utilizado en carretillas elevadoras es un sensor de alta calidad que proporciona mediciones precisas en los sistemas de control de movimiento y posici\u00f3n de la carretilla. Su construcci\u00f3n duradera asegura un rendimiento fiable en condiciones de trabajo dif\u00edciles y apoya un funcionamiento eficiente de la carretilla.<\/p>\n<p data-start=\"4193\" data-end=\"4522\" data-is-last-node=\"\" data-is-only-node=\"\"><strong data-start=\"4193\" data-end=\"4213\">Caracter\u00edsticas:<\/strong><br data-start=\"4213\" data-end=\"4216\" \/><strong data-start=\"4216\" data-end=\"4240\">Nombre del producto:<\/strong> Encoder Linde<br data-start=\"4254\" data-end=\"4257\" \/><strong data-start=\"4257\" data-end=\"4277\">N\u00famero de pieza:<\/strong> 3095400903, 1920354<br data-start=\"4297\" data-end=\"4300\" \/><strong data-start=\"4300\" data-end=\"4313\">Material:<\/strong> Componentes electr\u00f3nicos y met\u00e1licos duraderos<br data-start=\"4360\" data-end=\"4363\" \/><strong data-start=\"4363\" data-end=\"4379\">\u00c1rea de uso:<\/strong> Sistemas de control de movimiento y posici\u00f3n para carretillas Linde<br data-start=\"4447\" data-end=\"4450\" \/><strong data-start=\"4450\" data-end=\"4462\">Ventaja:<\/strong> Medici\u00f3n precisa, construcci\u00f3n duradera, rendimiento fiable<\/p>\n","protected":false},"featured_media":15002,"template":"","meta":[],"product_brand":[],"product_cat":[246,470,523],"product_tag":[],"class_list":{"0":"post-15000","1":"product","2":"type-product","3":"status-publish","4":"has-post-thumbnail","6":"product_cat-linde","7":"product_cat-diger-yedek-parcalar","8":"product_cat-yedek-parca-linde","10":"first","11":"instock","12":"taxable","13":"shipping-taxable","14":"purchasable","15":"product-type-simple"},"_links":{"self":[{"href":"https:\/\/ceoparts.com\/es\/wp-json\/wp\/v2\/product\/15000","targetHints":{"allow":["GET"]}}],"collection":[{"href":"https:\/\/ceoparts.com\/es\/wp-json\/wp\/v2\/product"}],"about":[{"href":"https:\/\/ceoparts.com\/es\/wp-json\/wp\/v2\/types\/product"}],"wp:featuredmedia":[{"embeddable":true,"href":"https:\/\/ceoparts.com\/es\/wp-json\/wp\/v2\/media\/15002"}],"wp:attachment":[{"href":"https:\/\/ceoparts.com\/es\/wp-json\/wp\/v2\/media?parent=15000"}],"wp:term":[{"taxonomy":"product_brand","embeddable":true,"href":"https:\/\/ceoparts.com\/es\/wp-json\/wp\/v2\/product_brand?post=15000"},{"taxonomy":"product_cat","embeddable":true,"href":"https:\/\/ceoparts.com\/es\/wp-json\/wp\/v2\/product_cat?post=15000"},{"taxonomy":"product_tag","embeddable":true,"href":"https:\/\/ceoparts.com\/es\/wp-json\/wp\/v2\/product_tag?post=15000"}],"curies":[{"name":"wp","href":"https:\/\/api.w.org\/{rel}","templated":true}]}}