{"id":15010,"date":"2025-02-18T19:01:46","date_gmt":"2025-02-18T16:01:46","guid":{"rendered":"https:\/\/ceoparts.com\/?post_type=product&#038;p=15010"},"modified":"2026-05-16T21:30:34","modified_gmt":"2026-05-16T18:30:34","slug":"jungheinrich-kol-dayama-baglanti-parcasi-50434609-12036539","status":"publish","type":"product","link":"https:\/\/ceoparts.com\/es\/urun\/jungheinrich-kol-dayama-baglanti-parcasi-50434609-12036539\/","title":{"rendered":"Parte de conexi\u00f3n del soporte de brazo Jungheinrich &#8211; 50434609, 12036539"},"content":{"rendered":"<p>Parte de conexi\u00f3n del soporte de brazo Jungheinrich &#8211; 50434609, 12036539<\/p>","protected":false},"excerpt":{"rendered":"<p data-start=\"0\" data-end=\"282\"><br data-start=\"3528\" data-end=\"3531\" \/>El <strong data-start=\"3534\" data-end=\"3575\">conector de reposabrazos Jungheinrich<\/strong> utilizado en carretillas elevadoras es una pieza duradera que conecta de forma segura el reposabrazos del operador con la estructura de la carretilla. Fabricado con materiales de alta calidad, ofrece una larga vida \u00fatil y soporte ergon\u00f3mico.<\/p>\n<p data-start=\"3819\" data-end=\"4131\" data-is-last-node=\"\" data-is-only-node=\"\"><strong data-start=\"3819\" data-end=\"3839\">Caracter\u00edsticas:<\/strong><br data-start=\"3839\" data-end=\"3842\" \/><strong data-start=\"3842\" data-end=\"3866\">Nombre del producto:<\/strong> Conector de reposabrazos Jungheinrich<br data-start=\"3904\" data-end=\"3907\" \/><strong data-start=\"3907\" data-end=\"3927\">N\u00famero de pieza:<\/strong> 50434609, 12036539<br data-start=\"3946\" data-end=\"3949\" \/><strong data-start=\"3949\" data-end=\"3962\">Material:<\/strong> Aleaci\u00f3n met\u00e1lica duradera<br data-start=\"3989\" data-end=\"3992\" \/><strong data-start=\"3992\" data-end=\"4008\">\u00c1rea de uso:<\/strong> Sistemas de reposabrazos para carretillas Jungheinrich<br data-start=\"4063\" data-end=\"4066\" \/><strong data-start=\"4066\" data-end=\"4078\">Ventaja:<\/strong> Conexi\u00f3n segura, larga vida \u00fatil, soporte ergon\u00f3mico<\/p>\n","protected":false},"featured_media":15013,"template":"","meta":[],"product_brand":[],"product_cat":[236,470,522],"product_tag":[],"class_list":{"0":"post-15010","1":"product","2":"type-product","3":"status-publish","4":"has-post-thumbnail","6":"product_cat-jungheinrich","7":"product_cat-diger-yedek-parcalar","8":"product_cat-yedek-parca-jungheinrich","10":"first","11":"instock","12":"taxable","13":"shipping-taxable","14":"purchasable","15":"product-type-simple"},"_links":{"self":[{"href":"https:\/\/ceoparts.com\/es\/wp-json\/wp\/v2\/product\/15010","targetHints":{"allow":["GET"]}}],"collection":[{"href":"https:\/\/ceoparts.com\/es\/wp-json\/wp\/v2\/product"}],"about":[{"href":"https:\/\/ceoparts.com\/es\/wp-json\/wp\/v2\/types\/product"}],"wp:featuredmedia":[{"embeddable":true,"href":"https:\/\/ceoparts.com\/es\/wp-json\/wp\/v2\/media\/15013"}],"wp:attachment":[{"href":"https:\/\/ceoparts.com\/es\/wp-json\/wp\/v2\/media?parent=15010"}],"wp:term":[{"taxonomy":"product_brand","embeddable":true,"href":"https:\/\/ceoparts.com\/es\/wp-json\/wp\/v2\/product_brand?post=15010"},{"taxonomy":"product_cat","embeddable":true,"href":"https:\/\/ceoparts.com\/es\/wp-json\/wp\/v2\/product_cat?post=15010"},{"taxonomy":"product_tag","embeddable":true,"href":"https:\/\/ceoparts.com\/es\/wp-json\/wp\/v2\/product_tag?post=15010"}],"curies":[{"name":"wp","href":"https:\/\/api.w.org\/{rel}","templated":true}]}}