{"id":15016,"date":"2025-02-18T19:11:32","date_gmt":"2025-02-18T16:11:32","guid":{"rendered":"https:\/\/ceoparts.com\/?post_type=product&#038;p=15016"},"modified":"2026-05-16T22:38:07","modified_gmt":"2026-05-16T19:38:07","slug":"still-tekerlek-reduktor-12553856-532326","status":"publish","type":"product","link":"https:\/\/ceoparts.com\/es\/urun\/still-tekerlek-reduktor-12553856-532326\/","title":{"rendered":"Reductor de rueda Still &#8211; 12553856, 532326"},"content":{"rendered":"<p>Reductor de rueda Still &#8211; 12553856, 532326<\/p>\n<p>Forklift Parts 16024530310 AKSON for<br \/>\nLINDE<br \/>\n388 E35,40,45,50,<br \/>\n392 H20,H25,<br \/>\n393 H25,H30,H35(RH) forklift<br \/>\n388\/392\/393<\/p>","protected":false},"excerpt":{"rendered":"<article class=\"text-token-text-primary w-full\" dir=\"auto\" data-testid=\"conversation-turn-62\" data-scroll-anchor=\"true\">\n<div class=\"text-base my-auto mx-auto py-5 [--thread-content-margin:--spacing(4)] @[37rem]:[--thread-content-margin:--spacing(6)] @[72rem]:[--thread-content-margin:--spacing(16)] px-(--thread-content-margin)\">\n<div class=\"[--thread-content-max-width:32rem] @[34rem]:[--thread-content-max-width:40rem] @[64rem]:[--thread-content-max-width:48rem] mx-auto flex max-w-(--thread-content-max-width) flex-1 text-base gap-4 md:gap-5 lg:gap-6 group\/turn-messages focus-visible:outline-hidden\" tabindex=\"-1\">\n<div class=\"group\/conversation-turn relative flex w-full min-w-0 flex-col agent-turn\">\n<div class=\"relative flex-col gap-1 md:gap-3\">\n<div class=\"flex max-w-full flex-col grow\">\n<div class=\"min-h-8 text-message relative flex w-full flex-col items-end gap-2 text-start break-words whitespace-normal [.text-message+&amp;]:mt-5\" dir=\"auto\" data-message-author-role=\"assistant\" data-message-id=\"0b713b69-28d4-49d0-991d-f4f40be43932\" data-message-model-slug=\"gpt-4-1-mini\">\n<div class=\"flex w-full flex-col gap-1 empty:hidden first:pt-[3px]\">\n<div class=\"markdown prose dark:prose-invert w-full break-words light\">\n<p data-start=\"0\" data-end=\"289\"><br data-start=\"3578\" data-end=\"3581\" \/>El <strong data-start=\"3584\" data-end=\"3611\">reductor de rueda Still<\/strong> utilizado en carretillas elevadoras es un reductor duradero y de alto rendimiento que fortalece el movimiento de la rueda y proporciona la transmisi\u00f3n de par. Fabricado con materiales de alta calidad, ofrece una larga vida \u00fatil y es adecuado para condiciones de trabajo exigentes.<\/p>\n<p data-start=\"3894\" data-end=\"4201\" data-is-last-node=\"\" data-is-only-node=\"\"><strong data-start=\"3894\" data-end=\"3914\">Caracter\u00edsticas:<\/strong><br data-start=\"3914\" data-end=\"3917\" \/><strong data-start=\"3917\" data-end=\"3941\">Nombre del producto:<\/strong> Reductor de rueda Still<br data-start=\"3965\" data-end=\"3968\" \/><strong data-start=\"3968\" data-end=\"3988\">N\u00famero de pieza:<\/strong> 12553856, 532326<br data-start=\"4005\" data-end=\"4008\" \/><strong data-start=\"4008\" data-end=\"4021\">Material:<\/strong> Aleaci\u00f3n met\u00e1lica de alta resistencia<br data-start=\"4059\" data-end=\"4062\" \/><strong data-start=\"4062\" data-end=\"4078\">\u00c1rea de uso:<\/strong> Sistemas de ruedas para carretillas Still<br data-start=\"4120\" data-end=\"4123\" \/><strong data-start=\"4123\" data-end=\"4135\">Ventaja:<\/strong> Transmisi\u00f3n de par fuerte, construcci\u00f3n duradera, larga vida \u00fatil<\/p>\n<\/div>\n<\/div>\n<\/div>\n<\/div>\n<\/div>\n<\/div>\n<\/div>\n<\/div>\n<\/article>\n","protected":false},"featured_media":15020,"template":"","meta":[],"product_brand":[],"product_cat":[470,241,246,523,524],"product_tag":[512,513,514],"class_list":{"0":"post-15016","1":"product","2":"type-product","3":"status-publish","4":"has-post-thumbnail","6":"product_cat-diger-yedek-parcalar","7":"product_cat-still","8":"product_cat-linde","9":"product_cat-yedek-parca-linde","10":"product_cat-yedek-parca-still","11":"product_tag-still-tekerlek-reduktoru","12":"product_tag-513","13":"product_tag-514","15":"first","16":"instock","17":"taxable","18":"shipping-taxable","19":"purchasable","20":"product-type-simple"},"_links":{"self":[{"href":"https:\/\/ceoparts.com\/es\/wp-json\/wp\/v2\/product\/15016","targetHints":{"allow":["GET"]}}],"collection":[{"href":"https:\/\/ceoparts.com\/es\/wp-json\/wp\/v2\/product"}],"about":[{"href":"https:\/\/ceoparts.com\/es\/wp-json\/wp\/v2\/types\/product"}],"wp:featuredmedia":[{"embeddable":true,"href":"https:\/\/ceoparts.com\/es\/wp-json\/wp\/v2\/media\/15020"}],"wp:attachment":[{"href":"https:\/\/ceoparts.com\/es\/wp-json\/wp\/v2\/media?parent=15016"}],"wp:term":[{"taxonomy":"product_brand","embeddable":true,"href":"https:\/\/ceoparts.com\/es\/wp-json\/wp\/v2\/product_brand?post=15016"},{"taxonomy":"product_cat","embeddable":true,"href":"https:\/\/ceoparts.com\/es\/wp-json\/wp\/v2\/product_cat?post=15016"},{"taxonomy":"product_tag","embeddable":true,"href":"https:\/\/ceoparts.com\/es\/wp-json\/wp\/v2\/product_tag?post=15016"}],"curies":[{"name":"wp","href":"https:\/\/api.w.org\/{rel}","templated":true}]}}