{"id":15021,"date":"2025-02-18T19:14:45","date_gmt":"2025-02-18T16:14:45","guid":{"rendered":"https:\/\/ceoparts.com\/?post_type=product&#038;p=15021"},"modified":"2026-05-17T00:00:14","modified_gmt":"2026-05-16T21:00:14","slug":"linde-yuruyus-reduktoru-0039811001","status":"publish","type":"product","link":"https:\/\/ceoparts.com\/es\/urun\/linde-yuruyus-reduktoru-0039811001\/","title":{"rendered":"Reductor de marcha Linde &#8211; 0039811001"},"content":{"rendered":"<p>Reductor de marcha Linde &#8211; 0039811001<\/p>","protected":false},"excerpt":{"rendered":"<p data-start=\"0\" data-end=\"286\"><br data-start=\"3574\" data-end=\"3577\" \/>El <strong data-start=\"3580\" data-end=\"3608\">reductor de marcha Linde<\/strong> utilizado en carretillas elevadoras es un reductor duradero y de alto rendimiento que proporciona la transmisi\u00f3n de potencia en el mecanismo de desplazamiento de la carretilla. Fabricado con materiales de alta calidad, mejora la eficiencia del movimiento y ofrece una larga vida \u00fatil.<\/p>\n<p data-start=\"3895\" data-end=\"4205\" data-is-last-node=\"\" data-is-only-node=\"\"><strong data-start=\"3895\" data-end=\"3915\">Caracter\u00edsticas:<\/strong><br data-start=\"3915\" data-end=\"3918\" \/><strong data-start=\"3918\" data-end=\"3942\">Nombre del producto:<\/strong> Reductor de marcha Linde<br data-start=\"3967\" data-end=\"3970\" \/><strong data-start=\"3970\" data-end=\"3990\">N\u00famero de pieza:<\/strong> 0039811001<br data-start=\"4001\" data-end=\"4004\" \/><strong data-start=\"4004\" data-end=\"4017\">Material:<\/strong> Aleaci\u00f3n met\u00e1lica de alta resistencia<br data-start=\"4055\" data-end=\"4058\" \/><strong data-start=\"4058\" data-end=\"4074\">\u00c1rea de uso:<\/strong> Sistemas de desplazamiento para carretillas Linde<br data-start=\"4124\" data-end=\"4127\" \/><strong data-start=\"4127\" data-end=\"4139\">Ventaja:<\/strong> Transmisi\u00f3n de par fuerte, construcci\u00f3n duradera, larga vida \u00fatil<\/p>\n","protected":false},"featured_media":17088,"template":"","meta":[],"product_brand":[],"product_cat":[246,470,523],"product_tag":[],"class_list":{"0":"post-15021","1":"product","2":"type-product","3":"status-publish","4":"has-post-thumbnail","6":"product_cat-linde","7":"product_cat-diger-yedek-parcalar","8":"product_cat-yedek-parca-linde","10":"first","11":"instock","12":"taxable","13":"shipping-taxable","14":"purchasable","15":"product-type-simple"},"_links":{"self":[{"href":"https:\/\/ceoparts.com\/es\/wp-json\/wp\/v2\/product\/15021","targetHints":{"allow":["GET"]}}],"collection":[{"href":"https:\/\/ceoparts.com\/es\/wp-json\/wp\/v2\/product"}],"about":[{"href":"https:\/\/ceoparts.com\/es\/wp-json\/wp\/v2\/types\/product"}],"wp:featuredmedia":[{"embeddable":true,"href":"https:\/\/ceoparts.com\/es\/wp-json\/wp\/v2\/media\/17088"}],"wp:attachment":[{"href":"https:\/\/ceoparts.com\/es\/wp-json\/wp\/v2\/media?parent=15021"}],"wp:term":[{"taxonomy":"product_brand","embeddable":true,"href":"https:\/\/ceoparts.com\/es\/wp-json\/wp\/v2\/product_brand?post=15021"},{"taxonomy":"product_cat","embeddable":true,"href":"https:\/\/ceoparts.com\/es\/wp-json\/wp\/v2\/product_cat?post=15021"},{"taxonomy":"product_tag","embeddable":true,"href":"https:\/\/ceoparts.com\/es\/wp-json\/wp\/v2\/product_tag?post=15021"}],"curies":[{"name":"wp","href":"https:\/\/api.w.org\/{rel}","templated":true}]}}