{"id":15035,"date":"2025-02-18T19:27:49","date_gmt":"2025-02-18T16:27:49","guid":{"rendered":"https:\/\/ceoparts.com\/?post_type=product&#038;p=15035"},"modified":"2026-05-16T21:35:29","modified_gmt":"2026-05-16T18:35:29","slug":"jungheinrich-hidrolik-hortum-50435178","status":"publish","type":"product","link":"https:\/\/ceoparts.com\/es\/urun\/jungheinrich-hidrolik-hortum-50435178\/","title":{"rendered":"Manguera hidr\u00e1ulica Jungheinrich &#8211; 50435178"},"content":{"rendered":"<p>Manguera hidr\u00e1ulica Jungheinrich &#8211; 50435178<\/p>","protected":false},"excerpt":{"rendered":"<p data-start=\"0\" data-end=\"292\"><br data-start=\"3596\" data-end=\"3599\" \/>La <strong data-start=\"3602\" data-end=\"3638\">manguera hidr\u00e1ulica Jungheinrich<\/strong> utilizada en carretillas elevadoras es una manguera duradera y flexible dise\u00f1ada para transportar de forma segura y sin fugas fluidos hidr\u00e1ulicos de alta presi\u00f3n. Fabricada con materiales de alta calidad, es duradera y adecuada para condiciones de trabajo exigentes.<\/p>\n<p data-start=\"3907\" data-end=\"4215\" data-is-last-node=\"\" data-is-only-node=\"\"><strong data-start=\"3907\" data-end=\"3927\">Caracter\u00edsticas:<\/strong><br data-start=\"3927\" data-end=\"3930\" \/><strong data-start=\"3930\" data-end=\"3954\">Nombre del producto:<\/strong> Manguera hidr\u00e1ulica Jungheinrich<br data-start=\"3987\" data-end=\"3990\" \/><strong data-start=\"3990\" data-end=\"4010\">N\u00famero de pieza:<\/strong> 50435178<br data-start=\"4019\" data-end=\"4022\" \/><strong data-start=\"4022\" data-end=\"4035\">Material:<\/strong> Caucho resistente a alta presi\u00f3n con refuerzo met\u00e1lico<br data-start=\"4090\" data-end=\"4093\" \/><strong data-start=\"4093\" data-end=\"4109\">\u00c1rea de uso:<\/strong> Sistemas hidr\u00e1ulicos para carretillas Jungheinrich<br data-start=\"4160\" data-end=\"4163\" \/><strong data-start=\"4163\" data-end=\"4175\">Ventaja:<\/strong> Estanqueidad, durabilidad, flexibilidad<\/p>\n","protected":false},"featured_media":15037,"template":"","meta":[],"product_brand":[],"product_cat":[236,461,522],"product_tag":[],"class_list":{"0":"post-15035","1":"product","2":"type-product","3":"status-publish","4":"has-post-thumbnail","6":"product_cat-jungheinrich","7":"product_cat-hidrolik-sistemi","8":"product_cat-yedek-parca-jungheinrich","10":"first","11":"instock","12":"taxable","13":"shipping-taxable","14":"purchasable","15":"product-type-simple"},"_links":{"self":[{"href":"https:\/\/ceoparts.com\/es\/wp-json\/wp\/v2\/product\/15035","targetHints":{"allow":["GET"]}}],"collection":[{"href":"https:\/\/ceoparts.com\/es\/wp-json\/wp\/v2\/product"}],"about":[{"href":"https:\/\/ceoparts.com\/es\/wp-json\/wp\/v2\/types\/product"}],"wp:featuredmedia":[{"embeddable":true,"href":"https:\/\/ceoparts.com\/es\/wp-json\/wp\/v2\/media\/15037"}],"wp:attachment":[{"href":"https:\/\/ceoparts.com\/es\/wp-json\/wp\/v2\/media?parent=15035"}],"wp:term":[{"taxonomy":"product_brand","embeddable":true,"href":"https:\/\/ceoparts.com\/es\/wp-json\/wp\/v2\/product_brand?post=15035"},{"taxonomy":"product_cat","embeddable":true,"href":"https:\/\/ceoparts.com\/es\/wp-json\/wp\/v2\/product_cat?post=15035"},{"taxonomy":"product_tag","embeddable":true,"href":"https:\/\/ceoparts.com\/es\/wp-json\/wp\/v2\/product_tag?post=15035"}],"curies":[{"name":"wp","href":"https:\/\/api.w.org\/{rel}","templated":true}]}}