{"id":15040,"date":"2025-02-18T19:30:18","date_gmt":"2025-02-18T16:30:18","guid":{"rendered":"https:\/\/ceoparts.com\/?post_type=product&#038;p=15040"},"modified":"2026-05-16T21:02:51","modified_gmt":"2026-05-16T18:02:51","slug":"yaglama-spreyi","status":"publish","type":"product","link":"https:\/\/ceoparts.com\/es\/urun\/yaglama-spreyi\/","title":{"rendered":"Spray lubricante"},"content":{"rendered":"<p>Spray lubricante<\/p>","protected":false},"excerpt":{"rendered":"<p data-start=\"0\" data-end=\"310\"><br data-start=\"3598\" data-end=\"3601\" \/>El <strong data-start=\"3604\" data-end=\"3624\">spray lubricante<\/strong> utilizado en carretillas elevadoras y maquinaria pesada es un producto de mantenimiento de alta calidad dise\u00f1ado para reducir la fricci\u00f3n de las piezas m\u00f3viles, prevenir el \u00f3xido y asegurar una vida mec\u00e1nica prolongada. Su formato en spray f\u00e1cil de aplicar ofrece un uso pr\u00e1ctico.<\/p>\n<p data-start=\"3907\" data-end=\"4219\" data-is-last-node=\"\" data-is-only-node=\"\"><strong data-start=\"3907\" data-end=\"3927\">Caracter\u00edsticas:<\/strong><br data-start=\"3927\" data-end=\"3930\" \/><strong data-start=\"3930\" data-end=\"3954\">Nombre del producto:<\/strong> Spray lubricante<br data-start=\"3971\" data-end=\"3974\" \/><strong data-start=\"3974\" data-end=\"3994\">N\u00famero de pieza:<\/strong> &#8211;<br data-start=\"3996\" data-end=\"3999\" \/><strong data-start=\"3999\" data-end=\"4012\">Material:<\/strong> F\u00f3rmula especial a base de aceite<br data-start=\"4046\" data-end=\"4049\" \/><strong data-start=\"4049\" data-end=\"4065\">\u00c1rea de uso:<\/strong> Mantenimiento de piezas m\u00f3viles en carretillas elevadoras y maquinaria pesada<br data-start=\"4143\" data-end=\"4146\" \/><strong data-start=\"4146\" data-end=\"4158\">Ventaja:<\/strong> Reduce la fricci\u00f3n, previene el \u00f3xido, prolonga la vida \u00fatil<\/p>\n","protected":false},"featured_media":15042,"template":"","meta":[],"product_brand":[],"product_cat":[470],"product_tag":[],"class_list":{"0":"post-15040","1":"product","2":"type-product","3":"status-publish","4":"has-post-thumbnail","6":"product_cat-diger-yedek-parcalar","8":"first","9":"instock","10":"taxable","11":"shipping-taxable","12":"purchasable","13":"product-type-simple"},"_links":{"self":[{"href":"https:\/\/ceoparts.com\/es\/wp-json\/wp\/v2\/product\/15040","targetHints":{"allow":["GET"]}}],"collection":[{"href":"https:\/\/ceoparts.com\/es\/wp-json\/wp\/v2\/product"}],"about":[{"href":"https:\/\/ceoparts.com\/es\/wp-json\/wp\/v2\/types\/product"}],"wp:featuredmedia":[{"embeddable":true,"href":"https:\/\/ceoparts.com\/es\/wp-json\/wp\/v2\/media\/15042"}],"wp:attachment":[{"href":"https:\/\/ceoparts.com\/es\/wp-json\/wp\/v2\/media?parent=15040"}],"wp:term":[{"taxonomy":"product_brand","embeddable":true,"href":"https:\/\/ceoparts.com\/es\/wp-json\/wp\/v2\/product_brand?post=15040"},{"taxonomy":"product_cat","embeddable":true,"href":"https:\/\/ceoparts.com\/es\/wp-json\/wp\/v2\/product_cat?post=15040"},{"taxonomy":"product_tag","embeddable":true,"href":"https:\/\/ceoparts.com\/es\/wp-json\/wp\/v2\/product_tag?post=15040"}],"curies":[{"name":"wp","href":"https:\/\/api.w.org\/{rel}","templated":true}]}}