{"id":15054,"date":"2025-02-18T19:47:17","date_gmt":"2025-02-18T16:47:17","guid":{"rendered":"https:\/\/ceoparts.com\/?post_type=product&#038;p=15054"},"modified":"2026-05-16T18:41:14","modified_gmt":"2026-05-16T15:41:14","slug":"jungheinrich-ere120-kol-pedi-sol-51437758","status":"publish","type":"product","link":"https:\/\/ceoparts.com\/es\/urun\/jungheinrich-ere120-kol-pedi-sol-51437758\/","title":{"rendered":"Almohadilla de brazo Jungheinrich ERE120 Izquierda &#8211; 51437758"},"content":{"rendered":"<p>Almohadilla de brazo Jungheinrich ERE120 Izquierda &#8211; 51437758<\/p>","protected":false},"excerpt":{"rendered":"<p data-start=\"0\" data-end=\"296\"><br data-start=\"3922\" data-end=\"3925\" \/>La <strong data-start=\"3928\" data-end=\"3990\">almohadilla del reposabrazos izquierdo Jungheinrich ERE120<\/strong> utilizada en carretillas elevadoras es una pieza ergon\u00f3mica y duradera dise\u00f1ada para apoyar el brazo izquierdo del operador. Fabricada con materiales de alta calidad, mejora la comodidad y ofrece una larga vida \u00fatil. Sirve como almohadilla del reposabrazos izquierdo durante la operaci\u00f3n.<\/p>\n<p data-start=\"4281\" data-end=\"4621\" data-is-last-node=\"\" data-is-only-node=\"\"><strong data-start=\"4281\" data-end=\"4301\">Caracter\u00edsticas:<\/strong><br data-start=\"4301\" data-end=\"4304\" \/><strong data-start=\"4304\" data-end=\"4328\">Nombre del producto:<\/strong> Almohadilla del reposabrazos izquierdo Jungheinrich ERE120<br data-start=\"4387\" data-end=\"4390\" \/><strong data-start=\"4390\" data-end=\"4410\">N\u00famero de pieza:<\/strong> 51437758<br data-start=\"4419\" data-end=\"4422\" \/><strong data-start=\"4422\" data-end=\"4435\">Material:<\/strong> Pl\u00e1stico duradero y espuma<br data-start=\"4462\" data-end=\"4465\" \/><strong data-start=\"4465\" data-end=\"4481\">\u00c1rea de uso:<\/strong> Sistemas de soporte de brazo para operador Jungheinrich ERE120<br data-start=\"4544\" data-end=\"4547\" \/><strong data-start=\"4547\" data-end=\"4559\">Ventaja:<\/strong> Dise\u00f1o ergon\u00f3mico, mejora la comodidad, construcci\u00f3n duradera<\/p>\n","protected":false},"featured_media":15061,"template":"","meta":[],"product_brand":[],"product_cat":[236,470,522],"product_tag":[],"class_list":{"0":"post-15054","1":"product","2":"type-product","3":"status-publish","4":"has-post-thumbnail","6":"product_cat-jungheinrich","7":"product_cat-diger-yedek-parcalar","8":"product_cat-yedek-parca-jungheinrich","10":"first","11":"instock","12":"taxable","13":"shipping-taxable","14":"purchasable","15":"product-type-simple"},"_links":{"self":[{"href":"https:\/\/ceoparts.com\/es\/wp-json\/wp\/v2\/product\/15054","targetHints":{"allow":["GET"]}}],"collection":[{"href":"https:\/\/ceoparts.com\/es\/wp-json\/wp\/v2\/product"}],"about":[{"href":"https:\/\/ceoparts.com\/es\/wp-json\/wp\/v2\/types\/product"}],"wp:featuredmedia":[{"embeddable":true,"href":"https:\/\/ceoparts.com\/es\/wp-json\/wp\/v2\/media\/15061"}],"wp:attachment":[{"href":"https:\/\/ceoparts.com\/es\/wp-json\/wp\/v2\/media?parent=15054"}],"wp:term":[{"taxonomy":"product_brand","embeddable":true,"href":"https:\/\/ceoparts.com\/es\/wp-json\/wp\/v2\/product_brand?post=15054"},{"taxonomy":"product_cat","embeddable":true,"href":"https:\/\/ceoparts.com\/es\/wp-json\/wp\/v2\/product_cat?post=15054"},{"taxonomy":"product_tag","embeddable":true,"href":"https:\/\/ceoparts.com\/es\/wp-json\/wp\/v2\/product_tag?post=15054"}],"curies":[{"name":"wp","href":"https:\/\/api.w.org\/{rel}","templated":true}]}}