{"id":15060,"date":"2025-02-18T19:57:35","date_gmt":"2025-02-18T16:57:35","guid":{"rendered":"https:\/\/ceoparts.com\/?post_type=product&#038;p=15060"},"modified":"2026-05-16T15:09:15","modified_gmt":"2026-05-16T12:09:15","slug":"jungheinrich-ere120-kol-pedi-sag-51437760","status":"publish","type":"product","link":"https:\/\/ceoparts.com\/es\/urun\/jungheinrich-ere120-kol-pedi-sag-51437760\/","title":{"rendered":"Almohadilla de brazo Jungheinrich ERE120 Derecho &#8211; 51437760"},"content":{"rendered":"<p>Almohadilla de brazo Jungheinrich ERE120 Derecho &#8211; 51437760<\/p>","protected":false},"excerpt":{"rendered":"<p data-start=\"0\" data-end=\"292\"><br data-start=\"3876\" data-end=\"3879\" \/>La <strong data-start=\"3882\" data-end=\"3942\">almohadilla del reposabrazos derecho Jungheinrich ERE120<\/strong> utilizada en carretillas elevadoras es una pieza ergon\u00f3mica y duradera dise\u00f1ada para apoyar el brazo del operador. Fabricada con materiales de alta calidad, mejora la comodidad y ofrece una larga vida \u00fatil. Sirve como almohadilla del reposabrazos derecho durante la operaci\u00f3n.<\/p>\n<p data-start=\"4221\" data-end=\"4559\" data-is-last-node=\"\" data-is-only-node=\"\"><strong data-start=\"4221\" data-end=\"4241\">Caracter\u00edsticas:<\/strong><br data-start=\"4241\" data-end=\"4244\" \/><strong data-start=\"4244\" data-end=\"4268\">Nombre del producto:<\/strong> Almohadilla del reposabrazos derecho Jungheinrich ERE120<br data-start=\"4325\" data-end=\"4328\" \/><strong data-start=\"4328\" data-end=\"4348\">N\u00famero de pieza:<\/strong> 51437760<br data-start=\"4357\" data-end=\"4360\" \/><strong data-start=\"4360\" data-end=\"4373\">Material:<\/strong> Pl\u00e1stico duradero y espuma<br data-start=\"4400\" data-end=\"4403\" \/><strong data-start=\"4403\" data-end=\"4419\">\u00c1rea de uso:<\/strong> Sistemas de soporte de brazo para operador Jungheinrich ERE120<br data-start=\"4482\" data-end=\"4485\" \/><strong data-start=\"4485\" data-end=\"4497\">Ventaja:<\/strong> Dise\u00f1o ergon\u00f3mico, mejora la comodidad, construcci\u00f3n duradera<\/p>\n","protected":false},"featured_media":15062,"template":"","meta":[],"product_brand":[],"product_cat":[236,470,522],"product_tag":[],"class_list":{"0":"post-15060","1":"product","2":"type-product","3":"status-publish","4":"has-post-thumbnail","6":"product_cat-jungheinrich","7":"product_cat-diger-yedek-parcalar","8":"product_cat-yedek-parca-jungheinrich","10":"first","11":"instock","12":"taxable","13":"shipping-taxable","14":"purchasable","15":"product-type-simple"},"_links":{"self":[{"href":"https:\/\/ceoparts.com\/es\/wp-json\/wp\/v2\/product\/15060","targetHints":{"allow":["GET"]}}],"collection":[{"href":"https:\/\/ceoparts.com\/es\/wp-json\/wp\/v2\/product"}],"about":[{"href":"https:\/\/ceoparts.com\/es\/wp-json\/wp\/v2\/types\/product"}],"wp:featuredmedia":[{"embeddable":true,"href":"https:\/\/ceoparts.com\/es\/wp-json\/wp\/v2\/media\/15062"}],"wp:attachment":[{"href":"https:\/\/ceoparts.com\/es\/wp-json\/wp\/v2\/media?parent=15060"}],"wp:term":[{"taxonomy":"product_brand","embeddable":true,"href":"https:\/\/ceoparts.com\/es\/wp-json\/wp\/v2\/product_brand?post=15060"},{"taxonomy":"product_cat","embeddable":true,"href":"https:\/\/ceoparts.com\/es\/wp-json\/wp\/v2\/product_cat?post=15060"},{"taxonomy":"product_tag","embeddable":true,"href":"https:\/\/ceoparts.com\/es\/wp-json\/wp\/v2\/product_tag?post=15060"}],"curies":[{"name":"wp","href":"https:\/\/api.w.org\/{rel}","templated":true}]}}