{"id":15114,"date":"2025-02-19T14:20:27","date_gmt":"2025-02-19T11:20:27","guid":{"rendered":"https:\/\/ceoparts.com\/?post_type=product&#038;p=15114"},"modified":"2026-05-16T17:23:01","modified_gmt":"2026-05-16T14:23:01","slug":"still-fmx-direksiyon-topuzu-163524","status":"publish","type":"product","link":"https:\/\/ceoparts.com\/es\/urun\/still-fmx-direksiyon-topuzu-163524\/","title":{"rendered":"Still FMX Bot\u00f3n de direcci\u00f3n &#8211; 163524"},"content":{"rendered":"<p>Still FMX Bot\u00f3n de direcci\u00f3n &#8211; 163524<\/p>\n<p><\/p>","protected":false},"excerpt":{"rendered":"<p data-start=\"0\" data-end=\"280\"><br data-start=\"3396\" data-end=\"3399\" \/>La <strong data-start=\"3402\" data-end=\"3436\">perilla de direcci\u00f3n Still FMX<\/strong> utilizada en carretillas elevadoras es una perilla de control ergon\u00f3mica y duradera dise\u00f1ada para mejorar el control de la direcci\u00f3n por parte del operador. Fabricada con materiales de alta calidad, es duradera y mejora la comodidad en el manejo.<\/p>\n<p data-start=\"3685\" data-end=\"3968\" data-is-last-node=\"\" data-is-only-node=\"\"><strong data-start=\"3685\" data-end=\"3705\">Caracter\u00edsticas:<\/strong><br data-start=\"3705\" data-end=\"3708\" \/><strong data-start=\"3708\" data-end=\"3732\">Nombre del producto:<\/strong> Perilla de direcci\u00f3n Still FMX<br data-start=\"3763\" data-end=\"3766\" \/><strong data-start=\"3766\" data-end=\"3786\">N\u00famero de pieza:<\/strong> 163524<br data-start=\"3793\" data-end=\"3796\" \/><strong data-start=\"3796\" data-end=\"3809\">Material:<\/strong> Pl\u00e1stico duradero y metal<br data-start=\"3835\" data-end=\"3838\" \/><strong data-start=\"3838\" data-end=\"3854\">\u00c1rea de uso:<\/strong> Sistemas de direcci\u00f3n para carretillas Still FMX<br data-start=\"3903\" data-end=\"3906\" \/><strong data-start=\"3906\" data-end=\"3918\">Ventaja:<\/strong> Dise\u00f1o ergon\u00f3mico, control f\u00e1cil, larga vida \u00fatil<\/p>\n","protected":false},"featured_media":20927,"template":"","meta":[],"product_brand":[],"product_cat":[241,450,470,524],"product_tag":[],"class_list":{"0":"post-15114","1":"product","2":"type-product","3":"status-publish","4":"has-post-thumbnail","6":"product_cat-still","7":"product_cat-direksiyon-sistemleri","8":"product_cat-diger-yedek-parcalar","9":"product_cat-yedek-parca-still","11":"first","12":"instock","13":"taxable","14":"shipping-taxable","15":"purchasable","16":"product-type-simple"},"_links":{"self":[{"href":"https:\/\/ceoparts.com\/es\/wp-json\/wp\/v2\/product\/15114","targetHints":{"allow":["GET"]}}],"collection":[{"href":"https:\/\/ceoparts.com\/es\/wp-json\/wp\/v2\/product"}],"about":[{"href":"https:\/\/ceoparts.com\/es\/wp-json\/wp\/v2\/types\/product"}],"wp:featuredmedia":[{"embeddable":true,"href":"https:\/\/ceoparts.com\/es\/wp-json\/wp\/v2\/media\/20927"}],"wp:attachment":[{"href":"https:\/\/ceoparts.com\/es\/wp-json\/wp\/v2\/media?parent=15114"}],"wp:term":[{"taxonomy":"product_brand","embeddable":true,"href":"https:\/\/ceoparts.com\/es\/wp-json\/wp\/v2\/product_brand?post=15114"},{"taxonomy":"product_cat","embeddable":true,"href":"https:\/\/ceoparts.com\/es\/wp-json\/wp\/v2\/product_cat?post=15114"},{"taxonomy":"product_tag","embeddable":true,"href":"https:\/\/ceoparts.com\/es\/wp-json\/wp\/v2\/product_tag?post=15114"}],"curies":[{"name":"wp","href":"https:\/\/api.w.org\/{rel}","templated":true}]}}