{"id":15126,"date":"2025-02-19T14:48:48","date_gmt":"2025-02-19T11:48:48","guid":{"rendered":"https:\/\/ceoparts.com\/?post_type=product&#038;p=15126"},"modified":"2026-05-16T17:30:08","modified_gmt":"2026-05-16T14:30:08","slug":"bt-lwe-swe-direksiyon-kumanda-kolu-240950765813476191477550593","status":"publish","type":"product","link":"https:\/\/ceoparts.com\/es\/urun\/bt-lwe-swe-direksiyon-kumanda-kolu-240950765813476191477550593\/","title":{"rendered":"BT LWE\/SWE Palanca de control de direcci\u00f3n &#8211; 240950, 7658134, 7619147, 7550593"},"content":{"rendered":"<p>BT LWE\/SWE Palanca de control de direcci\u00f3n &#8211; 240950, 7658134, 7619147, 7550593<\/p>","protected":false},"excerpt":{"rendered":"<p data-start=\"0\" data-end=\"336\"><br data-start=\"4100\" data-end=\"4103\" \/>La <strong data-start=\"4106\" data-end=\"4152\">palanca de control de direcci\u00f3n BT LWE\/SWE<\/strong> utilizada en carretillas elevadoras es una palanca ergon\u00f3mica y duradera que facilita la direcci\u00f3n de la carretilla. Fabricada con materiales de alta calidad, mejora la comodidad del operador y ofrece un control preciso y fiable. Compatible con varios modelos mediante m\u00faltiples n\u00fameros de pieza.<\/p>\n<p data-start=\"4451\" data-end=\"4793\" data-is-last-node=\"\" data-is-only-node=\"\"><strong data-start=\"4451\" data-end=\"4471\">Caracter\u00edsticas:<\/strong><br data-start=\"4471\" data-end=\"4474\" \/><strong data-start=\"4474\" data-end=\"4498\">Nombre del producto:<\/strong> Palanca de control de direcci\u00f3n BT LWE\/SWE<br data-start=\"4541\" data-end=\"4544\" \/><strong data-start=\"4544\" data-end=\"4565\">N\u00fameros de pieza:<\/strong> 240950, 7658134, 7619147, 7550593<br data-start=\"4599\" data-end=\"4602\" \/><strong data-start=\"4602\" data-end=\"4615\">Material:<\/strong> Pl\u00e1stico duradero y aleaci\u00f3n met\u00e1lica<br data-start=\"4653\" data-end=\"4656\" \/><strong data-start=\"4656\" data-end=\"4672\">\u00c1rea de uso:<\/strong> Sistemas de direcci\u00f3n para carretillas Toyota LWE\/SWE<br data-start=\"4726\" data-end=\"4729\" \/><strong data-start=\"4729\" data-end=\"4741\">Ventaja:<\/strong> Dise\u00f1o ergon\u00f3mico, control preciso, larga vida \u00fatil<\/p>\n","protected":false},"featured_media":15130,"template":"","meta":[],"product_brand":[],"product_cat":[251,470,518,521,530],"product_tag":[],"class_list":{"0":"post-15126","1":"product","2":"type-product","3":"status-publish","4":"has-post-thumbnail","6":"product_cat-bt","7":"product_cat-diger-yedek-parcalar","8":"product_cat-yedek-parca-bt","9":"product_cat-toyota","10":"product_cat-yedek-parca-toyota","12":"first","13":"instock","14":"taxable","15":"shipping-taxable","16":"purchasable","17":"product-type-simple"},"_links":{"self":[{"href":"https:\/\/ceoparts.com\/es\/wp-json\/wp\/v2\/product\/15126","targetHints":{"allow":["GET"]}}],"collection":[{"href":"https:\/\/ceoparts.com\/es\/wp-json\/wp\/v2\/product"}],"about":[{"href":"https:\/\/ceoparts.com\/es\/wp-json\/wp\/v2\/types\/product"}],"wp:featuredmedia":[{"embeddable":true,"href":"https:\/\/ceoparts.com\/es\/wp-json\/wp\/v2\/media\/15130"}],"wp:attachment":[{"href":"https:\/\/ceoparts.com\/es\/wp-json\/wp\/v2\/media?parent=15126"}],"wp:term":[{"taxonomy":"product_brand","embeddable":true,"href":"https:\/\/ceoparts.com\/es\/wp-json\/wp\/v2\/product_brand?post=15126"},{"taxonomy":"product_cat","embeddable":true,"href":"https:\/\/ceoparts.com\/es\/wp-json\/wp\/v2\/product_cat?post=15126"},{"taxonomy":"product_tag","embeddable":true,"href":"https:\/\/ceoparts.com\/es\/wp-json\/wp\/v2\/product_tag?post=15126"}],"curies":[{"name":"wp","href":"https:\/\/api.w.org\/{rel}","templated":true}]}}