{"id":15133,"date":"2025-02-19T14:56:50","date_gmt":"2025-02-19T11:56:50","guid":{"rendered":"https:\/\/ceoparts.com\/?post_type=product&#038;p=15133"},"modified":"2026-05-16T17:35:48","modified_gmt":"2026-05-16T14:35:48","slug":"bt-toyota-lwe-swe-direksiyon-kolu-konsol-destegi-7619145-236916-7564532","status":"publish","type":"product","link":"https:\/\/ceoparts.com\/es\/urun\/bt-toyota-lwe-swe-direksiyon-kolu-konsol-destegi-7619145-236916-7564532\/","title":{"rendered":"Soporte de consola del manillar BT Toyota LWE\/SWE \u2013 7619145, 236916, 7564532"},"content":{"rendered":"<p>Soporte de consola del manillar BT Toyota LWE\/SWE \u2013 7619145, 236916, 7564532<\/p>\n<p>SWE 080L<br \/>\nSWE 100<br \/>\nSWE 120<br \/>\nSWE 120L SWE<br \/>\n120S<br \/>\nSWE 140<br \/>\nSWE 140L<br \/>\nSWE 200D<br \/>\nLWE 140<br \/>\nLWE 160<br \/>\nLWE 180<br \/>\nLWE 200<br \/>\nLWE 250<\/p>","protected":false},"excerpt":{"rendered":"<p data-start=\"0\" data-end=\"357\"><br data-start=\"3914\" data-end=\"3917\" \/>El <strong data-start=\"3920\" data-end=\"3983\">soporte de consola del mango de direcci\u00f3n BT Toyota LWE\/SWE<\/strong> utilizado en carretillas elevadoras es una pieza duradera que fija de forma segura el mango de direcci\u00f3n. Mejora la comodidad del operador y minimiza las vibraciones y movimientos del mango. Fabricado con materiales de alta calidad, est\u00e1 dise\u00f1ado para un uso prolongado.<\/p>\n<p data-start=\"4256\" data-end=\"4599\"><strong data-start=\"4256\" data-end=\"4276\">Caracter\u00edsticas:<\/strong><br data-start=\"4276\" data-end=\"4279\" \/><strong data-start=\"4279\" data-end=\"4303\">Nombre del producto:<\/strong> Soporte de consola del mango de direcci\u00f3n BT Toyota LWE\/SWE<br data-start=\"4363\" data-end=\"4366\" \/><strong data-start=\"4366\" data-end=\"4386\">N\u00famero de pieza:<\/strong> No especificado<br data-start=\"4402\" data-end=\"4405\" \/><strong data-start=\"4405\" data-end=\"4418\">Material:<\/strong> Aleaci\u00f3n met\u00e1lica duradera<br data-start=\"4445\" data-end=\"4448\" \/><strong data-start=\"4448\" data-end=\"4464\">\u00c1rea de uso:<\/strong> Sistemas de mango de direcci\u00f3n para modelos Toyota LWE\/SWE<br data-start=\"4523\" data-end=\"4526\" \/><strong data-start=\"4526\" data-end=\"4538\">Ventaja:<\/strong> Fijaci\u00f3n segura, reducci\u00f3n de vibraciones, larga vida \u00fatil<\/p>\n","protected":false},"featured_media":15135,"template":"","meta":[],"product_brand":[],"product_cat":[251,470,518,521,530],"product_tag":[],"class_list":{"0":"post-15133","1":"product","2":"type-product","3":"status-publish","4":"has-post-thumbnail","6":"product_cat-bt","7":"product_cat-diger-yedek-parcalar","8":"product_cat-yedek-parca-bt","9":"product_cat-toyota","10":"product_cat-yedek-parca-toyota","12":"first","13":"instock","14":"taxable","15":"shipping-taxable","16":"purchasable","17":"product-type-simple"},"_links":{"self":[{"href":"https:\/\/ceoparts.com\/es\/wp-json\/wp\/v2\/product\/15133","targetHints":{"allow":["GET"]}}],"collection":[{"href":"https:\/\/ceoparts.com\/es\/wp-json\/wp\/v2\/product"}],"about":[{"href":"https:\/\/ceoparts.com\/es\/wp-json\/wp\/v2\/types\/product"}],"wp:featuredmedia":[{"embeddable":true,"href":"https:\/\/ceoparts.com\/es\/wp-json\/wp\/v2\/media\/15135"}],"wp:attachment":[{"href":"https:\/\/ceoparts.com\/es\/wp-json\/wp\/v2\/media?parent=15133"}],"wp:term":[{"taxonomy":"product_brand","embeddable":true,"href":"https:\/\/ceoparts.com\/es\/wp-json\/wp\/v2\/product_brand?post=15133"},{"taxonomy":"product_cat","embeddable":true,"href":"https:\/\/ceoparts.com\/es\/wp-json\/wp\/v2\/product_cat?post=15133"},{"taxonomy":"product_tag","embeddable":true,"href":"https:\/\/ceoparts.com\/es\/wp-json\/wp\/v2\/product_tag?post=15133"}],"curies":[{"name":"wp","href":"https:\/\/api.w.org\/{rel}","templated":true}]}}