{"id":15148,"date":"2025-02-19T15:13:50","date_gmt":"2025-02-19T12:13:50","guid":{"rendered":"https:\/\/ceoparts.com\/?post_type=product&#038;p=15148"},"modified":"2026-05-16T18:27:39","modified_gmt":"2026-05-16T15:27:39","slug":"bt-lwe-sensor-karsiligi-7500317","status":"publish","type":"product","link":"https:\/\/ceoparts.com\/es\/urun\/bt-lwe-sensor-karsiligi-7500317\/","title":{"rendered":"BT LWE Equivalente del sensor &#8211; 7500317"},"content":{"rendered":"<p>BT LWE Equivalente del sensor &#8211; 7500317<\/p>","protected":false},"excerpt":{"rendered":"<p data-start=\"0\" data-end=\"320\"><br data-start=\"3623\" data-end=\"3626\" \/>La <strong data-start=\"3629\" data-end=\"3662\">contraparte del sensor BT LWE<\/strong> utilizada en carretillas elevadoras es una pieza duradera que asegura el funcionamiento preciso y fiable de los sensores en la carretilla. Mejora la precisi\u00f3n de detecci\u00f3n del sensor. Fabricada con materiales de alta calidad, es resistente y duradera ante condiciones de trabajo exigentes.<\/p>\n<p data-start=\"3954\" data-end=\"4251\" data-is-last-node=\"\" data-is-only-node=\"\"><strong data-start=\"3954\" data-end=\"3974\">Caracter\u00edsticas:<\/strong><br data-start=\"3974\" data-end=\"3977\" \/><strong data-start=\"3977\" data-end=\"4001\">Nombre del producto:<\/strong> Contraparte del sensor BT LWE<br data-start=\"4031\" data-end=\"4034\" \/><strong data-start=\"4034\" data-end=\"4054\">N\u00famero de pieza:<\/strong> 7500317<br data-start=\"4062\" data-end=\"4065\" \/><strong data-start=\"4065\" data-end=\"4078\">Material:<\/strong> Pl\u00e1stico\/metal duradero<br data-start=\"4102\" data-end=\"4105\" \/><strong data-start=\"4105\" data-end=\"4121\">\u00c1rea de uso:<\/strong> Sistemas de sensores para carretillas elevadoras<br data-start=\"4170\" data-end=\"4173\" \/><strong data-start=\"4173\" data-end=\"4185\">Ventaja:<\/strong> Alta precisi\u00f3n de detecci\u00f3n, estructura duradera, larga vida \u00fatil<\/p>\n","protected":false},"featured_media":15150,"template":"","meta":[],"product_brand":[],"product_cat":[251,470,518],"product_tag":[],"class_list":{"0":"post-15148","1":"product","2":"type-product","3":"status-publish","4":"has-post-thumbnail","6":"product_cat-bt","7":"product_cat-diger-yedek-parcalar","8":"product_cat-yedek-parca-bt","10":"first","11":"instock","12":"taxable","13":"shipping-taxable","14":"purchasable","15":"product-type-simple"},"_links":{"self":[{"href":"https:\/\/ceoparts.com\/es\/wp-json\/wp\/v2\/product\/15148","targetHints":{"allow":["GET"]}}],"collection":[{"href":"https:\/\/ceoparts.com\/es\/wp-json\/wp\/v2\/product"}],"about":[{"href":"https:\/\/ceoparts.com\/es\/wp-json\/wp\/v2\/types\/product"}],"wp:featuredmedia":[{"embeddable":true,"href":"https:\/\/ceoparts.com\/es\/wp-json\/wp\/v2\/media\/15150"}],"wp:attachment":[{"href":"https:\/\/ceoparts.com\/es\/wp-json\/wp\/v2\/media?parent=15148"}],"wp:term":[{"taxonomy":"product_brand","embeddable":true,"href":"https:\/\/ceoparts.com\/es\/wp-json\/wp\/v2\/product_brand?post=15148"},{"taxonomy":"product_cat","embeddable":true,"href":"https:\/\/ceoparts.com\/es\/wp-json\/wp\/v2\/product_cat?post=15148"},{"taxonomy":"product_tag","embeddable":true,"href":"https:\/\/ceoparts.com\/es\/wp-json\/wp\/v2\/product_tag?post=15148"}],"curies":[{"name":"wp","href":"https:\/\/api.w.org\/{rel}","templated":true}]}}