{"id":15159,"date":"2025-02-20T08:57:33","date_gmt":"2025-02-20T05:57:33","guid":{"rendered":"https:\/\/ceoparts.com\/?post_type=product&#038;p=15159"},"modified":"2026-05-16T17:12:34","modified_gmt":"2026-05-16T14:12:34","slug":"bt-reach-truck-reach-cetvel-seti","status":"publish","type":"product","link":"https:\/\/ceoparts.com\/es\/urun\/bt-reach-truck-reach-cetvel-seti\/","title":{"rendered":"Kit de m\u00e1stil Reach BT Reach Truck"},"content":{"rendered":"<p>Kit de m\u00e1stil Reach BT Reach Truck<\/p>","protected":false},"excerpt":{"rendered":"<p data-start=\"0\" data-end=\"370\"><br data-start=\"4023\" data-end=\"4026\" \/>El <strong data-start=\"4029\" data-end=\"4067\">set de reglas BT Reach Truck Reach<\/strong> utilizado en carretillas elevadoras es un conjunto duradero y pr\u00e1ctico dise\u00f1ado para ayudar en la medici\u00f3n precisa y posicionamiento en el \u00e1rea de trabajo de reach trucks. Mejora la precisi\u00f3n de las mediciones, permitiendo a los operadores trabajar de forma eficiente y segura. Fabricado con materiales duraderos y f\u00e1cil de usar.<\/p>\n<p data-start=\"4399\" data-end=\"4695\"><strong data-start=\"4399\" data-end=\"4419\">Caracter\u00edsticas:<\/strong><br data-start=\"4419\" data-end=\"4422\" \/><strong data-start=\"4422\" data-end=\"4446\">Nombre del producto:<\/strong> Set de reglas BT Reach Truck Reach<br data-start=\"4481\" data-end=\"4484\" \/><strong data-start=\"4484\" data-end=\"4504\">N\u00famero de pieza:<\/strong> No especificado<br data-start=\"4520\" data-end=\"4523\" \/><strong data-start=\"4523\" data-end=\"4536\">Material:<\/strong> Pl\u00e1stico y metal duraderos<br data-start=\"4563\" data-end=\"4566\" \/><strong data-start=\"4566\" data-end=\"4582\">\u00c1rea de uso:<\/strong> Medici\u00f3n y posicionamiento para reach trucks<br data-start=\"4627\" data-end=\"4630\" \/><strong data-start=\"4630\" data-end=\"4642\">Ventaja:<\/strong> Alta precisi\u00f3n, estructura duradera, f\u00e1cil de usar<\/p>\n","protected":false},"featured_media":15160,"template":"","meta":[],"product_brand":[],"product_cat":[251,470,518],"product_tag":[],"class_list":{"0":"post-15159","1":"product","2":"type-product","3":"status-publish","4":"has-post-thumbnail","6":"product_cat-bt","7":"product_cat-diger-yedek-parcalar","8":"product_cat-yedek-parca-bt","10":"first","11":"instock","12":"taxable","13":"shipping-taxable","14":"purchasable","15":"product-type-simple"},"_links":{"self":[{"href":"https:\/\/ceoparts.com\/es\/wp-json\/wp\/v2\/product\/15159","targetHints":{"allow":["GET"]}}],"collection":[{"href":"https:\/\/ceoparts.com\/es\/wp-json\/wp\/v2\/product"}],"about":[{"href":"https:\/\/ceoparts.com\/es\/wp-json\/wp\/v2\/types\/product"}],"wp:featuredmedia":[{"embeddable":true,"href":"https:\/\/ceoparts.com\/es\/wp-json\/wp\/v2\/media\/15160"}],"wp:attachment":[{"href":"https:\/\/ceoparts.com\/es\/wp-json\/wp\/v2\/media?parent=15159"}],"wp:term":[{"taxonomy":"product_brand","embeddable":true,"href":"https:\/\/ceoparts.com\/es\/wp-json\/wp\/v2\/product_brand?post=15159"},{"taxonomy":"product_cat","embeddable":true,"href":"https:\/\/ceoparts.com\/es\/wp-json\/wp\/v2\/product_cat?post=15159"},{"taxonomy":"product_tag","embeddable":true,"href":"https:\/\/ceoparts.com\/es\/wp-json\/wp\/v2\/product_tag?post=15159"}],"curies":[{"name":"wp","href":"https:\/\/api.w.org\/{rel}","templated":true}]}}