{"id":15162,"date":"2025-02-20T09:09:46","date_gmt":"2025-02-20T06:09:46","guid":{"rendered":"https:\/\/ceoparts.com\/?post_type=product&#038;p=15162"},"modified":"2026-05-16T14:04:15","modified_gmt":"2026-05-16T11:04:15","slug":"aku-pompasi-6l-34894","status":"publish","type":"product","link":"https:\/\/ceoparts.com\/es\/urun\/aku-pompasi-6l-34894\/","title":{"rendered":"Bomba de bater\u00eda 6L &#8211; 34894"},"content":{"rendered":"<p>Bomba de bater\u00eda 6L &#8211; 34894<\/p>","protected":false},"excerpt":{"rendered":"<p data-start=\"0\" data-end=\"307\"><br data-start=\"3910\" data-end=\"3913\" \/>La <strong data-start=\"3916\" data-end=\"3939\">bomba de bater\u00eda 6L<\/strong> utilizada en carretillas elevadoras es un modelo de bomba duradero y eficiente dise\u00f1ado para transferir l\u00edquidos de forma segura y controlada en los sistemas de bater\u00eda del equipo. Su capacidad de 6 litros ofrece alto rendimiento. F\u00e1cil de instalar y duradera, apoya el mantenimiento de la bater\u00eda de la carretilla.<\/p>\n<p data-start=\"4257\" data-end=\"4589\"><strong data-start=\"4257\" data-end=\"4277\">Caracter\u00edsticas:<\/strong><br data-start=\"4277\" data-end=\"4280\" \/><strong data-start=\"4280\" data-end=\"4304\">Nombre del producto:<\/strong> Bomba de bater\u00eda 6L<br data-start=\"4324\" data-end=\"4327\" \/><strong data-start=\"4327\" data-end=\"4347\">N\u00famero de pieza:<\/strong> 34894<br data-start=\"4353\" data-end=\"4356\" \/><strong data-start=\"4356\" data-end=\"4369\">Material:<\/strong> Pl\u00e1stico y metal duraderos<br data-start=\"4396\" data-end=\"4399\" \/><strong data-start=\"4399\" data-end=\"4415\">\u00c1rea de uso:<\/strong> Sistemas de transferencia de l\u00edquidos de bater\u00edas para carretillas elevadoras<br data-start=\"4493\" data-end=\"4496\" \/><strong data-start=\"4496\" data-end=\"4508\">Ventaja:<\/strong> Alta capacidad, transferencia segura y controlada de l\u00edquidos, larga vida \u00fatil<\/p>\n","protected":false},"featured_media":15166,"template":"","meta":[],"product_brand":[],"product_cat":[443,470],"product_tag":[],"class_list":{"0":"post-15162","1":"product","2":"type-product","3":"status-publish","4":"has-post-thumbnail","6":"product_cat-aku-parcalari","7":"product_cat-diger-yedek-parcalar","9":"first","10":"instock","11":"taxable","12":"shipping-taxable","13":"purchasable","14":"product-type-simple"},"_links":{"self":[{"href":"https:\/\/ceoparts.com\/es\/wp-json\/wp\/v2\/product\/15162","targetHints":{"allow":["GET"]}}],"collection":[{"href":"https:\/\/ceoparts.com\/es\/wp-json\/wp\/v2\/product"}],"about":[{"href":"https:\/\/ceoparts.com\/es\/wp-json\/wp\/v2\/types\/product"}],"wp:featuredmedia":[{"embeddable":true,"href":"https:\/\/ceoparts.com\/es\/wp-json\/wp\/v2\/media\/15166"}],"wp:attachment":[{"href":"https:\/\/ceoparts.com\/es\/wp-json\/wp\/v2\/media?parent=15162"}],"wp:term":[{"taxonomy":"product_brand","embeddable":true,"href":"https:\/\/ceoparts.com\/es\/wp-json\/wp\/v2\/product_brand?post=15162"},{"taxonomy":"product_cat","embeddable":true,"href":"https:\/\/ceoparts.com\/es\/wp-json\/wp\/v2\/product_cat?post=15162"},{"taxonomy":"product_tag","embeddable":true,"href":"https:\/\/ceoparts.com\/es\/wp-json\/wp\/v2\/product_tag?post=15162"}],"curies":[{"name":"wp","href":"https:\/\/api.w.org\/{rel}","templated":true}]}}