{"id":15167,"date":"2025-02-20T09:15:39","date_gmt":"2025-02-20T06:15:39","guid":{"rendered":"https:\/\/ceoparts.com\/?post_type=product&#038;p=15167"},"modified":"2026-05-16T15:28:51","modified_gmt":"2026-05-16T12:28:51","slug":"still-tilt-sembol-653461","status":"publish","type":"product","link":"https:\/\/ceoparts.com\/es\/urun\/still-tilt-sembol-653461\/","title":{"rendered":"S\u00edmbolo de inclinaci\u00f3n Still &#8211; 653461"},"content":{"rendered":"<p>S\u00edmbolo de inclinaci\u00f3n Still &#8211; 653461<\/p>","protected":false},"excerpt":{"rendered":"<p data-start=\"0\" data-end=\"303\"><br data-start=\"3572\" data-end=\"3575\" \/>El <strong data-start=\"3578\" data-end=\"3595\">s\u00edmbolo Still<\/strong> utilizado en carretillas elevadoras es un indicador duradero y claro presente en los paneles de control y visualizaci\u00f3n del equipo. Asegura que los operadores reciban la informaci\u00f3n r\u00e1pida y precisamente. Fabricado con materiales de alta calidad, es resistente y duradero ante condiciones de trabajo exigentes.<\/p>\n<p data-start=\"3908\" data-end=\"4188\"><strong data-start=\"3908\" data-end=\"3928\">Caracter\u00edsticas:<\/strong><br data-start=\"3928\" data-end=\"3931\" \/><strong data-start=\"3931\" data-end=\"3955\">Nombre del producto:<\/strong> S\u00edmbolo Still<br data-start=\"3969\" data-end=\"3972\" \/><strong data-start=\"3972\" data-end=\"3992\">N\u00famero de pieza:<\/strong> 653461<br data-start=\"3999\" data-end=\"4002\" \/><strong data-start=\"4002\" data-end=\"4015\">Material:<\/strong> Pl\u00e1stico duradero<br data-start=\"4033\" data-end=\"4036\" \/><strong data-start=\"4036\" data-end=\"4052\">\u00c1rea de uso:<\/strong> Paneles de control y visualizaci\u00f3n para carretillas elevadoras<br data-start=\"4115\" data-end=\"4118\" \/><strong data-start=\"4118\" data-end=\"4130\">Ventaja:<\/strong> Visibilidad clara, estructura duradera, larga vida \u00fatil<\/p>\n","protected":false},"featured_media":15168,"template":"","meta":[],"product_brand":[],"product_cat":[241,454,524],"product_tag":[],"class_list":{"0":"post-15167","1":"product","2":"type-product","3":"status-publish","4":"has-post-thumbnail","6":"product_cat-still","7":"product_cat-switch-ve-buton","8":"product_cat-yedek-parca-still","10":"first","11":"instock","12":"taxable","13":"shipping-taxable","14":"purchasable","15":"product-type-simple"},"_links":{"self":[{"href":"https:\/\/ceoparts.com\/es\/wp-json\/wp\/v2\/product\/15167","targetHints":{"allow":["GET"]}}],"collection":[{"href":"https:\/\/ceoparts.com\/es\/wp-json\/wp\/v2\/product"}],"about":[{"href":"https:\/\/ceoparts.com\/es\/wp-json\/wp\/v2\/types\/product"}],"wp:featuredmedia":[{"embeddable":true,"href":"https:\/\/ceoparts.com\/es\/wp-json\/wp\/v2\/media\/15168"}],"wp:attachment":[{"href":"https:\/\/ceoparts.com\/es\/wp-json\/wp\/v2\/media?parent=15167"}],"wp:term":[{"taxonomy":"product_brand","embeddable":true,"href":"https:\/\/ceoparts.com\/es\/wp-json\/wp\/v2\/product_brand?post=15167"},{"taxonomy":"product_cat","embeddable":true,"href":"https:\/\/ceoparts.com\/es\/wp-json\/wp\/v2\/product_cat?post=15167"},{"taxonomy":"product_tag","embeddable":true,"href":"https:\/\/ceoparts.com\/es\/wp-json\/wp\/v2\/product_tag?post=15167"}],"curies":[{"name":"wp","href":"https:\/\/api.w.org\/{rel}","templated":true}]}}