{"id":15170,"date":"2025-02-20T09:20:34","date_gmt":"2025-02-20T06:20:34","guid":{"rendered":"https:\/\/ceoparts.com\/?post_type=product&#038;p=15170"},"modified":"2026-05-16T15:29:06","modified_gmt":"2026-05-16T12:29:06","slug":"still-sembol-653163","status":"publish","type":"product","link":"https:\/\/ceoparts.com\/es\/urun\/still-sembol-653163\/","title":{"rendered":"S\u00edmbolo Still &#8211; 653163"},"content":{"rendered":"<p>S\u00edmbolo Still &#8211; 653163<\/p>","protected":false},"excerpt":{"rendered":"<p data-start=\"0\" data-end=\"310\"><br data-start=\"3618\" data-end=\"3621\" \/>El <strong data-start=\"3624\" data-end=\"3641\">s\u00edmbolo Still<\/strong> utilizado en carretillas elevadoras es un indicador duradero y claro presente en varios paneles de control y visualizaci\u00f3n del equipo. Asegura que los operadores reciban la informaci\u00f3n r\u00e1pida y precisamente. Fabricado con materiales de alta calidad, es resistente y duradero ante condiciones de trabajo exigentes.<\/p>\n<p data-start=\"3957\" data-end=\"4237\"><strong data-start=\"3957\" data-end=\"3977\">Caracter\u00edsticas:<\/strong><br data-start=\"3977\" data-end=\"3980\" \/><strong data-start=\"3980\" data-end=\"4004\">Nombre del producto:<\/strong> S\u00edmbolo Still<br data-start=\"4018\" data-end=\"4021\" \/><strong data-start=\"4021\" data-end=\"4041\">N\u00famero de pieza:<\/strong> 653461<br data-start=\"4048\" data-end=\"4051\" \/><strong data-start=\"4051\" data-end=\"4064\">Material:<\/strong> Pl\u00e1stico duradero<br data-start=\"4082\" data-end=\"4085\" \/><strong data-start=\"4085\" data-end=\"4101\">\u00c1rea de uso:<\/strong> Paneles de control y visualizaci\u00f3n para carretillas elevadoras<br data-start=\"4164\" data-end=\"4167\" \/><strong data-start=\"4167\" data-end=\"4179\">Ventaja:<\/strong> Visibilidad clara, estructura duradera, larga vida \u00fatil<\/p>\n","protected":false},"featured_media":15177,"template":"","meta":[],"product_brand":[],"product_cat":[241,454,524],"product_tag":[],"class_list":{"0":"post-15170","1":"product","2":"type-product","3":"status-publish","4":"has-post-thumbnail","6":"product_cat-still","7":"product_cat-switch-ve-buton","8":"product_cat-yedek-parca-still","10":"first","11":"instock","12":"taxable","13":"shipping-taxable","14":"purchasable","15":"product-type-simple"},"_links":{"self":[{"href":"https:\/\/ceoparts.com\/es\/wp-json\/wp\/v2\/product\/15170","targetHints":{"allow":["GET"]}}],"collection":[{"href":"https:\/\/ceoparts.com\/es\/wp-json\/wp\/v2\/product"}],"about":[{"href":"https:\/\/ceoparts.com\/es\/wp-json\/wp\/v2\/types\/product"}],"wp:featuredmedia":[{"embeddable":true,"href":"https:\/\/ceoparts.com\/es\/wp-json\/wp\/v2\/media\/15177"}],"wp:attachment":[{"href":"https:\/\/ceoparts.com\/es\/wp-json\/wp\/v2\/media?parent=15170"}],"wp:term":[{"taxonomy":"product_brand","embeddable":true,"href":"https:\/\/ceoparts.com\/es\/wp-json\/wp\/v2\/product_brand?post=15170"},{"taxonomy":"product_cat","embeddable":true,"href":"https:\/\/ceoparts.com\/es\/wp-json\/wp\/v2\/product_cat?post=15170"},{"taxonomy":"product_tag","embeddable":true,"href":"https:\/\/ceoparts.com\/es\/wp-json\/wp\/v2\/product_tag?post=15170"}],"curies":[{"name":"wp","href":"https:\/\/api.w.org\/{rel}","templated":true}]}}