{"id":15173,"date":"2025-02-20T09:21:29","date_gmt":"2025-02-20T06:21:29","guid":{"rendered":"https:\/\/ceoparts.com\/?post_type=product&#038;p=15173"},"modified":"2026-05-16T14:23:54","modified_gmt":"2026-05-16T11:23:54","slug":"still-sembol-653166","status":"publish","type":"product","link":"https:\/\/ceoparts.com\/es\/urun\/still-sembol-653166\/","title":{"rendered":"S\u00edmbolo Still &#8211; 653166"},"content":{"rendered":"<p>S\u00edmbolo Still &#8211; 653166<\/p>","protected":false},"excerpt":{"rendered":"<p data-start=\"0\" data-end=\"325\"><br data-start=\"3633\" data-end=\"3636\" \/>El <strong data-start=\"3639\" data-end=\"3656\">s\u00edmbolo Still<\/strong> utilizado en carretillas elevadoras es un indicador duradero y claro colocado en varios paneles de control y visualizaci\u00f3n del equipo. Asegura que los operadores reciban informaci\u00f3n precisa y r\u00e1pida. Fabricado con materiales de alta calidad, es resistente y duradero ante condiciones de trabajo exigentes.<\/p>\n<p data-start=\"3964\" data-end=\"4244\"><strong data-start=\"3964\" data-end=\"3984\">Caracter\u00edsticas:<\/strong><br data-start=\"3984\" data-end=\"3987\" \/><strong data-start=\"3987\" data-end=\"4011\">Nombre del producto:<\/strong> S\u00edmbolo Still<br data-start=\"4025\" data-end=\"4028\" \/><strong data-start=\"4028\" data-end=\"4048\">N\u00famero de pieza:<\/strong> 653166<br data-start=\"4055\" data-end=\"4058\" \/><strong data-start=\"4058\" data-end=\"4071\">Material:<\/strong> Pl\u00e1stico duradero<br data-start=\"4089\" data-end=\"4092\" \/><strong data-start=\"4092\" data-end=\"4108\">\u00c1rea de uso:<\/strong> Paneles de control y visualizaci\u00f3n para carretillas elevadoras<br data-start=\"4171\" data-end=\"4174\" \/><strong data-start=\"4174\" data-end=\"4186\">Ventaja:<\/strong> Visibilidad clara, estructura duradera, larga vida \u00fatil<\/p>\n","protected":false},"featured_media":15174,"template":"","meta":[],"product_brand":[],"product_cat":[241,454,524],"product_tag":[],"class_list":{"0":"post-15173","1":"product","2":"type-product","3":"status-publish","4":"has-post-thumbnail","6":"product_cat-still","7":"product_cat-switch-ve-buton","8":"product_cat-yedek-parca-still","10":"first","11":"instock","12":"taxable","13":"shipping-taxable","14":"purchasable","15":"product-type-simple"},"_links":{"self":[{"href":"https:\/\/ceoparts.com\/es\/wp-json\/wp\/v2\/product\/15173","targetHints":{"allow":["GET"]}}],"collection":[{"href":"https:\/\/ceoparts.com\/es\/wp-json\/wp\/v2\/product"}],"about":[{"href":"https:\/\/ceoparts.com\/es\/wp-json\/wp\/v2\/types\/product"}],"wp:featuredmedia":[{"embeddable":true,"href":"https:\/\/ceoparts.com\/es\/wp-json\/wp\/v2\/media\/15174"}],"wp:attachment":[{"href":"https:\/\/ceoparts.com\/es\/wp-json\/wp\/v2\/media?parent=15173"}],"wp:term":[{"taxonomy":"product_brand","embeddable":true,"href":"https:\/\/ceoparts.com\/es\/wp-json\/wp\/v2\/product_brand?post=15173"},{"taxonomy":"product_cat","embeddable":true,"href":"https:\/\/ceoparts.com\/es\/wp-json\/wp\/v2\/product_cat?post=15173"},{"taxonomy":"product_tag","embeddable":true,"href":"https:\/\/ceoparts.com\/es\/wp-json\/wp\/v2\/product_tag?post=15173"}],"curies":[{"name":"wp","href":"https:\/\/api.w.org\/{rel}","templated":true}]}}