{"id":15178,"date":"2025-02-20T09:27:56","date_gmt":"2025-02-20T06:27:56","guid":{"rendered":"https:\/\/ceoparts.com\/?post_type=product&#038;p=15178"},"modified":"2026-05-16T13:16:15","modified_gmt":"2026-05-16T10:16:15","slug":"still-kapak-643967","status":"publish","type":"product","link":"https:\/\/ceoparts.com\/es\/urun\/still-kapak-643967\/","title":{"rendered":"Tapa Still &#8211; 643967"},"content":{"rendered":"<p>Tapa Still &#8211; 643967<\/p>","protected":false},"excerpt":{"rendered":"<p data-start=\"0\" data-end=\"303\"><br data-start=\"3444\" data-end=\"3447\" \/>La <strong data-start=\"3450\" data-end=\"3464\">tapa Still<\/strong> utilizada en carretillas elevadoras es una tapa resistente y duradera dise\u00f1ada para proteger diversas partes del equipo y mejorar su rendimiento al protegerlo de factores externos. Fabricada con materiales de alta calidad, ofrece una larga vida \u00fatil y una instalaci\u00f3n sencilla.<\/p>\n<p data-start=\"3744\" data-end=\"4019\"><strong data-start=\"3744\" data-end=\"3764\">Caracter\u00edsticas:<\/strong><br data-start=\"3764\" data-end=\"3767\" \/><strong data-start=\"3767\" data-end=\"3791\">Nombre del producto:<\/strong> Tapa Still<br data-start=\"3802\" data-end=\"3805\" \/><strong data-start=\"3805\" data-end=\"3825\">N\u00famero de pieza:<\/strong> 643967<br data-start=\"3832\" data-end=\"3835\" \/><strong data-start=\"3835\" data-end=\"3848\">Material:<\/strong> Pl\u00e1stico o metal duradero<br data-start=\"3874\" data-end=\"3877\" \/><strong data-start=\"3877\" data-end=\"3893\">\u00c1rea de uso:<\/strong> Tapas protectoras para carretillas elevadoras<br data-start=\"3939\" data-end=\"3942\" \/><strong data-start=\"3942\" data-end=\"3954\">Ventaja:<\/strong> Estructura duradera, proporciona protecci\u00f3n, f\u00e1cil instalaci\u00f3n<\/p>\n","protected":false},"featured_media":15182,"template":"","meta":[],"product_brand":[],"product_cat":[241,472,524],"product_tag":[],"class_list":{"0":"post-15178","1":"product","2":"type-product","3":"status-publish","4":"has-post-thumbnail","6":"product_cat-still","7":"product_cat-kaporta-aksami","8":"product_cat-yedek-parca-still","10":"first","11":"instock","12":"taxable","13":"shipping-taxable","14":"purchasable","15":"product-type-simple"},"_links":{"self":[{"href":"https:\/\/ceoparts.com\/es\/wp-json\/wp\/v2\/product\/15178","targetHints":{"allow":["GET"]}}],"collection":[{"href":"https:\/\/ceoparts.com\/es\/wp-json\/wp\/v2\/product"}],"about":[{"href":"https:\/\/ceoparts.com\/es\/wp-json\/wp\/v2\/types\/product"}],"wp:featuredmedia":[{"embeddable":true,"href":"https:\/\/ceoparts.com\/es\/wp-json\/wp\/v2\/media\/15182"}],"wp:attachment":[{"href":"https:\/\/ceoparts.com\/es\/wp-json\/wp\/v2\/media?parent=15178"}],"wp:term":[{"taxonomy":"product_brand","embeddable":true,"href":"https:\/\/ceoparts.com\/es\/wp-json\/wp\/v2\/product_brand?post=15178"},{"taxonomy":"product_cat","embeddable":true,"href":"https:\/\/ceoparts.com\/es\/wp-json\/wp\/v2\/product_cat?post=15178"},{"taxonomy":"product_tag","embeddable":true,"href":"https:\/\/ceoparts.com\/es\/wp-json\/wp\/v2\/product_tag?post=15178"}],"curies":[{"name":"wp","href":"https:\/\/api.w.org\/{rel}","templated":true}]}}