{"id":15185,"date":"2025-02-20T09:31:31","date_gmt":"2025-02-20T06:31:31","guid":{"rendered":"https:\/\/ceoparts.com\/?post_type=product&#038;p=15185"},"modified":"2026-05-16T23:42:17","modified_gmt":"2026-05-16T20:42:17","slug":"still-el-freni-sembolu-711565","status":"publish","type":"product","link":"https:\/\/ceoparts.com\/es\/urun\/still-el-freni-sembolu-711565\/","title":{"rendered":"S\u00edmbolo de freno de mano Still &#8211; 711565"},"content":{"rendered":"<p>S\u00edmbolo de freno de mano Still &#8211; 711565<\/p>","protected":false},"excerpt":{"rendered":"<p data-start=\"0\" data-end=\"330\"><br data-start=\"3838\" data-end=\"3841\" \/>El <strong data-start=\"3844\" data-end=\"3878\">s\u00edmbolo de freno de mano Still<\/strong> utilizado en carretillas elevadoras es un indicador duradero y claro dise\u00f1ado para asegurar una identificaci\u00f3n f\u00e1cil y precisa del freno de mano. Fabricado con materiales de alta calidad, es resistente y duradero ante condiciones de trabajo exigentes. Importante para la seguridad del operador y facilidad de uso.<\/p>\n<p data-start=\"4194\" data-end=\"4505\"><strong data-start=\"4194\" data-end=\"4214\">Caracter\u00edsticas:<\/strong><br data-start=\"4214\" data-end=\"4217\" \/><strong data-start=\"4217\" data-end=\"4241\">Nombre del producto:<\/strong> S\u00edmbolo de freno de mano Still<br data-start=\"4272\" data-end=\"4275\" \/><strong data-start=\"4275\" data-end=\"4295\">N\u00famero de pieza:<\/strong> 711565<br data-start=\"4302\" data-end=\"4305\" \/><strong data-start=\"4305\" data-end=\"4318\">Material:<\/strong> Pl\u00e1stico duradero<br data-start=\"4336\" data-end=\"4339\" \/><strong data-start=\"4339\" data-end=\"4355\">\u00c1rea de uso:<\/strong> Paneles de control y palancas de freno de mano para carretillas elevadoras<br data-start=\"4430\" data-end=\"4433\" \/><strong data-start=\"4433\" data-end=\"4445\">Ventaja:<\/strong> Visibilidad clara, estructura duradera, f\u00e1cil instalaci\u00f3n<\/p>\n","protected":false},"featured_media":15187,"template":"","meta":[],"product_brand":[],"product_cat":[241,454,524],"product_tag":[],"class_list":{"0":"post-15185","1":"product","2":"type-product","3":"status-publish","4":"has-post-thumbnail","6":"product_cat-still","7":"product_cat-switch-ve-buton","8":"product_cat-yedek-parca-still","10":"first","11":"instock","12":"taxable","13":"shipping-taxable","14":"purchasable","15":"product-type-simple"},"_links":{"self":[{"href":"https:\/\/ceoparts.com\/es\/wp-json\/wp\/v2\/product\/15185","targetHints":{"allow":["GET"]}}],"collection":[{"href":"https:\/\/ceoparts.com\/es\/wp-json\/wp\/v2\/product"}],"about":[{"href":"https:\/\/ceoparts.com\/es\/wp-json\/wp\/v2\/types\/product"}],"wp:featuredmedia":[{"embeddable":true,"href":"https:\/\/ceoparts.com\/es\/wp-json\/wp\/v2\/media\/15187"}],"wp:attachment":[{"href":"https:\/\/ceoparts.com\/es\/wp-json\/wp\/v2\/media?parent=15185"}],"wp:term":[{"taxonomy":"product_brand","embeddable":true,"href":"https:\/\/ceoparts.com\/es\/wp-json\/wp\/v2\/product_brand?post=15185"},{"taxonomy":"product_cat","embeddable":true,"href":"https:\/\/ceoparts.com\/es\/wp-json\/wp\/v2\/product_cat?post=15185"},{"taxonomy":"product_tag","embeddable":true,"href":"https:\/\/ceoparts.com\/es\/wp-json\/wp\/v2\/product_tag?post=15185"}],"curies":[{"name":"wp","href":"https:\/\/api.w.org\/{rel}","templated":true}]}}