{"id":15188,"date":"2025-02-20T09:36:22","date_gmt":"2025-02-20T06:36:22","guid":{"rendered":"https:\/\/ceoparts.com\/?post_type=product&#038;p=15188"},"modified":"2026-05-16T13:24:43","modified_gmt":"2026-05-16T10:24:43","slug":"still-parca-kolu-709748","status":"publish","type":"product","link":"https:\/\/ceoparts.com\/es\/urun\/still-parca-kolu-709748\/","title":{"rendered":"Palanca de pieza Still &#8211; 709748"},"content":{"rendered":"<p>Palanca de pieza Still &#8211; 709748<\/p>","protected":false},"excerpt":{"rendered":"<p data-start=\"0\" data-end=\"348\"><br data-start=\"3821\" data-end=\"3824\" \/>La <strong data-start=\"3827\" data-end=\"3855\">manija de repuesto Still<\/strong> utilizada en carretillas elevadoras es un componente duradero y ergon\u00f3mico dise\u00f1ado para varios sistemas mec\u00e1nicos y de control del equipo. Su material resistente asegura una larga vida \u00fatil y proporciona comodidad al operador. La f\u00e1cil instalaci\u00f3n agiliza los procesos de mantenimiento y reemplazo.<\/p>\n<p data-start=\"4157\" data-end=\"4453\"><strong data-start=\"4157\" data-end=\"4177\">Caracter\u00edsticas:<\/strong><br data-start=\"4177\" data-end=\"4180\" \/><strong data-start=\"4180\" data-end=\"4204\">Nombre del producto:<\/strong> Manija de repuesto Still<br data-start=\"4229\" data-end=\"4232\" \/><strong data-start=\"4232\" data-end=\"4252\">N\u00famero de pieza:<\/strong> 709748<br data-start=\"4259\" data-end=\"4262\" \/><strong data-start=\"4262\" data-end=\"4275\">Material:<\/strong> Pl\u00e1stico y metal duraderos<br data-start=\"4302\" data-end=\"4305\" \/><strong data-start=\"4305\" data-end=\"4321\">\u00c1rea de uso:<\/strong> Sistemas mec\u00e1nicos y de control de carretillas elevadoras<br data-start=\"4379\" data-end=\"4382\" \/><strong data-start=\"4382\" data-end=\"4394\">Ventaja:<\/strong> Estructura robusta, dise\u00f1o ergon\u00f3mico, f\u00e1cil instalaci\u00f3n<\/p>\n","protected":false},"featured_media":15190,"template":"","meta":[],"product_brand":[],"product_cat":[241,472,524],"product_tag":[],"class_list":{"0":"post-15188","1":"product","2":"type-product","3":"status-publish","4":"has-post-thumbnail","6":"product_cat-still","7":"product_cat-kaporta-aksami","8":"product_cat-yedek-parca-still","10":"first","11":"instock","12":"taxable","13":"shipping-taxable","14":"purchasable","15":"product-type-simple"},"_links":{"self":[{"href":"https:\/\/ceoparts.com\/es\/wp-json\/wp\/v2\/product\/15188","targetHints":{"allow":["GET"]}}],"collection":[{"href":"https:\/\/ceoparts.com\/es\/wp-json\/wp\/v2\/product"}],"about":[{"href":"https:\/\/ceoparts.com\/es\/wp-json\/wp\/v2\/types\/product"}],"wp:featuredmedia":[{"embeddable":true,"href":"https:\/\/ceoparts.com\/es\/wp-json\/wp\/v2\/media\/15190"}],"wp:attachment":[{"href":"https:\/\/ceoparts.com\/es\/wp-json\/wp\/v2\/media?parent=15188"}],"wp:term":[{"taxonomy":"product_brand","embeddable":true,"href":"https:\/\/ceoparts.com\/es\/wp-json\/wp\/v2\/product_brand?post=15188"},{"taxonomy":"product_cat","embeddable":true,"href":"https:\/\/ceoparts.com\/es\/wp-json\/wp\/v2\/product_cat?post=15188"},{"taxonomy":"product_tag","embeddable":true,"href":"https:\/\/ceoparts.com\/es\/wp-json\/wp\/v2\/product_tag?post=15188"}],"curies":[{"name":"wp","href":"https:\/\/api.w.org\/{rel}","templated":true}]}}