{"id":15209,"date":"2025-02-20T10:12:20","date_gmt":"2025-02-20T07:12:20","guid":{"rendered":"https:\/\/ceoparts.com\/?post_type=product&#038;p=15209"},"modified":"2026-05-16T16:34:19","modified_gmt":"2026-05-16T13:34:19","slug":"still-linde-ped-50014338002","status":"publish","type":"product","link":"https:\/\/ceoparts.com\/es\/urun\/still-linde-ped-50014338002\/","title":{"rendered":"Pad Still \/ Linde &#8211; 50014338002"},"content":{"rendered":"<p>Pad Still \/ Linde &#8211; 50014338002<\/p>","protected":false},"excerpt":{"rendered":"<p data-start=\"0\" data-end=\"358\"><br data-start=\"3782\" data-end=\"3785\" \/>El <strong data-start=\"3788\" data-end=\"3811\">pedal Still \/ Linde<\/strong> utilizado en carretillas elevadoras es un componente duradero dise\u00f1ado para apoyar una operaci\u00f3n c\u00f3moda y segura del equipo. Fabricado con materiales de alta calidad, ofrece una larga vida \u00fatil y soporta condiciones de trabajo exigentes. Su dise\u00f1o ergon\u00f3mico facilita el control de la conducci\u00f3n y mejora el rendimiento.<\/p>\n<p data-start=\"4134\" data-end=\"4417\"><strong data-start=\"4134\" data-end=\"4154\">Caracter\u00edsticas:<\/strong><br data-start=\"4154\" data-end=\"4157\" \/><strong data-start=\"4157\" data-end=\"4181\">Nombre del producto:<\/strong> Pedal Still \/ Linde<br data-start=\"4201\" data-end=\"4204\" \/><strong data-start=\"4204\" data-end=\"4224\">N\u00famero de pieza:<\/strong> 50014338002<br data-start=\"4236\" data-end=\"4239\" \/><strong data-start=\"4239\" data-end=\"4252\">Material:<\/strong> Metal y caucho duraderos<br data-start=\"4277\" data-end=\"4280\" \/><strong data-start=\"4280\" data-end=\"4296\">\u00c1rea de uso:<\/strong> Pedales para operadores de carretillas elevadoras<br data-start=\"4346\" data-end=\"4349\" \/><strong data-start=\"4349\" data-end=\"4361\">Ventaja:<\/strong> Larga duraci\u00f3n, dise\u00f1o ergon\u00f3mico, estructura robusta<\/p>\n<p>EXU-SF 20<br \/>\nEXD 20<br \/>\nEXV 14-16-20<\/p>\n","protected":false},"featured_media":15212,"template":"","meta":[],"product_brand":[],"product_cat":[524,241,246,472,523],"product_tag":[],"class_list":{"0":"post-15209","1":"product","2":"type-product","3":"status-publish","4":"has-post-thumbnail","6":"product_cat-yedek-parca-still","7":"product_cat-still","8":"product_cat-linde","9":"product_cat-kaporta-aksami","10":"product_cat-yedek-parca-linde","12":"first","13":"instock","14":"taxable","15":"shipping-taxable","16":"purchasable","17":"product-type-simple"},"_links":{"self":[{"href":"https:\/\/ceoparts.com\/es\/wp-json\/wp\/v2\/product\/15209","targetHints":{"allow":["GET"]}}],"collection":[{"href":"https:\/\/ceoparts.com\/es\/wp-json\/wp\/v2\/product"}],"about":[{"href":"https:\/\/ceoparts.com\/es\/wp-json\/wp\/v2\/types\/product"}],"wp:featuredmedia":[{"embeddable":true,"href":"https:\/\/ceoparts.com\/es\/wp-json\/wp\/v2\/media\/15212"}],"wp:attachment":[{"href":"https:\/\/ceoparts.com\/es\/wp-json\/wp\/v2\/media?parent=15209"}],"wp:term":[{"taxonomy":"product_brand","embeddable":true,"href":"https:\/\/ceoparts.com\/es\/wp-json\/wp\/v2\/product_brand?post=15209"},{"taxonomy":"product_cat","embeddable":true,"href":"https:\/\/ceoparts.com\/es\/wp-json\/wp\/v2\/product_cat?post=15209"},{"taxonomy":"product_tag","embeddable":true,"href":"https:\/\/ceoparts.com\/es\/wp-json\/wp\/v2\/product_tag?post=15209"}],"curies":[{"name":"wp","href":"https:\/\/api.w.org\/{rel}","templated":true}]}}