{"id":15214,"date":"2025-02-20T10:42:13","date_gmt":"2025-02-20T07:42:13","guid":{"rendered":"https:\/\/ceoparts.com\/?post_type=product&#038;p=15214"},"modified":"2026-05-16T15:35:32","modified_gmt":"2026-05-16T12:35:32","slug":"jungheinrich-aku-kilit-tutamagi-efg-51095569","status":"publish","type":"product","link":"https:\/\/ceoparts.com\/es\/urun\/jungheinrich-aku-kilit-tutamagi-efg-51095569\/","title":{"rendered":"Asa de bloqueo de bater\u00eda Jungheinrich EFG &#8211; 51095569"},"content":{"rendered":"<p>Asa de bloqueo de bater\u00eda Jungheinrich EFG &#8211; 51095569<\/p>","protected":false},"excerpt":{"rendered":"<p data-start=\"0\" data-end=\"339\"><br data-start=\"3992\" data-end=\"3995\" \/>La <strong data-start=\"3998\" data-end=\"4046\">maneta de cierre de bater\u00eda Jungheinrich EFG<\/strong> utilizada en carretillas elevadoras garantiza el cierre seguro y firme del compartimento de la bater\u00eda. Su estructura ergon\u00f3mica y resistente permite abrir y cerrar f\u00e1cilmente la tapa de la bater\u00eda. Resistente al desgaste y a las condiciones exigentes, ofrece una larga vida \u00fatil.<\/p>\n<p data-start=\"4329\" data-end=\"4669\"><strong data-start=\"4329\" data-end=\"4349\">Caracter\u00edsticas:<\/strong><br data-start=\"4349\" data-end=\"4352\" \/><strong data-start=\"4352\" data-end=\"4376\">Nombre del producto:<\/strong> Maneta de cierre de bater\u00eda Jungheinrich EFG<br data-start=\"4421\" data-end=\"4424\" \/><strong data-start=\"4424\" data-end=\"4444\">N\u00famero de pieza:<\/strong> 51095569<br data-start=\"4453\" data-end=\"4456\" \/><strong data-start=\"4456\" data-end=\"4469\">Material:<\/strong> Pl\u00e1stico y metal de alta resistencia<br data-start=\"4506\" data-end=\"4509\" \/><strong data-start=\"4509\" data-end=\"4525\">\u00c1rea de uso:<\/strong> Sistemas de cierre de compartimentos de bater\u00eda de carretillas elevadoras<br data-start=\"4599\" data-end=\"4602\" \/><strong data-start=\"4602\" data-end=\"4614\">Ventaja:<\/strong> Uso seguro, estructura robusta, instalaci\u00f3n sencilla<\/p>\n","protected":false},"featured_media":15216,"template":"","meta":[],"product_brand":[],"product_cat":[443,522,236],"product_tag":[],"class_list":{"0":"post-15214","1":"product","2":"type-product","3":"status-publish","4":"has-post-thumbnail","6":"product_cat-aku-parcalari","7":"product_cat-yedek-parca-jungheinrich","8":"product_cat-jungheinrich","10":"first","11":"instock","12":"taxable","13":"shipping-taxable","14":"purchasable","15":"product-type-simple"},"_links":{"self":[{"href":"https:\/\/ceoparts.com\/es\/wp-json\/wp\/v2\/product\/15214","targetHints":{"allow":["GET"]}}],"collection":[{"href":"https:\/\/ceoparts.com\/es\/wp-json\/wp\/v2\/product"}],"about":[{"href":"https:\/\/ceoparts.com\/es\/wp-json\/wp\/v2\/types\/product"}],"wp:featuredmedia":[{"embeddable":true,"href":"https:\/\/ceoparts.com\/es\/wp-json\/wp\/v2\/media\/15216"}],"wp:attachment":[{"href":"https:\/\/ceoparts.com\/es\/wp-json\/wp\/v2\/media?parent=15214"}],"wp:term":[{"taxonomy":"product_brand","embeddable":true,"href":"https:\/\/ceoparts.com\/es\/wp-json\/wp\/v2\/product_brand?post=15214"},{"taxonomy":"product_cat","embeddable":true,"href":"https:\/\/ceoparts.com\/es\/wp-json\/wp\/v2\/product_cat?post=15214"},{"taxonomy":"product_tag","embeddable":true,"href":"https:\/\/ceoparts.com\/es\/wp-json\/wp\/v2\/product_tag?post=15214"}],"curies":[{"name":"wp","href":"https:\/\/api.w.org\/{rel}","templated":true}]}}