{"id":15220,"date":"2025-02-20T11:11:52","date_gmt":"2025-02-20T08:11:52","guid":{"rendered":"https:\/\/ceoparts.com\/?post_type=product&#038;p=15220"},"modified":"2026-05-16T14:34:13","modified_gmt":"2026-05-16T11:34:13","slug":"l16-kol-kart-yuvasi-orta-plastik-3095471935","status":"publish","type":"product","link":"https:\/\/ceoparts.com\/es\/urun\/l16-kol-kart-yuvasi-orta-plastik-3095471935\/","title":{"rendered":"Alojamiento del brazo L16 \/ Pl\u00e1stico central &#8211; 3095471935"},"content":{"rendered":"<p>Alojamiento del brazo L16 \/ Pl\u00e1stico central &#8211; 3095471935<\/p>","protected":false},"excerpt":{"rendered":"<p data-start=\"0\" data-end=\"364\"><br data-start=\"3867\" data-end=\"3870\" \/>La <strong data-start=\"3873\" data-end=\"3939\">ranura para tarjeta de palanca L16 \/ pieza pl\u00e1stica intermedia<\/strong> utilizada en carretillas elevadoras est\u00e1 dise\u00f1ada para sujetar y proteger las tarjetas de forma segura en los sistemas de palancas de control. Fabricada en pl\u00e1stico resistente, ofrece gran resistencia a los golpes y al desgaste. Su f\u00e1cil instalaci\u00f3n facilita el mantenimiento y la sustituci\u00f3n.<\/p>\n<p data-start=\"4235\" data-end=\"4586\"><strong data-start=\"4235\" data-end=\"4255\">Caracter\u00edsticas:<\/strong><br data-start=\"4255\" data-end=\"4258\" \/><strong data-start=\"4258\" data-end=\"4282\">Nombre del producto:<\/strong> Ranura para tarjeta de palanca L16 \/ pieza pl\u00e1stica intermedia<br data-start=\"4345\" data-end=\"4348\" \/><strong data-start=\"4348\" data-end=\"4368\">N\u00famero de pieza:<\/strong> 3095471935<br data-start=\"4379\" data-end=\"4382\" \/><strong data-start=\"4382\" data-end=\"4395\">Material:<\/strong> Pl\u00e1stico de alta resistencia<br data-start=\"4424\" data-end=\"4427\" \/><strong data-start=\"4427\" data-end=\"4443\">\u00c1rea de uso:<\/strong> Ranuras de tarjeta en palancas de control de carretillas elevadoras<br data-start=\"4511\" data-end=\"4514\" \/><strong data-start=\"4514\" data-end=\"4526\">Ventaja:<\/strong> Estructura robusta, instalaci\u00f3n sencilla, larga vida \u00fatil<\/p>\n","protected":false},"featured_media":15222,"template":"","meta":[],"product_brand":[],"product_cat":[470],"product_tag":[],"class_list":{"0":"post-15220","1":"product","2":"type-product","3":"status-publish","4":"has-post-thumbnail","6":"product_cat-diger-yedek-parcalar","8":"first","9":"instock","10":"taxable","11":"shipping-taxable","12":"purchasable","13":"product-type-simple"},"_links":{"self":[{"href":"https:\/\/ceoparts.com\/es\/wp-json\/wp\/v2\/product\/15220","targetHints":{"allow":["GET"]}}],"collection":[{"href":"https:\/\/ceoparts.com\/es\/wp-json\/wp\/v2\/product"}],"about":[{"href":"https:\/\/ceoparts.com\/es\/wp-json\/wp\/v2\/types\/product"}],"wp:featuredmedia":[{"embeddable":true,"href":"https:\/\/ceoparts.com\/es\/wp-json\/wp\/v2\/media\/15222"}],"wp:attachment":[{"href":"https:\/\/ceoparts.com\/es\/wp-json\/wp\/v2\/media?parent=15220"}],"wp:term":[{"taxonomy":"product_brand","embeddable":true,"href":"https:\/\/ceoparts.com\/es\/wp-json\/wp\/v2\/product_brand?post=15220"},{"taxonomy":"product_cat","embeddable":true,"href":"https:\/\/ceoparts.com\/es\/wp-json\/wp\/v2\/product_cat?post=15220"},{"taxonomy":"product_tag","embeddable":true,"href":"https:\/\/ceoparts.com\/es\/wp-json\/wp\/v2\/product_tag?post=15220"}],"curies":[{"name":"wp","href":"https:\/\/api.w.org\/{rel}","templated":true}]}}