{"id":15240,"date":"2025-02-20T11:30:04","date_gmt":"2025-02-20T08:30:04","guid":{"rendered":"https:\/\/ceoparts.com\/?post_type=product&#038;p=15240"},"modified":"2026-05-16T12:03:47","modified_gmt":"2026-05-16T09:03:47","slug":"linde-kaucuk-takoz-0009654107","status":"publish","type":"product","link":"https:\/\/ceoparts.com\/es\/urun\/linde-kaucuk-takoz-0009654107\/","title":{"rendered":"Bloque de goma Linde &#8211; 0009654107"},"content":{"rendered":"<p>Bloque de goma Linde &#8211; 0009654107<\/p>\n<p>Linde 0009654140<\/p>\n<p>Seria: 386-25 Typ: E14-20 Ex &#8211; Zone 1, 2 (2G, 3G)<br \/>\nSeria: 386-00 Typ: E12\/14\/15\/16\/18\/20 &#8211; 02<br \/>\nSeria: 386 Typ: E12\/14\/15\/16\/18\/20<br \/>\nSeria: 391-01 Typ: H14\/16\/18\/20<\/p>","protected":false},"excerpt":{"rendered":"<p data-start=\"68\" data-end=\"384\"><br data-start=\"4028\" data-end=\"4031\" \/>El <strong data-start=\"4034\" data-end=\"4056\">tope de goma Linde<\/strong>, utilizado en aplicaciones de carretillas elevadoras, protege el chasis y los componentes del equipo contra impactos y vibraciones gracias a su funci\u00f3n amortiguadora. Su estructura flexible y resistente garantiza una larga vida \u00fatil. Resistente a la deformaci\u00f3n en entornos exigentes y mejora el rendimiento de la carretilla.<\/p>\n<p data-start=\"4384\" data-end=\"4686\"><strong data-start=\"4384\" data-end=\"4404\">Caracter\u00edsticas:<\/strong><br data-start=\"4404\" data-end=\"4407\" \/><strong data-start=\"4407\" data-end=\"4431\">Nombre del producto:<\/strong> Tope de goma Linde<br data-start=\"4450\" data-end=\"4453\" \/><strong data-start=\"4453\" data-end=\"4473\">N\u00famero de pieza:<\/strong> 0009654107<br data-start=\"4484\" data-end=\"4487\" \/><strong data-start=\"4487\" data-end=\"4500\">Material:<\/strong> Goma de alta calidad<br data-start=\"4521\" data-end=\"4524\" \/><strong data-start=\"4524\" data-end=\"4540\">\u00c1rea de uso:<\/strong> Sistemas de protecci\u00f3n de chasis y equipos de carretillas elevadoras<br data-start=\"4609\" data-end=\"4612\" \/><strong data-start=\"4612\" data-end=\"4624\">Ventaja:<\/strong> Estructura amortiguadora, larga vida \u00fatil, alta resistencia<\/p>\n","protected":false},"featured_media":15242,"template":"","meta":[],"product_brand":[],"product_cat":[246,470,523],"product_tag":[],"class_list":{"0":"post-15240","1":"product","2":"type-product","3":"status-publish","4":"has-post-thumbnail","6":"product_cat-linde","7":"product_cat-diger-yedek-parcalar","8":"product_cat-yedek-parca-linde","10":"first","11":"instock","12":"taxable","13":"shipping-taxable","14":"purchasable","15":"product-type-simple"},"_links":{"self":[{"href":"https:\/\/ceoparts.com\/es\/wp-json\/wp\/v2\/product\/15240","targetHints":{"allow":["GET"]}}],"collection":[{"href":"https:\/\/ceoparts.com\/es\/wp-json\/wp\/v2\/product"}],"about":[{"href":"https:\/\/ceoparts.com\/es\/wp-json\/wp\/v2\/types\/product"}],"wp:featuredmedia":[{"embeddable":true,"href":"https:\/\/ceoparts.com\/es\/wp-json\/wp\/v2\/media\/15242"}],"wp:attachment":[{"href":"https:\/\/ceoparts.com\/es\/wp-json\/wp\/v2\/media?parent=15240"}],"wp:term":[{"taxonomy":"product_brand","embeddable":true,"href":"https:\/\/ceoparts.com\/es\/wp-json\/wp\/v2\/product_brand?post=15240"},{"taxonomy":"product_cat","embeddable":true,"href":"https:\/\/ceoparts.com\/es\/wp-json\/wp\/v2\/product_cat?post=15240"},{"taxonomy":"product_tag","embeddable":true,"href":"https:\/\/ceoparts.com\/es\/wp-json\/wp\/v2\/product_tag?post=15240"}],"curies":[{"name":"wp","href":"https:\/\/api.w.org\/{rel}","templated":true}]}}