{"id":15245,"date":"2025-02-20T11:36:49","date_gmt":"2025-02-20T08:36:49","guid":{"rendered":"https:\/\/ceoparts.com\/?post_type=product&#038;p=15245"},"modified":"2026-05-16T15:38:28","modified_gmt":"2026-05-16T12:38:28","slug":"kontak-anahtari-702-kirmizi-3-adet-28520490","status":"publish","type":"product","link":"https:\/\/ceoparts.com\/es\/urun\/kontak-anahtari-702-kirmizi-3-adet-28520490\/","title":{"rendered":"Kontak Anahtar\u0131 702 K\u0131rm\u0131z\u0131 3 adet &#8211; 28520490"},"content":{"rendered":"<p class=\"qtranxs-available-languages-message qtranxs-available-languages-message-es\">Disculpa, pero esta entrada est\u00e1 disponible s\u00f3lo en <a href=\"https:\/\/ceoparts.com\/tr\/wp-json\/wp\/v2\/product\/15245\" class=\"qtranxs-available-language-link qtranxs-available-language-link-tr\" title=\"Turkish\">Turkish<\/a>, <a href=\"https:\/\/ceoparts.com\/en\/wp-json\/wp\/v2\/product\/15245\" class=\"qtranxs-available-language-link qtranxs-available-language-link-en\" title=\"English\">English<\/a>, <a href=\"https:\/\/ceoparts.com\/de\/wp-json\/wp\/v2\/product\/15245\" class=\"qtranxs-available-language-link qtranxs-available-language-link-de\" title=\"Deutsch\">Deutsch<\/a>, <a href=\"https:\/\/ceoparts.com\/ru\/wp-json\/wp\/v2\/product\/15245\" class=\"qtranxs-available-language-link qtranxs-available-language-link-ru\" title=\"\u0420\u0443\u0441\u0441\u043a\u0438\u0439\">\u0420\u0443\u0441\u0441\u043a\u0438\u0439<\/a>, <a href=\"https:\/\/ceoparts.com\/fr\/wp-json\/wp\/v2\/product\/15245\" class=\"qtranxs-available-language-link qtranxs-available-language-link-fr\" title=\"Fran\u00e7ais\">Fran\u00e7ais<\/a> y <a href=\"https:\/\/ceoparts.com\/it\/wp-json\/wp\/v2\/product\/15245\" class=\"qtranxs-available-language-link qtranxs-available-language-link-it\" title=\"Italiano\">Italiano<\/a>.<\/p>","protected":false},"excerpt":{"rendered":"<div class=\"product-content mb-5 text-center-mobile\">\n<p data-start=\"107\" data-end=\"477\"><br data-start=\"3837\" data-end=\"3840\" \/>La <strong data-start=\"3843\" data-end=\"3873\">Llave de contacto 702 Roja<\/strong> est\u00e1 dise\u00f1ada para garantizar el arranque y control seguro de las carretillas elevadoras. Su estructura robusta y su color rojo llamativo permiten que el operador la identifique f\u00e1cilmente. Resistente al desgaste y a los golpes, es compatible con diversas marcas y modelos.<\/p>\n<p data-start=\"4149\" data-end=\"4472\"><strong data-start=\"4149\" data-end=\"4169\">Caracter\u00edsticas:<\/strong><br data-start=\"4169\" data-end=\"4172\" \/><strong data-start=\"4172\" data-end=\"4196\">Nombre del producto:<\/strong> Llave de contacto 702 Roja 3 uds<br data-start=\"4229\" data-end=\"4232\" \/><strong data-start=\"4232\" data-end=\"4252\">N\u00famero de pieza:<\/strong> 28520490<br data-start=\"4261\" data-end=\"4264\" \/><strong data-start=\"4264\" data-end=\"4277\">Material:<\/strong> Pl\u00e1stico resistente y aleaci\u00f3n met\u00e1lica<br data-start=\"4317\" data-end=\"4320\" \/><strong data-start=\"4320\" data-end=\"4336\">\u00c1rea de uso:<\/strong> Sistemas de contacto y arranque de carretillas elevadoras<br data-start=\"4394\" data-end=\"4397\" \/><strong data-start=\"4397\" data-end=\"4409\">Ventaja:<\/strong> Color muy visible, estructura robusta, amplia compatibilidad<\/p>\n<p>ECE, ECC, ECP,EFG,EJC,EKC, EKE,EKS, ERC,ERD,ERE,ETM\/ETV<\/p>\n<\/div>\n<div class=\"columns\">\n<p>&nbsp;<\/p>\n<\/div>\n","protected":false},"featured_media":15246,"template":"","meta":[],"product_brand":[],"product_cat":[469],"product_tag":[],"class_list":{"0":"post-15245","1":"product","2":"type-product","3":"status-publish","4":"has-post-thumbnail","6":"product_cat-elektrik-ve-sistem-parcalari","8":"first","9":"instock","10":"taxable","11":"shipping-taxable","12":"purchasable","13":"product-type-simple"},"_links":{"self":[{"href":"https:\/\/ceoparts.com\/es\/wp-json\/wp\/v2\/product\/15245","targetHints":{"allow":["GET"]}}],"collection":[{"href":"https:\/\/ceoparts.com\/es\/wp-json\/wp\/v2\/product"}],"about":[{"href":"https:\/\/ceoparts.com\/es\/wp-json\/wp\/v2\/types\/product"}],"wp:featuredmedia":[{"embeddable":true,"href":"https:\/\/ceoparts.com\/es\/wp-json\/wp\/v2\/media\/15246"}],"wp:attachment":[{"href":"https:\/\/ceoparts.com\/es\/wp-json\/wp\/v2\/media?parent=15245"}],"wp:term":[{"taxonomy":"product_brand","embeddable":true,"href":"https:\/\/ceoparts.com\/es\/wp-json\/wp\/v2\/product_brand?post=15245"},{"taxonomy":"product_cat","embeddable":true,"href":"https:\/\/ceoparts.com\/es\/wp-json\/wp\/v2\/product_cat?post=15245"},{"taxonomy":"product_tag","embeddable":true,"href":"https:\/\/ceoparts.com\/es\/wp-json\/wp\/v2\/product_tag?post=15245"}],"curies":[{"name":"wp","href":"https:\/\/api.w.org\/{rel}","templated":true}]}}