{"id":15282,"date":"2025-02-20T14:28:35","date_gmt":"2025-02-20T11:28:35","guid":{"rendered":"https:\/\/ceoparts.com\/?post_type=product&#038;p=15282"},"modified":"2026-05-16T23:46:28","modified_gmt":"2026-05-16T20:46:28","slug":"linde-tilt-part-lever-0009301825","status":"publish","type":"product","link":"https:\/\/ceoparts.com\/es\/urun\/linde-tilt-part-lever-0009301825\/","title":{"rendered":"L\u0131nde T\u0131lt\/Part Lever &#8211; 0009301825"},"content":{"rendered":"<p>L\u0131nde T\u0131lt\/Part Lever &#8211; 0009301825<\/p>","protected":false},"excerpt":{"rendered":"<p data-start=\"105\" data-end=\"467\"><br data-start=\"4013\" data-end=\"4016\" \/>La <strong data-start=\"4019\" data-end=\"4059\">palanca de inclinaci\u00f3n \/ pieza Linde<\/strong> es un mando de control de alta calidad para <strong data-start=\"4104\" data-end=\"4182\">el funcionamiento seguro y preciso del mecanismo de inclinaci\u00f3n del m\u00e1stil<\/strong> en carretillas elevadoras. Permite al operador ajustar el \u00e1ngulo del m\u00e1stil y controlar la carga de forma segura durante el transporte. Gracias a su <strong data-start=\"4332\" data-end=\"4369\">estructura resistente al desgaste<\/strong> y su dise\u00f1o ergon\u00f3mico, ofrece una larga vida \u00fatil.<\/p>\n<p data-start=\"4423\" data-end=\"4708\"><strong data-start=\"4423\" data-end=\"4443\">Caracter\u00edsticas:<\/strong><br data-start=\"4443\" data-end=\"4446\" \/><strong data-start=\"4446\" data-end=\"4470\">Nombre del producto:<\/strong> Palanca de inclinaci\u00f3n \/ pieza Linde<br data-start=\"4507\" data-end=\"4510\" \/><strong data-start=\"4510\" data-end=\"4530\">C\u00f3digo de pieza:<\/strong> 0009301825<br data-start=\"4541\" data-end=\"4544\" \/><strong data-start=\"4544\" data-end=\"4557\">Material:<\/strong> Mezcla resistente de metal y pl\u00e1stico<br data-start=\"4595\" data-end=\"4598\" \/><strong data-start=\"4598\" data-end=\"4613\">Aplicaci\u00f3n:<\/strong> Sistemas de control de inclinaci\u00f3n y m\u00e1stil<br data-start=\"4657\" data-end=\"4660\" \/><strong data-start=\"4660\" data-end=\"4672\">Ventaja:<\/strong> Ergon\u00f3mico, resistente y duradero<\/p>\n<p data-start=\"4710\" data-end=\"4715\">\n","protected":false},"featured_media":15284,"template":"","meta":[],"product_brand":[],"product_cat":[246,470,523],"product_tag":[],"class_list":{"0":"post-15282","1":"product","2":"type-product","3":"status-publish","4":"has-post-thumbnail","6":"product_cat-linde","7":"product_cat-diger-yedek-parcalar","8":"product_cat-yedek-parca-linde","10":"first","11":"instock","12":"taxable","13":"shipping-taxable","14":"purchasable","15":"product-type-simple"},"_links":{"self":[{"href":"https:\/\/ceoparts.com\/es\/wp-json\/wp\/v2\/product\/15282","targetHints":{"allow":["GET"]}}],"collection":[{"href":"https:\/\/ceoparts.com\/es\/wp-json\/wp\/v2\/product"}],"about":[{"href":"https:\/\/ceoparts.com\/es\/wp-json\/wp\/v2\/types\/product"}],"wp:featuredmedia":[{"embeddable":true,"href":"https:\/\/ceoparts.com\/es\/wp-json\/wp\/v2\/media\/15284"}],"wp:attachment":[{"href":"https:\/\/ceoparts.com\/es\/wp-json\/wp\/v2\/media?parent=15282"}],"wp:term":[{"taxonomy":"product_brand","embeddable":true,"href":"https:\/\/ceoparts.com\/es\/wp-json\/wp\/v2\/product_brand?post=15282"},{"taxonomy":"product_cat","embeddable":true,"href":"https:\/\/ceoparts.com\/es\/wp-json\/wp\/v2\/product_cat?post=15282"},{"taxonomy":"product_tag","embeddable":true,"href":"https:\/\/ceoparts.com\/es\/wp-json\/wp\/v2\/product_tag?post=15282"}],"curies":[{"name":"wp","href":"https:\/\/api.w.org\/{rel}","templated":true}]}}