{"id":15290,"date":"2025-02-20T14:41:02","date_gmt":"2025-02-20T11:41:02","guid":{"rendered":"https:\/\/ceoparts.com\/?post_type=product&#038;p=15290"},"modified":"2026-05-16T22:32:09","modified_gmt":"2026-05-16T19:32:09","slug":"linde-destek-t-baglanti-parcasi-3925271906","status":"publish","type":"product","link":"https:\/\/ceoparts.com\/es\/urun\/linde-destek-t-baglanti-parcasi-3925271906\/","title":{"rendered":"Parte de conexi\u00f3n en T de soporte Linde &#8211; 3925271906"},"content":{"rendered":"<p>Parte de conexi\u00f3n en T de soporte Linde &#8211; 3925271906<\/p>","protected":false},"excerpt":{"rendered":"<p data-start=\"46\" data-end=\"514\"><br data-start=\"4418\" data-end=\"4421\" \/>La <strong data-start=\"4424\" data-end=\"4467\">pieza de conexi\u00f3n en T de soporte Linde<\/strong> es un componente de conexi\u00f3n duradero y funcional utilizado en los sistemas hidr\u00e1ulicos y mec\u00e1nicos de carretillas elevadoras y maquinaria industrial. Su dise\u00f1o en forma de T permite conexiones seguras y herm\u00e9ticas entre mangueras y tuber\u00edas. Ayuda a mantener el rendimiento hidr\u00e1ulico y previene posibles fallos. Fabricado en aleaci\u00f3n met\u00e1lica de alta resistencia para una larga vida \u00fatil.<\/p>\n<p data-start=\"4860\" data-end=\"5147\"><strong data-start=\"4860\" data-end=\"4880\">Caracter\u00edsticas:<\/strong><br data-start=\"4880\" data-end=\"4883\" \/><strong data-start=\"4883\" data-end=\"4907\">Nombre del producto:<\/strong> Pieza de conexi\u00f3n en T de soporte Linde<br data-start=\"4947\" data-end=\"4950\" \/><strong data-start=\"4950\" data-end=\"4970\">C\u00f3digo de pieza:<\/strong> 3925271906<br data-start=\"4981\" data-end=\"4984\" \/><strong data-start=\"4984\" data-end=\"4997\">Material:<\/strong> Aleaci\u00f3n met\u00e1lica de alta resistencia<br data-start=\"5035\" data-end=\"5038\" \/><strong data-start=\"5038\" data-end=\"5053\">Aplicaci\u00f3n:<\/strong> Sistemas de conexi\u00f3n hidr\u00e1ulicos y mec\u00e1nicos<br data-start=\"5098\" data-end=\"5101\" \/><strong data-start=\"5101\" data-end=\"5113\">Ventaja:<\/strong> Duradera, herm\u00e9tica y confiable<\/p>\n<p data-start=\"5149\" data-end=\"5152\" data-is-last-node=\"\" data-is-only-node=\"\">\n","protected":false},"featured_media":15293,"template":"","meta":[],"product_brand":[],"product_cat":[246,470,523],"product_tag":[],"class_list":{"0":"post-15290","1":"product","2":"type-product","3":"status-publish","4":"has-post-thumbnail","6":"product_cat-linde","7":"product_cat-diger-yedek-parcalar","8":"product_cat-yedek-parca-linde","10":"first","11":"instock","12":"taxable","13":"shipping-taxable","14":"purchasable","15":"product-type-simple"},"_links":{"self":[{"href":"https:\/\/ceoparts.com\/es\/wp-json\/wp\/v2\/product\/15290","targetHints":{"allow":["GET"]}}],"collection":[{"href":"https:\/\/ceoparts.com\/es\/wp-json\/wp\/v2\/product"}],"about":[{"href":"https:\/\/ceoparts.com\/es\/wp-json\/wp\/v2\/types\/product"}],"wp:featuredmedia":[{"embeddable":true,"href":"https:\/\/ceoparts.com\/es\/wp-json\/wp\/v2\/media\/15293"}],"wp:attachment":[{"href":"https:\/\/ceoparts.com\/es\/wp-json\/wp\/v2\/media?parent=15290"}],"wp:term":[{"taxonomy":"product_brand","embeddable":true,"href":"https:\/\/ceoparts.com\/es\/wp-json\/wp\/v2\/product_brand?post=15290"},{"taxonomy":"product_cat","embeddable":true,"href":"https:\/\/ceoparts.com\/es\/wp-json\/wp\/v2\/product_cat?post=15290"},{"taxonomy":"product_tag","embeddable":true,"href":"https:\/\/ceoparts.com\/es\/wp-json\/wp\/v2\/product_tag?post=15290"}],"curies":[{"name":"wp","href":"https:\/\/api.w.org\/{rel}","templated":true}]}}