{"id":15308,"date":"2025-02-20T15:16:06","date_gmt":"2025-02-20T12:16:06","guid":{"rendered":"https:\/\/ceoparts.com\/?post_type=product&#038;p=15308"},"modified":"2026-05-16T18:58:25","modified_gmt":"2026-05-16T15:58:25","slug":"still-linde-l16-exvsf-mekanizma-baglanti-ayagi-11734511900","status":"publish","type":"product","link":"https:\/\/ceoparts.com\/es\/urun\/still-linde-l16-exvsf-mekanizma-baglanti-ayagi-11734511900\/","title":{"rendered":"Still \/ Linde L16\/EXVSF Pie de conexi\u00f3n del mecanismo &#8211; 11734511900"},"content":{"rendered":"<p>Still \/ Linde L16\/EXVSF Pie de conexi\u00f3n del mecanismo &#8211; 11734511900<\/p>","protected":false},"excerpt":{"rendered":"<p data-start=\"64\" data-end=\"496\"><br data-start=\"4326\" data-end=\"4329\" \/>El <strong data-start=\"4332\" data-end=\"4389\">pie de conexi\u00f3n del mecanismo Still \/ Linde L16\/EXVSF<\/strong> es un componente de conexi\u00f3n cr\u00edtico en los sistemas mec\u00e1nicos de montacargas y m\u00e1quinas industriales. Esta pieza altamente duradera une de forma segura los componentes m\u00f3viles de la m\u00e1quina y minimiza las vibraciones, asegurando rendimiento y fiabilidad durante la operaci\u00f3n. Dise\u00f1ado con t\u00e9cnicas de fabricaci\u00f3n precisas, ofrece una instalaci\u00f3n f\u00e1cil y un uso prolongado.<\/p>\n<p data-start=\"4765\" data-end=\"5036\"><strong data-start=\"4765\" data-end=\"4785\">Caracter\u00edsticas:<\/strong><br data-start=\"4785\" data-end=\"4788\" \/><strong data-start=\"4788\" data-end=\"4807\">Compatibilidad:<\/strong> modelos Still y Linde L16\/EXVSF<br data-start=\"4839\" data-end=\"4842\" \/><strong data-start=\"4842\" data-end=\"4854\">Funci\u00f3n:<\/strong> pie de conexi\u00f3n del mecanismo<br data-start=\"4884\" data-end=\"4887\" \/><strong data-start=\"4887\" data-end=\"4903\">Durabilidad:<\/strong> alta durabilidad y reducci\u00f3n de vibraciones<br data-start=\"4947\" data-end=\"4950\" \/><strong data-start=\"4950\" data-end=\"4966\">Instalaci\u00f3n:<\/strong> f\u00e1cil instalaci\u00f3n<br data-start=\"4984\" data-end=\"4987\" \/><strong data-start=\"4987\" data-end=\"5002\">Aplicaci\u00f3n:<\/strong> montacargas y maquinaria pesada<\/p>\n<p data-start=\"5038\" data-end=\"5041\" data-is-last-node=\"\" data-is-only-node=\"\">\n","protected":false},"featured_media":15310,"template":"","meta":[],"product_brand":[],"product_cat":[241,246,470,523,524],"product_tag":[],"class_list":{"0":"post-15308","1":"product","2":"type-product","3":"status-publish","4":"has-post-thumbnail","6":"product_cat-still","7":"product_cat-linde","8":"product_cat-diger-yedek-parcalar","9":"product_cat-yedek-parca-linde","10":"product_cat-yedek-parca-still","12":"first","13":"instock","14":"taxable","15":"shipping-taxable","16":"purchasable","17":"product-type-simple"},"_links":{"self":[{"href":"https:\/\/ceoparts.com\/es\/wp-json\/wp\/v2\/product\/15308","targetHints":{"allow":["GET"]}}],"collection":[{"href":"https:\/\/ceoparts.com\/es\/wp-json\/wp\/v2\/product"}],"about":[{"href":"https:\/\/ceoparts.com\/es\/wp-json\/wp\/v2\/types\/product"}],"wp:featuredmedia":[{"embeddable":true,"href":"https:\/\/ceoparts.com\/es\/wp-json\/wp\/v2\/media\/15310"}],"wp:attachment":[{"href":"https:\/\/ceoparts.com\/es\/wp-json\/wp\/v2\/media?parent=15308"}],"wp:term":[{"taxonomy":"product_brand","embeddable":true,"href":"https:\/\/ceoparts.com\/es\/wp-json\/wp\/v2\/product_brand?post=15308"},{"taxonomy":"product_cat","embeddable":true,"href":"https:\/\/ceoparts.com\/es\/wp-json\/wp\/v2\/product_cat?post=15308"},{"taxonomy":"product_tag","embeddable":true,"href":"https:\/\/ceoparts.com\/es\/wp-json\/wp\/v2\/product_tag?post=15308"}],"curies":[{"name":"wp","href":"https:\/\/api.w.org\/{rel}","templated":true}]}}