{"id":15317,"date":"2025-02-20T15:39:40","date_gmt":"2025-02-20T12:39:40","guid":{"rendered":"https:\/\/ceoparts.com\/?post_type=product&#038;p=15317"},"modified":"2026-05-16T18:58:01","modified_gmt":"2026-05-16T15:58:01","slug":"jungheinrich-joystick-parcasi-51385524-51354632","status":"publish","type":"product","link":"https:\/\/ceoparts.com\/es\/urun\/jungheinrich-joystick-parcasi-51385524-51354632\/","title":{"rendered":"Parte de joystick Jungheinrich &#8211; 51385524, 51354632"},"content":{"rendered":"<p>Parte de joystick Jungheinrich &#8211; 51385524, 51354632<\/p>","protected":false},"excerpt":{"rendered":"<p data-start=\"52\" data-end=\"500\"><br data-start=\"4663\" data-end=\"4666\" \/>La <strong data-start=\"4669\" data-end=\"4703\">pieza de joystick Jungheinrich<\/strong> es un componente esencial para el control preciso de carretillas elevadoras y maquinaria industrial. Su dise\u00f1o ergon\u00f3mico mejora la comodidad del operador, mientras que sus materiales duraderos aseguran un uso prolongado. Estas piezas de joystick est\u00e1n dise\u00f1adas para gestionar con precisi\u00f3n y seguridad los movimientos y funciones de la carretilla. F\u00e1cil de instalar y totalmente compatible, apoyan el rendimiento \u00f3ptimo de la maquinaria Jungheinrich.<\/p>\n<p data-start=\"5158\" data-end=\"5470\"><strong data-start=\"5158\" data-end=\"5178\">Caracter\u00edsticas:<\/strong><br data-start=\"5178\" data-end=\"5181\" \/><strong data-start=\"5181\" data-end=\"5200\">Compatibilidad:<\/strong> Carretillas elevadoras y maquinaria industrial Jungheinrich<br data-start=\"5260\" data-end=\"5263\" \/><strong data-start=\"5263\" data-end=\"5276\">Material:<\/strong> Pl\u00e1stico y metal de alta calidad y duradero<br data-start=\"5320\" data-end=\"5323\" \/><strong data-start=\"5323\" data-end=\"5335\">Funci\u00f3n:<\/strong> Control preciso de movimientos y funciones<br data-start=\"5378\" data-end=\"5381\" \/><strong data-start=\"5381\" data-end=\"5395\">Ergonom\u00eda:<\/strong> Comodidad para el operador<br data-start=\"5422\" data-end=\"5425\" \/><strong data-start=\"5425\" data-end=\"5441\">Instalaci\u00f3n:<\/strong> Instalaci\u00f3n f\u00e1cil y r\u00e1pida<\/p>\n<p data-start=\"5472\" data-end=\"5475\" data-is-last-node=\"\" data-is-only-node=\"\">\n","protected":false},"featured_media":15319,"template":"","meta":[],"product_brand":[],"product_cat":[236,470,522],"product_tag":[],"class_list":{"0":"post-15317","1":"product","2":"type-product","3":"status-publish","4":"has-post-thumbnail","6":"product_cat-jungheinrich","7":"product_cat-diger-yedek-parcalar","8":"product_cat-yedek-parca-jungheinrich","10":"first","11":"instock","12":"taxable","13":"shipping-taxable","14":"purchasable","15":"product-type-simple"},"_links":{"self":[{"href":"https:\/\/ceoparts.com\/es\/wp-json\/wp\/v2\/product\/15317","targetHints":{"allow":["GET"]}}],"collection":[{"href":"https:\/\/ceoparts.com\/es\/wp-json\/wp\/v2\/product"}],"about":[{"href":"https:\/\/ceoparts.com\/es\/wp-json\/wp\/v2\/types\/product"}],"wp:featuredmedia":[{"embeddable":true,"href":"https:\/\/ceoparts.com\/es\/wp-json\/wp\/v2\/media\/15319"}],"wp:attachment":[{"href":"https:\/\/ceoparts.com\/es\/wp-json\/wp\/v2\/media?parent=15317"}],"wp:term":[{"taxonomy":"product_brand","embeddable":true,"href":"https:\/\/ceoparts.com\/es\/wp-json\/wp\/v2\/product_brand?post=15317"},{"taxonomy":"product_cat","embeddable":true,"href":"https:\/\/ceoparts.com\/es\/wp-json\/wp\/v2\/product_cat?post=15317"},{"taxonomy":"product_tag","embeddable":true,"href":"https:\/\/ceoparts.com\/es\/wp-json\/wp\/v2\/product_tag?post=15317"}],"curies":[{"name":"wp","href":"https:\/\/api.w.org\/{rel}","templated":true}]}}