{"id":15329,"date":"2025-02-20T15:58:05","date_gmt":"2025-02-20T12:58:05","guid":{"rendered":"https:\/\/ceoparts.com\/?post_type=product&#038;p=15329"},"modified":"2026-05-16T22:33:15","modified_gmt":"2026-05-16T19:33:15","slug":"norma-icten-sogutmali-alternator-12v-40amper-12-5-kayis-nrt03277","status":"publish","type":"product","link":"https:\/\/ceoparts.com\/es\/urun\/norma-icten-sogutmali-alternator-12v-40amper-12-5-kayis-nrt03277\/","title":{"rendered":"Alternador Norma con enfriamiento interno 12V\/40Amp (12,5 Correa) &#8211; NRT03277"},"content":{"rendered":"<p>Alternador Norma con enfriamiento interno 12V\/40Amp (12,5 Correa) &#8211; NRT03277<\/p>","protected":false},"excerpt":{"rendered":"<p data-start=\"71\" data-end=\"554\"><br data-start=\"4643\" data-end=\"4646\" \/>El <strong data-start=\"4649\" data-end=\"4727\">alternador Norma de refrigeraci\u00f3n interna 12V\/40 Amperios (correa 12,5 mm)<\/strong> es un alternador de alta calidad dise\u00f1ado para carretillas elevadoras y maquinaria industrial, que garantiza un funcionamiento fiable de los sistemas el\u00e9ctricos. Con un voltaje de 12V y una potencia de 40 Amperios, satisface eficazmente las necesidades energ\u00e9ticas de los componentes el\u00e9ctricos. Su sistema de refrigeraci\u00f3n interna evita el sobrecalentamiento y proporciona una larga vida \u00fatil. Compatible con sistemas que utilizan correa de 12,5 mm para una f\u00e1cil instalaci\u00f3n.<\/p>\n<p data-start=\"5207\" data-end=\"5477\"><strong data-start=\"5207\" data-end=\"5227\">Caracter\u00edsticas:<\/strong><br data-start=\"5227\" data-end=\"5230\" \/><strong data-start=\"5230\" data-end=\"5242\">Voltaje:<\/strong> 12V<br data-start=\"5246\" data-end=\"5249\" \/><strong data-start=\"5249\" data-end=\"5262\">Potencia:<\/strong> 40 Amperios<br data-start=\"5274\" data-end=\"5277\" \/><strong data-start=\"5277\" data-end=\"5303\">Tipo de refrigeraci\u00f3n:<\/strong> Refrigeraci\u00f3n interna<br data-start=\"5325\" data-end=\"5328\" \/><strong data-start=\"5328\" data-end=\"5348\">Ancho de correa:<\/strong> 12,5 mm<br data-start=\"5356\" data-end=\"5359\" \/><strong data-start=\"5359\" data-end=\"5374\">Aplicaci\u00f3n:<\/strong> Carretillas elevadoras y maquinaria industrial<br data-start=\"5421\" data-end=\"5424\" \/><strong data-start=\"5424\" data-end=\"5440\">Durabilidad:<\/strong> Alto rendimiento y larga vida \u00fatil<\/p>\n<p data-start=\"5479\" data-end=\"5482\" data-is-last-node=\"\" data-is-only-node=\"\">\n","protected":false},"featured_media":15331,"template":"","meta":[],"product_brand":[],"product_cat":[470],"product_tag":[],"class_list":{"0":"post-15329","1":"product","2":"type-product","3":"status-publish","4":"has-post-thumbnail","6":"product_cat-diger-yedek-parcalar","8":"first","9":"instock","10":"taxable","11":"shipping-taxable","12":"purchasable","13":"product-type-simple"},"_links":{"self":[{"href":"https:\/\/ceoparts.com\/es\/wp-json\/wp\/v2\/product\/15329","targetHints":{"allow":["GET"]}}],"collection":[{"href":"https:\/\/ceoparts.com\/es\/wp-json\/wp\/v2\/product"}],"about":[{"href":"https:\/\/ceoparts.com\/es\/wp-json\/wp\/v2\/types\/product"}],"wp:featuredmedia":[{"embeddable":true,"href":"https:\/\/ceoparts.com\/es\/wp-json\/wp\/v2\/media\/15331"}],"wp:attachment":[{"href":"https:\/\/ceoparts.com\/es\/wp-json\/wp\/v2\/media?parent=15329"}],"wp:term":[{"taxonomy":"product_brand","embeddable":true,"href":"https:\/\/ceoparts.com\/es\/wp-json\/wp\/v2\/product_brand?post=15329"},{"taxonomy":"product_cat","embeddable":true,"href":"https:\/\/ceoparts.com\/es\/wp-json\/wp\/v2\/product_cat?post=15329"},{"taxonomy":"product_tag","embeddable":true,"href":"https:\/\/ceoparts.com\/es\/wp-json\/wp\/v2\/product_tag?post=15329"}],"curies":[{"name":"wp","href":"https:\/\/api.w.org\/{rel}","templated":true}]}}