{"id":15341,"date":"2025-02-20T16:09:51","date_gmt":"2025-02-20T13:09:51","guid":{"rendered":"https:\/\/ceoparts.com\/?post_type=product&#038;p=15341"},"modified":"2026-05-16T19:58:53","modified_gmt":"2026-05-16T16:58:53","slug":"jungheinrich-microswitch-50053117","status":"publish","type":"product","link":"https:\/\/ceoparts.com\/es\/urun\/jungheinrich-microswitch-50053117\/","title":{"rendered":"Microrruptor Jungheinrich &#8211; 50053117"},"content":{"rendered":"<p>Microrruptor Jungheinrich &#8211; 50053117<\/p>","protected":false},"excerpt":{"rendered":"<p data-start=\"41\" data-end=\"427\"><br data-start=\"4302\" data-end=\"4305\" \/>El <strong data-start=\"4308\" data-end=\"4336\">microswitch Jungheinrich<\/strong> es un interruptor altamente sensible y fiable utilizado en los <strong data-start=\"4400\" data-end=\"4459\">sistemas de control el\u00e9ctrico de carretillas elevadoras<\/strong>. Detecta r\u00e1pidamente las \u00f3rdenes del operador, asegurando el <strong data-start=\"4521\" data-end=\"4576\">funcionamiento correcto de los circuitos de control<\/strong>. Fabricado con <strong data-start=\"4592\" data-end=\"4616\">materiales duraderos<\/strong>, este microswitch ofrece un rendimiento duradero y es completamente compatible con los modelos Jungheinrich.<\/p>\n<p data-start=\"4727\" data-end=\"5032\"><strong data-start=\"4727\" data-end=\"4747\">Caracter\u00edsticas:<\/strong><br data-start=\"4747\" data-end=\"4750\" \/><strong data-start=\"4750\" data-end=\"4765\">Aplicaci\u00f3n:<\/strong> Sistemas de control el\u00e9ctrico para carretillas elevadoras<br data-start=\"4823\" data-end=\"4826\" \/><strong data-start=\"4826\" data-end=\"4839\">Material:<\/strong> Componente electr\u00f3nico de alta calidad<br data-start=\"4878\" data-end=\"4881\" \/><strong data-start=\"4881\" data-end=\"4893\">Funci\u00f3n:<\/strong> Conmutaci\u00f3n precisa y transmisi\u00f3n de se\u00f1al<br data-start=\"4936\" data-end=\"4939\" \/><strong data-start=\"4939\" data-end=\"4958\">Compatibilidad:<\/strong> Modelos Jungheinrich<br data-start=\"4979\" data-end=\"4982\" \/><strong data-start=\"4982\" data-end=\"4998\">Durabilidad:<\/strong> Construcci\u00f3n robusta y duradera<\/p>\n<p data-start=\"5034\" data-end=\"5037\" data-is-last-node=\"\" data-is-only-node=\"\">\n","protected":false},"featured_media":15344,"template":"","meta":[],"product_brand":[],"product_cat":[236,469,522],"product_tag":[],"class_list":{"0":"post-15341","1":"product","2":"type-product","3":"status-publish","4":"has-post-thumbnail","6":"product_cat-jungheinrich","7":"product_cat-elektrik-ve-sistem-parcalari","8":"product_cat-yedek-parca-jungheinrich","10":"first","11":"instock","12":"taxable","13":"shipping-taxable","14":"purchasable","15":"product-type-simple"},"_links":{"self":[{"href":"https:\/\/ceoparts.com\/es\/wp-json\/wp\/v2\/product\/15341","targetHints":{"allow":["GET"]}}],"collection":[{"href":"https:\/\/ceoparts.com\/es\/wp-json\/wp\/v2\/product"}],"about":[{"href":"https:\/\/ceoparts.com\/es\/wp-json\/wp\/v2\/types\/product"}],"wp:featuredmedia":[{"embeddable":true,"href":"https:\/\/ceoparts.com\/es\/wp-json\/wp\/v2\/media\/15344"}],"wp:attachment":[{"href":"https:\/\/ceoparts.com\/es\/wp-json\/wp\/v2\/media?parent=15341"}],"wp:term":[{"taxonomy":"product_brand","embeddable":true,"href":"https:\/\/ceoparts.com\/es\/wp-json\/wp\/v2\/product_brand?post=15341"},{"taxonomy":"product_cat","embeddable":true,"href":"https:\/\/ceoparts.com\/es\/wp-json\/wp\/v2\/product_cat?post=15341"},{"taxonomy":"product_tag","embeddable":true,"href":"https:\/\/ceoparts.com\/es\/wp-json\/wp\/v2\/product_tag?post=15341"}],"curies":[{"name":"wp","href":"https:\/\/api.w.org\/{rel}","templated":true}]}}