{"id":15346,"date":"2025-02-20T17:14:14","date_gmt":"2025-02-20T14:14:14","guid":{"rendered":"https:\/\/ceoparts.com\/?post_type=product&#038;p=15346"},"modified":"2026-05-16T22:12:03","modified_gmt":"2026-05-16T19:12:03","slug":"hyster-yale-hiz-sensoru-5800450591541231","status":"publish","type":"product","link":"https:\/\/ceoparts.com\/es\/urun\/hyster-yale-hiz-sensoru-5800450591541231\/","title":{"rendered":"Sensor de velocidad Hyster \/ Yale &#8211; 580045059, 1541231"},"content":{"rendered":"<p>Sensor de velocidad Hyster \/ Yale &#8211; 580045059, 1541231<\/p>","protected":false},"excerpt":{"rendered":"<p data-start=\"200\" data-end=\"627\"><br data-start=\"4940\" data-end=\"4943\" \/><strong data-start=\"4943\" data-end=\"4980\">Sensor de velocidad Hyster \/ Yale<\/strong> es un componente electr\u00f3nico cr\u00edtico dise\u00f1ado para la <strong data-start=\"5035\" data-end=\"5093\">medici\u00f3n precisa y fiable de la velocidad del veh\u00edculo<\/strong> y su transmisi\u00f3n al sistema de control del montacargas. Permite una <strong data-start=\"5162\" data-end=\"5183\">conducci\u00f3n segura<\/strong>, <strong data-start=\"5185\" data-end=\"5212\">an\u00e1lisis de rendimiento<\/strong> y <strong data-start=\"5215\" data-end=\"5250\">gesti\u00f3n autom\u00e1tica de velocidad<\/strong>. Fabricado con <strong data-start=\"5266\" data-end=\"5308\">materiales duraderos y de alta calidad<\/strong>, ofrece un rendimiento prolongado incluso en entornos dif\u00edciles. Totalmente compatible con modelos Hyster y Yale.<\/p>\n<p data-start=\"5424\" data-end=\"5728\"><strong data-start=\"5424\" data-end=\"5444\">Caracter\u00edsticas:<\/strong><br data-start=\"5444\" data-end=\"5447\" \/><strong data-start=\"5447\" data-end=\"5462\">Aplicaci\u00f3n:<\/strong> Sistemas de medici\u00f3n de velocidad en montacargas<br data-start=\"5511\" data-end=\"5514\" \/><strong data-start=\"5514\" data-end=\"5527\">Material:<\/strong> Componentes electr\u00f3nicos de alta calidad<br data-start=\"5568\" data-end=\"5571\" \/><strong data-start=\"5571\" data-end=\"5590\">Compatibilidad:<\/strong> Montacargas Hyster &amp; Yale<br data-start=\"5616\" data-end=\"5619\" \/><strong data-start=\"5619\" data-end=\"5631\">Funci\u00f3n:<\/strong> Medici\u00f3n de velocidad y transmisi\u00f3n de datos<br data-start=\"5676\" data-end=\"5679\" \/><strong data-start=\"5679\" data-end=\"5695\">Durabilidad:<\/strong> Rendimiento estable y duradero<\/p>\n<p data-start=\"5730\" data-end=\"5733\">\n","protected":false},"featured_media":15348,"template":"","meta":[],"product_brand":[],"product_cat":[256,469,520],"product_tag":[],"class_list":{"0":"post-15346","1":"product","2":"type-product","3":"status-publish","4":"has-post-thumbnail","6":"product_cat-hyster","7":"product_cat-elektrik-ve-sistem-parcalari","8":"product_cat-yedek-parca-hyster","10":"first","11":"instock","12":"taxable","13":"shipping-taxable","14":"purchasable","15":"product-type-simple"},"_links":{"self":[{"href":"https:\/\/ceoparts.com\/es\/wp-json\/wp\/v2\/product\/15346","targetHints":{"allow":["GET"]}}],"collection":[{"href":"https:\/\/ceoparts.com\/es\/wp-json\/wp\/v2\/product"}],"about":[{"href":"https:\/\/ceoparts.com\/es\/wp-json\/wp\/v2\/types\/product"}],"wp:featuredmedia":[{"embeddable":true,"href":"https:\/\/ceoparts.com\/es\/wp-json\/wp\/v2\/media\/15348"}],"wp:attachment":[{"href":"https:\/\/ceoparts.com\/es\/wp-json\/wp\/v2\/media?parent=15346"}],"wp:term":[{"taxonomy":"product_brand","embeddable":true,"href":"https:\/\/ceoparts.com\/es\/wp-json\/wp\/v2\/product_brand?post=15346"},{"taxonomy":"product_cat","embeddable":true,"href":"https:\/\/ceoparts.com\/es\/wp-json\/wp\/v2\/product_cat?post=15346"},{"taxonomy":"product_tag","embeddable":true,"href":"https:\/\/ceoparts.com\/es\/wp-json\/wp\/v2\/product_tag?post=15346"}],"curies":[{"name":"wp","href":"https:\/\/api.w.org\/{rel}","templated":true}]}}