{"id":15378,"date":"2025-02-21T10:13:49","date_gmt":"2025-02-21T07:13:49","guid":{"rendered":"https:\/\/ceoparts.com\/?post_type=product&#038;p=15378"},"modified":"2026-05-16T17:29:05","modified_gmt":"2026-05-16T14:29:05","slug":"linde-karin-butonu-ic-plastigi-3005430307","status":"publish","type":"product","link":"https:\/\/ceoparts.com\/es\/urun\/linde-karin-butonu-ic-plastigi-3005430307\/","title":{"rendered":"Pl\u00e1stico interior del bot\u00f3n de vientre Linde &#8211; 3005430307"},"content":{"rendered":"<p>Pl\u00e1stico interior del bot\u00f3n de vientre Linde &#8211; 3005430307<\/p>","protected":false},"excerpt":{"rendered":"<p data-start=\"253\" data-end=\"500\">\n<strong data-start=\"2924\" data-end=\"2970\">Pl\u00e1stico interior del bot\u00f3n de panza Linde<\/strong> utilizado en el mecanismo interno del bot\u00f3n en carretillas elevadoras. Fabricado en pl\u00e1stico resistente, ofrece una larga vida \u00fatil y gran resistencia. Su f\u00e1cil instalaci\u00f3n reduce los tiempos de mantenimiento.<\/p>\n<p data-start=\"3182\" data-end=\"3366\"><strong data-start=\"3182\" data-end=\"3202\">Caracter\u00edsticas:<\/strong><br data-start=\"3202\" data-end=\"3205\" \/><strong data-start=\"3205\" data-end=\"3218\">Material:<\/strong> Pl\u00e1stico resistente<br data-start=\"3238\" data-end=\"3241\" \/><strong data-start=\"3241\" data-end=\"3256\">Aplicaci\u00f3n:<\/strong> Mecanismo interno del bot\u00f3n en carretillas elevadoras<br data-start=\"3310\" data-end=\"3313\" \/><strong data-start=\"3313\" data-end=\"3329\">Durabilidad:<\/strong> Alta resistencia y larga vida \u00fatil<\/p>\n<p data-start=\"3368\" data-end=\"3371\">\n","protected":false},"featured_media":15379,"template":"","meta":[],"product_brand":[],"product_cat":[246,470,523],"product_tag":[],"class_list":{"0":"post-15378","1":"product","2":"type-product","3":"status-publish","4":"has-post-thumbnail","6":"product_cat-linde","7":"product_cat-diger-yedek-parcalar","8":"product_cat-yedek-parca-linde","10":"first","11":"instock","12":"taxable","13":"shipping-taxable","14":"purchasable","15":"product-type-simple"},"_links":{"self":[{"href":"https:\/\/ceoparts.com\/es\/wp-json\/wp\/v2\/product\/15378","targetHints":{"allow":["GET"]}}],"collection":[{"href":"https:\/\/ceoparts.com\/es\/wp-json\/wp\/v2\/product"}],"about":[{"href":"https:\/\/ceoparts.com\/es\/wp-json\/wp\/v2\/types\/product"}],"wp:featuredmedia":[{"embeddable":true,"href":"https:\/\/ceoparts.com\/es\/wp-json\/wp\/v2\/media\/15379"}],"wp:attachment":[{"href":"https:\/\/ceoparts.com\/es\/wp-json\/wp\/v2\/media?parent=15378"}],"wp:term":[{"taxonomy":"product_brand","embeddable":true,"href":"https:\/\/ceoparts.com\/es\/wp-json\/wp\/v2\/product_brand?post=15378"},{"taxonomy":"product_cat","embeddable":true,"href":"https:\/\/ceoparts.com\/es\/wp-json\/wp\/v2\/product_cat?post=15378"},{"taxonomy":"product_tag","embeddable":true,"href":"https:\/\/ceoparts.com\/es\/wp-json\/wp\/v2\/product_tag?post=15378"}],"curies":[{"name":"wp","href":"https:\/\/api.w.org\/{rel}","templated":true}]}}