{"id":15383,"date":"2025-02-21T10:22:18","date_gmt":"2025-02-21T07:22:18","guid":{"rendered":"https:\/\/ceoparts.com\/?post_type=product&#038;p=15383"},"modified":"2026-05-16T19:47:52","modified_gmt":"2026-05-16T16:47:52","slug":"linde-korna-butonu-3005471900","status":"publish","type":"product","link":"https:\/\/ceoparts.com\/es\/urun\/linde-korna-butonu-3005471900\/","title":{"rendered":"Bot\u00f3n de bocina Linde &#8211; 3005471900"},"content":{"rendered":"<p>Bot\u00f3n de bocina Linde &#8211; 3005471900<\/p>","protected":false},"excerpt":{"rendered":"<p data-start=\"0\" data-end=\"403\"><br data-start=\"4202\" data-end=\"4205\" \/>El bot\u00f3n de bocina Linde \u2013 3005471900 es un componente duradero y f\u00e1cil de usar dise\u00f1ado para mejorar la seguridad del operador y facilitar la comunicaci\u00f3n en montacargas. Este bot\u00f3n de bocina se integra con el sistema el\u00e9ctrico del montacargas para ofrecer un alto rendimiento y funciona de manera fiable incluso en condiciones de trabajo exigentes. Ayuda al operador a responder r\u00e1pidamente y apoya la seguridad en el lugar de trabajo.<\/p>\n<p data-start=\"4644\" data-end=\"4915\"><strong data-start=\"4644\" data-end=\"4664\">Caracter\u00edsticas:<\/strong><br data-start=\"4664\" data-end=\"4667\" \/><strong data-start=\"4667\" data-end=\"4678\">Modelo:<\/strong> Bot\u00f3n de bocina<br data-start=\"4694\" data-end=\"4697\" \/><strong data-start=\"4697\" data-end=\"4717\">N\u00famero de pieza:<\/strong> 3005471900<br data-start=\"4728\" data-end=\"4731\" \/><strong data-start=\"4731\" data-end=\"4744\">Material:<\/strong> Componentes duraderos de pl\u00e1stico y metal<br data-start=\"4786\" data-end=\"4789\" \/><strong data-start=\"4789\" data-end=\"4808\">Compatibilidad:<\/strong> Totalmente compatible con modelos de montacargas Linde<br data-start=\"4863\" data-end=\"4866\" \/><strong data-start=\"4866\" data-end=\"4878\">Funci\u00f3n:<\/strong> Se\u00f1al de bocina potente y sensible<\/p>\n<p data-start=\"4917\" data-end=\"4920\" data-is-last-node=\"\" data-is-only-node=\"\">\n","protected":false},"featured_media":15384,"template":"","meta":[],"product_brand":[],"product_cat":[246,454,523],"product_tag":[],"class_list":{"0":"post-15383","1":"product","2":"type-product","3":"status-publish","4":"has-post-thumbnail","6":"product_cat-linde","7":"product_cat-switch-ve-buton","8":"product_cat-yedek-parca-linde","10":"first","11":"instock","12":"taxable","13":"shipping-taxable","14":"purchasable","15":"product-type-simple"},"_links":{"self":[{"href":"https:\/\/ceoparts.com\/es\/wp-json\/wp\/v2\/product\/15383","targetHints":{"allow":["GET"]}}],"collection":[{"href":"https:\/\/ceoparts.com\/es\/wp-json\/wp\/v2\/product"}],"about":[{"href":"https:\/\/ceoparts.com\/es\/wp-json\/wp\/v2\/types\/product"}],"wp:featuredmedia":[{"embeddable":true,"href":"https:\/\/ceoparts.com\/es\/wp-json\/wp\/v2\/media\/15384"}],"wp:attachment":[{"href":"https:\/\/ceoparts.com\/es\/wp-json\/wp\/v2\/media?parent=15383"}],"wp:term":[{"taxonomy":"product_brand","embeddable":true,"href":"https:\/\/ceoparts.com\/es\/wp-json\/wp\/v2\/product_brand?post=15383"},{"taxonomy":"product_cat","embeddable":true,"href":"https:\/\/ceoparts.com\/es\/wp-json\/wp\/v2\/product_cat?post=15383"},{"taxonomy":"product_tag","embeddable":true,"href":"https:\/\/ceoparts.com\/es\/wp-json\/wp\/v2\/product_tag?post=15383"}],"curies":[{"name":"wp","href":"https:\/\/api.w.org\/{rel}","templated":true}]}}