{"id":15388,"date":"2025-02-21T10:27:48","date_gmt":"2025-02-21T07:27:48","guid":{"rendered":"https:\/\/ceoparts.com\/?post_type=product&#038;p=15388"},"modified":"2026-05-16T18:41:08","modified_gmt":"2026-05-16T15:41:08","slug":"still-exu16-egv16-kol-50025470102","status":"publish","type":"product","link":"https:\/\/ceoparts.com\/es\/urun\/still-exu16-egv16-kol-50025470102\/","title":{"rendered":"Still Exu16 &#8211; Egv16 Kol &#8211; 50025470102"},"content":{"rendered":"<p>Still Exu16 &#8211; Egv16 Kol &#8211; 50025470102<\/p>\n","protected":false},"excerpt":{"rendered":"<p data-start=\"0\" data-end=\"418\"><br data-start=\"4327\" data-end=\"4330\" \/>El brazo Still Exu16 \u2013 Egv16 \u2013 50025470102 es un brazo de conexi\u00f3n de alta calidad dise\u00f1ado para proporcionar un control preciso y un rendimiento eficiente en montacargas. Fabricado con materiales duraderos, este brazo trabaja en armon\u00eda con los mecanismos de movimiento del montacargas, contribuyendo a una operaci\u00f3n segura y c\u00f3moda para el operador. Su construcci\u00f3n duradera y robusta garantiza un rendimiento excelente incluso en condiciones de trabajo exigentes.<\/p>\n<p data-start=\"4798\" data-end=\"5061\"><strong data-start=\"4798\" data-end=\"4818\">Caracter\u00edsticas:<\/strong><br data-start=\"4818\" data-end=\"4821\" \/><strong data-start=\"4821\" data-end=\"4832\">Modelo:<\/strong> Exu16 \u2013 Egv16<br data-start=\"4846\" data-end=\"4849\" \/><strong data-start=\"4849\" data-end=\"4867\">Tipo de pieza:<\/strong> Brazo de conexi\u00f3n<br data-start=\"4885\" data-end=\"4888\" \/><strong data-start=\"4888\" data-end=\"4901\">Material:<\/strong> Aleaci\u00f3n met\u00e1lica duradera<br data-start=\"4928\" data-end=\"4931\" \/><strong data-start=\"4931\" data-end=\"4950\">Compatibilidad:<\/strong> Totalmente compatible con modelos de montacargas Still<br data-start=\"5005\" data-end=\"5008\" \/><strong data-start=\"5008\" data-end=\"5024\">Durabilidad:<\/strong> Larga vida \u00fatil y alta resistencia<\/p>\n<p data-start=\"5063\" data-end=\"5066\" data-is-last-node=\"\" data-is-only-node=\"\">\n","protected":false},"featured_media":15390,"template":"","meta":[],"product_brand":[],"product_cat":[241,470,524],"product_tag":[],"class_list":{"0":"post-15388","1":"product","2":"type-product","3":"status-publish","4":"has-post-thumbnail","6":"product_cat-still","7":"product_cat-diger-yedek-parcalar","8":"product_cat-yedek-parca-still","10":"first","11":"instock","12":"taxable","13":"shipping-taxable","14":"purchasable","15":"product-type-simple"},"_links":{"self":[{"href":"https:\/\/ceoparts.com\/es\/wp-json\/wp\/v2\/product\/15388","targetHints":{"allow":["GET"]}}],"collection":[{"href":"https:\/\/ceoparts.com\/es\/wp-json\/wp\/v2\/product"}],"about":[{"href":"https:\/\/ceoparts.com\/es\/wp-json\/wp\/v2\/types\/product"}],"wp:featuredmedia":[{"embeddable":true,"href":"https:\/\/ceoparts.com\/es\/wp-json\/wp\/v2\/media\/15390"}],"wp:attachment":[{"href":"https:\/\/ceoparts.com\/es\/wp-json\/wp\/v2\/media?parent=15388"}],"wp:term":[{"taxonomy":"product_brand","embeddable":true,"href":"https:\/\/ceoparts.com\/es\/wp-json\/wp\/v2\/product_brand?post=15388"},{"taxonomy":"product_cat","embeddable":true,"href":"https:\/\/ceoparts.com\/es\/wp-json\/wp\/v2\/product_cat?post=15388"},{"taxonomy":"product_tag","embeddable":true,"href":"https:\/\/ceoparts.com\/es\/wp-json\/wp\/v2\/product_tag?post=15388"}],"curies":[{"name":"wp","href":"https:\/\/api.w.org\/{rel}","templated":true}]}}