{"id":15395,"date":"2025-02-21T10:39:08","date_gmt":"2025-02-21T07:39:08","guid":{"rendered":"https:\/\/ceoparts.com\/?post_type=product&#038;p=15395"},"modified":"2026-05-16T09:35:03","modified_gmt":"2026-05-16T06:35:03","slug":"linde-l-serisi-indirme-kaldir-ic-gobek-3005430308","status":"publish","type":"product","link":"https:\/\/ceoparts.com\/es\/urun\/linde-l-serisi-indirme-kaldir-ic-gobek-3005430308\/","title":{"rendered":"Buje interior de elevaci\u00f3n y bajada Linde Serie L &#8211; 3005430308"},"content":{"rendered":"<p>Buje interior de elevaci\u00f3n y bajada Linde Serie L &#8211; 3005430308<\/p>","protected":false},"excerpt":{"rendered":"<p data-start=\"0\" data-end=\"427\"><br data-start=\"4790\" data-end=\"4793\" \/>El cubo interior de elevaci\u00f3n y descenso serie L de Linde \u2013 3005430308 es un componente hidr\u00e1ulico de alta calidad que desempe\u00f1a un papel fundamental en las operaciones de elevaci\u00f3n y descenso de montacargas. Este cubo interior ofrece <strong data-start=\"5028\" data-end=\"5048\">alta durabilidad<\/strong> y <strong data-start=\"5051\" data-end=\"5070\">larga vida \u00fatil<\/strong>, mejorando la eficiencia operativa del montacargas. Dise\u00f1ado con una artesan\u00eda precisa y un ajuste perfecto, garantiza un movimiento suave dentro del sistema hidr\u00e1ulico y contribuye a una manipulaci\u00f3n segura de las cargas.<\/p>\n<p data-start=\"5295\" data-end=\"5608\"><strong data-start=\"5295\" data-end=\"5315\">Caracter\u00edsticas:<\/strong><br data-start=\"5315\" data-end=\"5318\" \/><strong data-start=\"5318\" data-end=\"5329\">Modelo:<\/strong> Serie L<br data-start=\"5337\" data-end=\"5340\" \/><strong data-start=\"5340\" data-end=\"5352\">Funci\u00f3n:<\/strong> Cubo interior para operaciones de elevaci\u00f3n y descenso<br data-start=\"5407\" data-end=\"5410\" \/><strong data-start=\"5410\" data-end=\"5423\">Material:<\/strong> Aleaci\u00f3n met\u00e1lica duradera<br data-start=\"5450\" data-end=\"5453\" \/><strong data-start=\"5453\" data-end=\"5469\">Durabilidad:<\/strong> Alta resistencia al desgaste y larga vida \u00fatil<br data-start=\"5516\" data-end=\"5519\" \/><strong data-start=\"5519\" data-end=\"5538\">Compatibilidad:<\/strong> Totalmente compatible con sistemas hidr\u00e1ulicos de montacargas Linde<\/p>\n<p data-start=\"5610\" data-end=\"5613\" data-is-last-node=\"\" data-is-only-node=\"\">\n","protected":false},"featured_media":15398,"template":"","meta":[],"product_brand":[],"product_cat":[246,454,523],"product_tag":[],"class_list":{"0":"post-15395","1":"product","2":"type-product","3":"status-publish","4":"has-post-thumbnail","6":"product_cat-linde","7":"product_cat-switch-ve-buton","8":"product_cat-yedek-parca-linde","10":"first","11":"instock","12":"taxable","13":"shipping-taxable","14":"purchasable","15":"product-type-simple"},"_links":{"self":[{"href":"https:\/\/ceoparts.com\/es\/wp-json\/wp\/v2\/product\/15395","targetHints":{"allow":["GET"]}}],"collection":[{"href":"https:\/\/ceoparts.com\/es\/wp-json\/wp\/v2\/product"}],"about":[{"href":"https:\/\/ceoparts.com\/es\/wp-json\/wp\/v2\/types\/product"}],"wp:featuredmedia":[{"embeddable":true,"href":"https:\/\/ceoparts.com\/es\/wp-json\/wp\/v2\/media\/15398"}],"wp:attachment":[{"href":"https:\/\/ceoparts.com\/es\/wp-json\/wp\/v2\/media?parent=15395"}],"wp:term":[{"taxonomy":"product_brand","embeddable":true,"href":"https:\/\/ceoparts.com\/es\/wp-json\/wp\/v2\/product_brand?post=15395"},{"taxonomy":"product_cat","embeddable":true,"href":"https:\/\/ceoparts.com\/es\/wp-json\/wp\/v2\/product_cat?post=15395"},{"taxonomy":"product_tag","embeddable":true,"href":"https:\/\/ceoparts.com\/es\/wp-json\/wp\/v2\/product_tag?post=15395"}],"curies":[{"name":"wp","href":"https:\/\/api.w.org\/{rel}","templated":true}]}}